{"id":1075,"date":"2023-04-14T16:00:22","date_gmt":"2023-04-14T19:00:22","guid":{"rendered":"https:\/\/ugab.org.br\/site\/?page_id=1075"},"modified":"2023-04-14T16:01:07","modified_gmt":"2023-04-14T19:01:07","slug":"avc","status":"publish","type":"page","link":"https:\/\/ugab.org.br\/site\/avc\/","title":{"rendered":"PROGRAMAS AVC"},"content":{"rendered":"\t\t<div data-elementor-type=\"wp-post\" data-elementor-id=\"1075\" class=\"elementor elementor-1075\" data-elementor-post-type=\"page\">\n\t\t\t\t\t\t<section class=\"elementor-section elementor-top-section elementor-element elementor-element-27412bf elementor-section-boxed elementor-section-height-default elementor-section-height-default wpr-particle-no wpr-jarallax-no wpr-parallax-no wpr-sticky-section-no\" data-id=\"27412bf\" data-element_type=\"section\" data-settings=\"{&quot;background_background&quot;:&quot;classic&quot;}\">\n\t\t\t\t\t\t<div class=\"elementor-container elementor-column-gap-default\">\n\t\t\t\t\t<div class=\"elementor-column elementor-col-100 elementor-top-column elementor-element elementor-element-6e8d2f2\" data-id=\"6e8d2f2\" data-element_type=\"column\">\n\t\t\t<div class=\"elementor-widget-wrap elementor-element-populated\">\n\t\t\t\t\t\t<div class=\"elementor-element elementor-element-a33d65d elementor-widget elementor-widget-elementskit-heading\" data-id=\"a33d65d\" data-element_type=\"widget\" data-widget_type=\"elementskit-heading.default\">\n\t\t\t\t<div class=\"elementor-widget-container\">\n\t\t\t\t\t<div class=\"ekit-wid-con\" ><div class=\"ekit-heading elementskit-section-title-wraper text_center   ekit_heading_tablet-   ekit_heading_mobile-\"><h3 class=\"elementskit-section-subtitle  elementskit-style-border\">\n\t\t\t\t\t\tPROGRAMAS\n\t\t\t\t\t<\/h3><h2 class=\"ekit-heading--title elementskit-section-title \">Armenian Virtual College<\/h2><\/div><\/div>\t\t\t\t<\/div>\n\t\t\t\t<\/div>\n\t\t\t\t<section class=\"elementor-section elementor-inner-section elementor-element elementor-element-0232b59 elementor-section-boxed elementor-section-height-default elementor-section-height-default wpr-particle-no wpr-jarallax-no wpr-parallax-no wpr-sticky-section-no\" data-id=\"0232b59\" data-element_type=\"section\">\n\t\t\t\t\t\t<div class=\"elementor-container elementor-column-gap-default\">\n\t\t\t\t\t<div class=\"elementor-column elementor-col-100 elementor-inner-column elementor-element elementor-element-1c1f797\" data-id=\"1c1f797\" data-element_type=\"column\">\n\t\t\t<div class=\"elementor-widget-wrap elementor-element-populated\">\n\t\t\t\t\t\t<div class=\"elementor-element elementor-element-ff90f1c elementor-widget elementor-widget-image\" data-id=\"ff90f1c\" data-element_type=\"widget\" data-widget_type=\"image.default\">\n\t\t\t\t<div class=\"elementor-widget-container\">\n\t\t\t\t\t\t\t\t\t\t\t\t\t\t\t<img fetchpriority=\"high\" decoding=\"async\" width=\"800\" height=\"533\" src=\"https:\/\/ugab.org.br\/site\/wp-content\/uploads\/2023\/03\/AVC3.png\" class=\"attachment-large size-large wp-image-958\" alt=\"\" srcset=\"https:\/\/ugab.org.br\/site\/wp-content\/uploads\/2023\/03\/AVC3.png 900w, https:\/\/ugab.org.br\/site\/wp-content\/uploads\/2023\/03\/AVC3-300x200.png 300w, https:\/\/ugab.org.br\/site\/wp-content\/uploads\/2023\/03\/AVC3-768x512.png 768w\" sizes=\"(max-width: 800px) 100vw, 800px\" \/>\t\t\t\t\t\t\t\t\t\t\t\t\t\t\t<\/div>\n\t\t\t\t<\/div>\n\t\t\t\t\t<\/div>\n\t\t<\/div>\n\t\t\t\t\t<\/div>\n\t\t<\/section>\n\t\t\t\t<section class=\"elementor-section elementor-inner-section elementor-element elementor-element-b761bca elementor-section-boxed elementor-section-height-default elementor-section-height-default wpr-particle-no wpr-jarallax-no wpr-parallax-no wpr-sticky-section-no\" data-id=\"b761bca\" data-element_type=\"section\">\n\t\t\t\t\t\t<div class=\"elementor-container elementor-column-gap-default\">\n\t\t\t\t\t<div class=\"elementor-column elementor-col-50 elementor-inner-column elementor-element elementor-element-0b59e68\" data-id=\"0b59e68\" data-element_type=\"column\">\n\t\t\t<div class=\"elementor-widget-wrap elementor-element-populated\">\n\t\t\t\t\t\t<div class=\"elementor-element elementor-element-ef5d3ea elementor-widget elementor-widget-text-editor\" data-id=\"ef5d3ea\" data-element_type=\"widget\" data-widget_type=\"text-editor.default\">\n\t\t\t\t<div class=\"elementor-widget-container\">\n\t\t\t\t\t\t\t\t\t<p>Primeira universidade virtual do mundo, o Armenian Virtual College (AVC) \u00e9 a plataforma de ensino \u00e0 dist\u00e2ncia da UGAB, que tem como objetivo principal facilitar os estudos arm\u00eanios por meio de novas tecnologias, ao oferecer aulas virtuais para qualquer pessoa interessada, independentemente da idade, pa\u00eds de resid\u00eancia e conhecimento pr\u00e9vio.<\/p><p>Lan\u00e7ado em 2009, o AVC oferece cursos credenciados de l\u00edngua arm\u00eania e diversos outros de cultura e hist\u00f3ria arm\u00eania, com enfoque em arquitetura, geografia, artes pl\u00e1sticas e m\u00fasica, al\u00e9m um programa de xadrez desenvolvido em colabora\u00e7\u00e3o com a Federa\u00e7\u00e3o Arm\u00eania de Xadrez.<\/p><p>As li\u00e7\u00f5es do AVC s\u00e3o preparadas de acordo com as necessidades individuais de cada um e os alunos participantes podem escolher entre sete idiomas para realizar os cursos: arm\u00eanio ocidental e oriental, ingl\u00eas, franc\u00eas, russo, espanhol e turco.<\/p>\t\t\t\t\t\t\t\t<\/div>\n\t\t\t\t<\/div>\n\t\t\t\t\t<\/div>\n\t\t<\/div>\n\t\t\t\t<div class=\"elementor-column elementor-col-50 elementor-inner-column elementor-element elementor-element-9645fee\" data-id=\"9645fee\" data-element_type=\"column\">\n\t\t\t<div class=\"elementor-widget-wrap elementor-element-populated\">\n\t\t\t\t\t\t<div class=\"elementor-element elementor-element-a37dd7b elementor-widget elementor-widget-text-editor\" data-id=\"a37dd7b\" data-element_type=\"widget\" data-widget_type=\"text-editor.default\">\n\t\t\t\t<div class=\"elementor-widget-container\">\n\t\t\t\t\t\t\t\t\t<p>Saiba mais sobre os cursos do Armenian Virtual College e como se inscrever acessando o site oficial, clicando\u00a0<a href=\"https:\/\/www.avc-agbu.org\/en.html\" target=\"_blank\" rel=\"noopener\">aqui<\/a>.<\/p><p>Mais do que isso, a UGAB est\u00e1 redefinindo a experi\u00eancia arm\u00eania por meio do ATLAS, que apresenta diversos materiais educacionais multim\u00eddia e inovadores, que est\u00e3o dispon\u00edveis para serem acessados por meio de seu smartphone, tablet ou computador, tudo com apenas um clique. Entre os temas sobre a Arm\u00eania, est\u00e3o: hist\u00f3ria, cultura, turismo, matem\u00e1tica, ci\u00eancias e t\u00f3picos atuais sobre economia, pol\u00edtica e cultura popular.<\/p><p>O download dos materiais \u2013 dispon\u00edveis em diversos idiomas \u2013 \u00e9 gratuito e pode ser realizado em alguns segundos. Para conhecer mais e saber tudo sobre a Arm\u00eania, acesse o site oficial do ATLAS, clicando\u00a0<a href=\"https:\/\/agbuatlas.org\/\" target=\"_blank\" rel=\"noopener\">aqui<\/a>.<\/p>\t\t\t\t\t\t\t\t<\/div>\n\t\t\t\t<\/div>\n\t\t\t\t\t<\/div>\n\t\t<\/div>\n\t\t\t\t\t<\/div>\n\t\t<\/section>\n\t\t\t\t\t<\/div>\n\t\t<\/div>\n\t\t\t\t\t<\/div>\n\t\t<\/section>\n\t\t\t\t<\/div>\n\t\t","protected":false},"excerpt":{"rendered":"<p>PROGRAMAS Armenian Virtual College Primeira universidade virtual do mundo, o Armenian Virtual College (AVC) \u00e9 a plataforma de ensino \u00e0 dist\u00e2ncia da UGAB, que tem como objetivo principal facilitar os estudos arm\u00eanios por meio de novas tecnologias, ao oferecer aulas virtuais para qualquer pessoa interessada, independentemente da idade, pa\u00eds de resid\u00eancia e conhecimento pr\u00e9vio. Lan\u00e7ado em 2009, o AVC oferece cursos credenciados de l\u00edngua arm\u00eania e diversos outros de cultura e hist\u00f3ria arm\u00eania, com enfoque em arquitetura, geografia, artes pl\u00e1sticas e m\u00fasica, al\u00e9m um programa de xadrez desenvolvido em colabora\u00e7\u00e3o com a Federa\u00e7\u00e3o Arm\u00eania de Xadrez. As li\u00e7\u00f5es do AVC s\u00e3o preparadas de acordo com as necessidades individuais de cada um e os alunos participantes podem escolher entre sete idiomas para realizar os cursos: arm\u00eanio ocidental e oriental, ingl\u00eas, franc\u00eas, russo, espanhol e turco. Saiba mais sobre os cursos do Armenian Virtual College e como se inscrever acessando o site oficial, clicando\u00a0aqui. Mais do que isso, a UGAB est\u00e1 redefinindo a experi\u00eancia arm\u00eania por meio do ATLAS, que apresenta diversos materiais educacionais multim\u00eddia e inovadores, que est\u00e3o dispon\u00edveis para serem acessados por meio de seu smartphone, tablet ou computador, tudo com apenas um clique. Entre os temas sobre a Arm\u00eania, est\u00e3o: hist\u00f3ria, cultura, turismo, matem\u00e1tica, ci\u00eancias e t\u00f3picos atuais sobre economia, pol\u00edtica e cultura popular. O download dos materiais \u2013 dispon\u00edveis em diversos idiomas \u2013 \u00e9 gratuito e pode ser realizado em alguns segundos. Para conhecer mais e saber tudo sobre a Arm\u00eania, acesse o site oficial do ATLAS, clicando\u00a0aqui.<\/p>\n","protected":false},"author":1,"featured_media":0,"parent":0,"menu_order":0,"comment_status":"closed","ping_status":"closed","template":"","meta":{"_joinchat":[],"footnotes":""},"class_list":["post-1075","page","type-page","status-publish","hentry"],"_links":{"self":[{"href":"https:\/\/ugab.org.br\/site\/wp-json\/wp\/v2\/pages\/1075","targetHints":{"allow":["GET"]}}],"collection":[{"href":"https:\/\/ugab.org.br\/site\/wp-json\/wp\/v2\/pages"}],"about":[{"href":"https:\/\/ugab.org.br\/site\/wp-json\/wp\/v2\/types\/page"}],"author":[{"embeddable":true,"href":"https:\/\/ugab.org.br\/site\/wp-json\/wp\/v2\/users\/1"}],"replies":[{"embeddable":true,"href":"https:\/\/ugab.org.br\/site\/wp-json\/wp\/v2\/comments?post=1075"}],"version-history":[{"count":4,"href":"https:\/\/ugab.org.br\/site\/wp-json\/wp\/v2\/pages\/1075\/revisions"}],"predecessor-version":[{"id":1079,"href":"https:\/\/ugab.org.br\/site\/wp-json\/wp\/v2\/pages\/1075\/revisions\/1079"}],"wp:attachment":[{"href":"https:\/\/ugab.org.br\/site\/wp-json\/wp\/v2\/media?parent=1075"}],"curies":[{"name":"wp","href":"https:\/\/api.w.org\/{rel}","templated":true}]}}