{"id":1262,"date":"2023-10-10T16:36:37","date_gmt":"2023-10-10T19:36:37","guid":{"rendered":"https:\/\/ugab.org.br\/site\/?page_id=1262"},"modified":"2023-10-11T21:46:25","modified_gmt":"2023-10-12T00:46:25","slug":"artsakh","status":"publish","type":"page","link":"https:\/\/ugab.org.br\/site\/artsakh\/","title":{"rendered":"ARTSAKH"},"content":{"rendered":"\t\t<div data-elementor-type=\"wp-post\" data-elementor-id=\"1262\" class=\"elementor elementor-1262\" data-elementor-post-type=\"page\">\n\t\t\t\t\t\t<section class=\"wpr-jarallax elementor-section elementor-top-section elementor-element elementor-element-21343ee4 wpr-jarallax-yes elementor-section-boxed elementor-section-height-default elementor-section-height-default wpr-particle-no wpr-parallax-no wpr-sticky-section-no\" speed-data=\"1.4\" bg-image=\"https:\/\/ugab.org.br\/site\/wp-content\/plugins\/elementor\/assets\/images\/placeholder.png\" scroll-effect=\"scroll\" data-id=\"21343ee4\" data-element_type=\"section\" data-settings=\"{&quot;background_background&quot;:&quot;classic&quot;}\">\n\t\t\t\t\t\t<div class=\"elementor-container elementor-column-gap-no\">\n\t\t\t\t\t<div class=\"elementor-column elementor-col-100 elementor-top-column elementor-element elementor-element-575e38ca\" data-id=\"575e38ca\" data-element_type=\"column\">\n\t\t\t<div class=\"elementor-widget-wrap elementor-element-populated\">\n\t\t\t\t\t\t<div class=\"elementor-element elementor-element-903faf0 elementor-widget elementor-widget-heading\" data-id=\"903faf0\" data-element_type=\"widget\" data-widget_type=\"heading.default\">\n\t\t\t\t<div class=\"elementor-widget-container\">\n\t\t\t\t\t<h2 class=\"elementor-heading-title elementor-size-default\">AJUDE NOSSA COMUNIDADE, ELA PRECISA DE VOC\u00ca!<\/h2>\t\t\t\t<\/div>\n\t\t\t\t<\/div>\n\t\t\t\t<div class=\"elementor-element elementor-element-569d3cd elementor-widget elementor-widget-heading\" data-id=\"569d3cd\" data-element_type=\"widget\" data-widget_type=\"heading.default\">\n\t\t\t\t<div class=\"elementor-widget-container\">\n\t\t\t\t\t<h2 class=\"elementor-heading-title elementor-size-default\">ESPECIAL ARTSAKH<\/h2>\t\t\t\t<\/div>\n\t\t\t\t<\/div>\n\t\t\t\t\t<\/div>\n\t\t<\/div>\n\t\t\t\t\t<\/div>\n\t\t<\/section>\n\t\t\t\t<section class=\"elementor-section elementor-top-section elementor-element elementor-element-d2c56a9 elementor-section-boxed elementor-section-height-default elementor-section-height-default wpr-particle-no wpr-jarallax-no wpr-parallax-no wpr-sticky-section-no\" data-id=\"d2c56a9\" data-element_type=\"section\">\n\t\t\t\t\t\t<div class=\"elementor-container elementor-column-gap-default\">\n\t\t\t\t\t<div class=\"elementor-column elementor-col-100 elementor-top-column elementor-element elementor-element-6409618\" data-id=\"6409618\" data-element_type=\"column\">\n\t\t\t<div class=\"elementor-widget-wrap elementor-element-populated\">\n\t\t\t\t\t\t<div class=\"elementor-element elementor-element-f68f359 elementor-widget elementor-widget-video\" data-id=\"f68f359\" data-element_type=\"widget\" data-settings=\"{&quot;video_type&quot;:&quot;hosted&quot;,&quot;controls&quot;:&quot;yes&quot;}\" data-widget_type=\"video.default\">\n\t\t\t\t<div class=\"elementor-widget-container\">\n\t\t\t\t\t\t\t<div class=\"e-hosted-video elementor-wrapper elementor-open-inline\">\n\t\t\t\t\t<video class=\"elementor-video\" src=\"https:\/\/ugab.org.br\/site\/wp-content\/uploads\/2023\/10\/UGAB_Campanha_FullHd_001.mp4\" controls=\"\" preload=\"metadata\" controlsList=\"nodownload\"><\/video>\n\t\t\t\t<\/div>\n\t\t\t\t\t\t<\/div>\n\t\t\t\t<\/div>\n\t\t\t\t\t<\/div>\n\t\t<\/div>\n\t\t\t\t\t<\/div>\n\t\t<\/section>\n\t\t\t\t<section class=\"elementor-section elementor-top-section elementor-element elementor-element-377c704d elementor-section-boxed elementor-section-height-default elementor-section-height-default wpr-particle-no wpr-jarallax-no wpr-parallax-no wpr-sticky-section-no\" data-id=\"377c704d\" data-element_type=\"section\" data-settings=\"{&quot;background_background&quot;:&quot;classic&quot;}\">\n\t\t\t\t\t\t<div class=\"elementor-container elementor-column-gap-default\">\n\t\t\t\t\t<div class=\"elementor-column elementor-col-100 elementor-top-column elementor-element elementor-element-3b21469a\" data-id=\"3b21469a\" data-element_type=\"column\">\n\t\t\t<div class=\"elementor-widget-wrap elementor-element-populated\">\n\t\t\t\t\t\t<section class=\"elementor-section elementor-inner-section elementor-element elementor-element-801533d elementor-section-boxed elementor-section-height-default elementor-section-height-default wpr-particle-no wpr-jarallax-no wpr-parallax-no wpr-sticky-section-no\" data-id=\"801533d\" data-element_type=\"section\">\n\t\t\t\t\t\t<div class=\"elementor-container elementor-column-gap-default\">\n\t\t\t\t\t<div class=\"elementor-column elementor-col-50 elementor-inner-column elementor-element elementor-element-b4e4bf8\" data-id=\"b4e4bf8\" data-element_type=\"column\">\n\t\t\t<div class=\"elementor-widget-wrap elementor-element-populated\">\n\t\t\t\t\t\t<div class=\"elementor-element elementor-element-6d50f0ac elementor-widget elementor-widget-elementskit-heading\" data-id=\"6d50f0ac\" data-element_type=\"widget\" data-widget_type=\"elementskit-heading.default\">\n\t\t\t\t<div class=\"elementor-widget-container\">\n\t\t\t\t\t<div class=\"ekit-wid-con\" ><div class=\"ekit-heading elementskit-section-title-wraper text_center   ekit_heading_tablet-   ekit_heading_mobile-\"><h3 class=\"elementskit-section-subtitle  elementskit-style-border\">\n\t\t\t\t\t\tARTSAKH\n\t\t\t\t\t<\/h3><h2 class=\"ekit-heading--title elementskit-section-title \">Viol\u00eancia, Limpeza \u00c9tnica e Genoc\u00eddio<\/h2><\/div><\/div>\t\t\t\t<\/div>\n\t\t\t\t<\/div>\n\t\t\t\t<div class=\"elementor-element elementor-element-3c7687a elementor-widget elementor-widget-image\" data-id=\"3c7687a\" data-element_type=\"widget\" data-widget_type=\"image.default\">\n\t\t\t\t<div class=\"elementor-widget-container\">\n\t\t\t\t\t\t\t\t\t\t\t\t\t\t\t<img fetchpriority=\"high\" decoding=\"async\" width=\"1080\" height=\"774\" src=\"https:\/\/ugab.org.br\/site\/wp-content\/uploads\/2023\/10\/DAVIT-HAKOBYAN-01.jpg\" class=\"attachment-full size-full wp-image-1274\" alt=\"\" srcset=\"https:\/\/ugab.org.br\/site\/wp-content\/uploads\/2023\/10\/DAVIT-HAKOBYAN-01.jpg 1080w, https:\/\/ugab.org.br\/site\/wp-content\/uploads\/2023\/10\/DAVIT-HAKOBYAN-01-300x215.jpg 300w, https:\/\/ugab.org.br\/site\/wp-content\/uploads\/2023\/10\/DAVIT-HAKOBYAN-01-1024x734.jpg 1024w, https:\/\/ugab.org.br\/site\/wp-content\/uploads\/2023\/10\/DAVIT-HAKOBYAN-01-768x550.jpg 768w\" sizes=\"(max-width: 1080px) 100vw, 1080px\" \/>\t\t\t\t\t\t\t\t\t\t\t\t\t\t\t<\/div>\n\t\t\t\t<\/div>\n\t\t\t\t<div class=\"elementor-element elementor-element-6edaf47 elementor-widget elementor-widget-text-editor\" data-id=\"6edaf47\" data-element_type=\"widget\" data-widget_type=\"text-editor.default\">\n\t\t\t\t<div class=\"elementor-widget-container\">\n\t\t\t\t\t\t\t\t\t<p>Refugiados arm\u00eanios expulsos de Artsakh pela didatura do Azerbaij\u00e3o. (Foto: Davit Hakobyan)<\/p>\t\t\t\t\t\t\t\t<\/div>\n\t\t\t\t<\/div>\n\t\t\t\t\t<\/div>\n\t\t<\/div>\n\t\t\t\t<div class=\"elementor-column elementor-col-50 elementor-inner-column elementor-element elementor-element-5848113\" data-id=\"5848113\" data-element_type=\"column\">\n\t\t\t<div class=\"elementor-widget-wrap elementor-element-populated\">\n\t\t\t\t\t\t<div class=\"elementor-element elementor-element-e6989bf elementor-widget elementor-widget-elementskit-heading\" data-id=\"e6989bf\" data-element_type=\"widget\" data-widget_type=\"elementskit-heading.default\">\n\t\t\t\t<div class=\"elementor-widget-container\">\n\t\t\t\t\t<div class=\"ekit-wid-con\" ><div class=\"ekit-heading elementskit-section-title-wraper text_center   ekit_heading_tablet-   ekit_heading_mobile-\"><h3 class=\"elementskit-section-subtitle  elementskit-style-border\">\n\t\t\t\t\t\tPIX\n\t\t\t\t\t<\/h3><h2 class=\"ekit-heading--title elementskit-section-title \">QR Code<\/h2><\/div><\/div>\t\t\t\t<\/div>\n\t\t\t\t<\/div>\n\t\t\t\t<div class=\"elementor-element elementor-element-2da2d36 elementor-widget elementor-widget-image\" data-id=\"2da2d36\" data-element_type=\"widget\" data-widget_type=\"image.default\">\n\t\t\t\t<div class=\"elementor-widget-container\">\n\t\t\t\t\t\t\t\t\t\t\t\t\t\t\t<img decoding=\"async\" width=\"800\" height=\"800\" src=\"https:\/\/ugab.org.br\/site\/wp-content\/uploads\/2023\/10\/qr.png\" class=\"attachment-large size-large wp-image-1258\" alt=\"\" srcset=\"https:\/\/ugab.org.br\/site\/wp-content\/uploads\/2023\/10\/qr.png 822w, https:\/\/ugab.org.br\/site\/wp-content\/uploads\/2023\/10\/qr-300x300.png 300w, https:\/\/ugab.org.br\/site\/wp-content\/uploads\/2023\/10\/elementor\/thumbs\/qr-qde1q2tbsfrb6gvvcczjbmogvj01enkt354sak8kt8.png 150w, https:\/\/ugab.org.br\/site\/wp-content\/uploads\/2023\/10\/qr-768x768.png 768w, https:\/\/ugab.org.br\/site\/wp-content\/uploads\/2023\/10\/elementor\/thumbs\/qr-qde1q2tb6id3dgt04wjy9l9acuw82ryy58u77uzyso.png 100w\" sizes=\"(max-width: 800px) 100vw, 800px\" \/>\t\t\t\t\t\t\t\t\t\t\t\t\t\t\t<\/div>\n\t\t\t\t<\/div>\n\t\t\t\t<div class=\"elementor-element elementor-element-84b0b22 elementor-widget elementor-widget-spacer\" data-id=\"84b0b22\" data-element_type=\"widget\" data-widget_type=\"spacer.default\">\n\t\t\t\t<div class=\"elementor-widget-container\">\n\t\t\t\t\t\t\t<div class=\"elementor-spacer\">\n\t\t\t<div class=\"elementor-spacer-inner\"><\/div>\n\t\t<\/div>\n\t\t\t\t\t\t<\/div>\n\t\t\t\t<\/div>\n\t\t\t\t<div class=\"elementor-element elementor-element-13cde5c elementor-widget elementor-widget-elementskit-heading\" data-id=\"13cde5c\" data-element_type=\"widget\" data-widget_type=\"elementskit-heading.default\">\n\t\t\t\t<div class=\"elementor-widget-container\">\n\t\t\t\t\t<div class=\"ekit-wid-con\" ><div class=\"ekit-heading elementskit-section-title-wraper text_center   ekit_heading_tablet-   ekit_heading_mobile-\"><h3 class=\"elementskit-section-subtitle  elementskit-style-border\">\n\t\t\t\t\t\tCHAVE PIX\n\t\t\t\t\t<\/h3><h2 class=\"ekit-heading--title elementskit-section-title \">CNPJ<\/h2><\/div><\/div>\t\t\t\t<\/div>\n\t\t\t\t<\/div>\n\t\t\t\t<div class=\"elementor-element elementor-element-cc8587f elementor-widget elementor-widget-heading\" data-id=\"cc8587f\" data-element_type=\"widget\" data-widget_type=\"heading.default\">\n\t\t\t\t<div class=\"elementor-widget-container\">\n\t\t\t\t\t<h2 class=\"elementor-heading-title elementor-size-default\">62.467.675\/0001-00<\/h2>\t\t\t\t<\/div>\n\t\t\t\t<\/div>\n\t\t\t\t<div class=\"elementor-element elementor-element-131fd96 elementor-widget elementor-widget-text-editor\" data-id=\"131fd96\" data-element_type=\"widget\" data-widget_type=\"text-editor.default\">\n\t\t\t\t<div class=\"elementor-widget-container\">\n\t\t\t\t\t\t\t\t\t<p>100% da sua doa\u00e7\u00e3o ser\u00e1 direcionada para fundo mundial da UGAB, <br \/><strong>o Artsakh Relief Fund.<\/strong><\/p>\t\t\t\t\t\t\t\t<\/div>\n\t\t\t\t<\/div>\n\t\t\t\t\t<\/div>\n\t\t<\/div>\n\t\t\t\t\t<\/div>\n\t\t<\/section>\n\t\t\t\t<section class=\"elementor-section elementor-inner-section elementor-element elementor-element-7403947c elementor-section-boxed elementor-section-height-default elementor-section-height-default wpr-particle-no wpr-jarallax-no wpr-parallax-no wpr-sticky-section-no\" data-id=\"7403947c\" data-element_type=\"section\">\n\t\t\t\t\t\t<div class=\"elementor-container elementor-column-gap-default\">\n\t\t\t\t\t<div class=\"elementor-column elementor-col-50 elementor-inner-column elementor-element elementor-element-754758c8\" data-id=\"754758c8\" data-element_type=\"column\">\n\t\t\t<div class=\"elementor-widget-wrap elementor-element-populated\">\n\t\t\t\t\t\t<div class=\"elementor-element elementor-element-963dd2f elementor-widget elementor-widget-text-editor\" data-id=\"963dd2f\" data-element_type=\"widget\" data-widget_type=\"text-editor.default\">\n\t\t\t\t<div class=\"elementor-widget-container\">\n\t\t\t\t\t\t\t\t\t<p class=\"MsoNormal\">Os arm\u00eanios, um dos povos mais antigos do mundo, viveram por mais de tr\u00eas mil anos em Artsakh (Nagorno-Karabakh). E agora esta hist\u00f3ria milenar est\u00e1 chegando ao fim de forma tr\u00e1gica.<\/p><p class=\"MsoNormal\">Os arm\u00eanios, depois de sofrerem o primeiro genoc\u00eddio do S\u00e9culo XX, quando 1,5 milh\u00e3o de pessoas \u2013 incluindo 500 mil crian\u00e7as \u2013 foram assassinadas pelo Imp\u00e9rio Otomano, agora sofrem um novo genoc\u00eddio. E assim como o anterior, h\u00e1 pouco mais de 100 anos, h\u00e1 um grande sil\u00eancio para este sofrimento.<\/p><p class=\"MsoNormal\">Artsakh foi dada ao Azerbaij\u00e3o em uma \u201ccanetada\u201d de Joseph Stalin, nos anos 20. De um dia para o outro, numa a\u00e7\u00e3o conhecida como \u201cdividir para conquistar\u201d, milhares de arm\u00eanios agora viviam sob dom\u00ednio azerbaijano. Em 1988, a popula\u00e7\u00e3o arm\u00eania da regi\u00e3o come\u00e7ou a lutar pelo direito de autodetermina\u00e7\u00e3o e viver onde gostaria. Anos depois, em 1991, ap\u00f3s o fim da Uni\u00e3o Sovi\u00e9tica, essa mesma popula\u00e7\u00e3o resolveu se tornar independente. Nascia, assim, a Rep\u00fablica de Artsakh.<\/p><p class=\"MsoNormal\">O Azerbaij\u00e3o, por meio de sua petroditadura familiar, nunca aceitou esse fato e atacou a nova Rep\u00fablica. Mesmo derrotados em 1994, o Azerbaij\u00e3o continuou atacando os arm\u00eanios. Em 2020, atacaram de forma massiva, em um conflito chamado de Guerra dos 44 dias.<\/p><p class=\"MsoNormal\">Continuando sua vingan\u00e7a e limpeza \u00e9tnica, o Azerbaij\u00e3o em 12 de dezembro de 2022 cortou a \u00fanica liga\u00e7\u00e3o entre Artsakh e Arm\u00eania. Por nove meses, ningu\u00e9m entrava e sa\u00eda. Por nove meses, arm\u00eanios \u2013 incluindo crian\u00e7as e idosos \u2013 passaram frio e fome. Isso, segundo os especialistas, tinha um nome: genoc\u00eddio; para outros, a cl\u00e1ssica defini\u00e7\u00e3o de limpeza \u00e9tnica, que \u00e9 quando voc\u00ea dificulta a vida de uma popula\u00e7\u00e3o local a ponto de a \u00fanica solu\u00e7\u00e3o que resta a eles \u00e9 sair de suas terras.<\/p>\t\t\t\t\t\t\t\t<\/div>\n\t\t\t\t<\/div>\n\t\t\t\t\t<\/div>\n\t\t<\/div>\n\t\t\t\t<div class=\"elementor-column elementor-col-50 elementor-inner-column elementor-element elementor-element-2a37e011\" data-id=\"2a37e011\" data-element_type=\"column\">\n\t\t\t<div class=\"elementor-widget-wrap elementor-element-populated\">\n\t\t\t\t\t\t<div class=\"elementor-element elementor-element-1f13080 elementor-widget elementor-widget-text-editor\" data-id=\"1f13080\" data-element_type=\"widget\" data-widget_type=\"text-editor.default\">\n\t\t\t\t<div class=\"elementor-widget-container\">\n\t\t\t\t\t\t\t\t\t<p>Mesmo assim, os 120 mil arm\u00eanios que ainda viviam em Artsakh queriam ficar em suas terras ancestrais, onde seus antepassados viveram por mais de tr\u00eas mil anos. Por\u00e9m, mesmo resistindo a anos de ataques do Azerbaij\u00e3o e meses isolados com frio e com fome, n\u00e3o foi poss\u00edvel resistir a uma opera\u00e7\u00e3o militar completa azeri contra arm\u00eanios, que se iniciou no dia 19 de setembro. O ataque b\u00e9lico, com todo o poderio azeri, vitimou 200 arm\u00eanios no primeiro dia. Dias depois, 88 mil arm\u00eanios j\u00e1 tinham fugido.<\/p><p>E em pouco tempo, de forma silenciosa, o mundo testemunhouo \u00eaxodo de 120 mil arm\u00eanios que foram expulsos de suas terras ancestrais pelo Azerbaij\u00e3o. Mais do que isso, o mundo testemunhou a morte de um pa\u00eds, a Rep\u00fablica de Artsakh, gra\u00e7as \u00e0 coniv\u00eancia de tantos outros.<\/p><p>Assim, tr\u00eas mil anos de hist\u00f3ria arm\u00eania chegam ao fim.<\/p><p>Grande parte do mundo parece ter se esquecido destes 120 mil exilados arm\u00eanios, mas a UGAB Brasil n\u00e3o. Por isso, para dar um recome\u00e7o aos arm\u00eanios expulsos de suas casas \u2013 muitos sa\u00edram apenas com a roupa do corpo \u2013 pelo Azerbaij\u00e3o, lan\u00e7amos a nossa campanha.<\/p><p><strong>Doe agora mesmo qualquer quantia pelo QR code ou pela chave pix 62.467.675\/0001-00 (CNPJ) e 100% da sua doa\u00e7\u00e3o ser\u00e1 direcionada para fundo mundial da UGAB, o Artsakh Relief Fund.<\/strong><\/p><p>Al\u00e9m disso, clique no link abaixo para saber de outras campanhas para ajudar Artsakh.<\/p><p>Juntos, em um momento t\u00e3o delicado, faremos a diferen\u00e7a para os 120 mil exilados \u00e0 for\u00e7a arm\u00eanios, que, mais do que nunca, precisam da nossa ajuda.<\/p>\t\t\t\t\t\t\t\t<\/div>\n\t\t\t\t<\/div>\n\t\t\t\t\t<\/div>\n\t\t<\/div>\n\t\t\t\t\t<\/div>\n\t\t<\/section>\n\t\t\t\t\t<\/div>\n\t\t<\/div>\n\t\t\t\t\t<\/div>\n\t\t<\/section>\n\t\t\t\t<\/div>\n\t\t","protected":false},"excerpt":{"rendered":"<p>AJUDE NOSSA COMUNIDADE, ELA PRECISA DE VOC\u00ca! ESPECIAL ARTSAKH https:\/\/ugab.org.br\/site\/wp-content\/uploads\/2023\/10\/UGAB_Campanha_FullHd_001.mp4 ARTSAKH Viol\u00eancia, Limpeza \u00c9tnica e Genoc\u00eddio Refugiados arm\u00eanios expulsos de Artsakh pela didatura do Azerbaij\u00e3o. (Foto: Davit Hakobyan) PIX QR Code CHAVE PIX CNPJ 62.467.675\/0001-00 100% da sua doa\u00e7\u00e3o ser\u00e1 direcionada para fundo mundial da UGAB, o Artsakh Relief Fund. Os arm\u00eanios, um dos povos mais antigos do mundo, viveram por mais de tr\u00eas mil anos em Artsakh (Nagorno-Karabakh). E agora esta hist\u00f3ria milenar est\u00e1 chegando ao fim de forma tr\u00e1gica. Os arm\u00eanios, depois de sofrerem o primeiro genoc\u00eddio do S\u00e9culo XX, quando 1,5 milh\u00e3o de pessoas \u2013 incluindo 500 mil crian\u00e7as \u2013 foram assassinadas pelo Imp\u00e9rio Otomano, agora sofrem um novo genoc\u00eddio. E assim como o anterior, h\u00e1 pouco mais de 100 anos, h\u00e1 um grande sil\u00eancio para este sofrimento. Artsakh foi dada ao Azerbaij\u00e3o em uma \u201ccanetada\u201d de Joseph Stalin, nos anos 20. De um dia para o outro, numa a\u00e7\u00e3o conhecida como \u201cdividir para conquistar\u201d, milhares de arm\u00eanios agora viviam sob dom\u00ednio azerbaijano. Em 1988, a popula\u00e7\u00e3o arm\u00eania da regi\u00e3o come\u00e7ou a lutar pelo direito de autodetermina\u00e7\u00e3o e viver onde gostaria. Anos depois, em 1991, ap\u00f3s o fim da Uni\u00e3o Sovi\u00e9tica, essa mesma popula\u00e7\u00e3o resolveu se tornar independente. Nascia, assim, a Rep\u00fablica de Artsakh. O Azerbaij\u00e3o, por meio de sua petroditadura familiar, nunca aceitou esse fato e atacou a nova Rep\u00fablica. Mesmo derrotados em 1994, o Azerbaij\u00e3o continuou atacando os arm\u00eanios. Em 2020, atacaram de forma massiva, em um conflito chamado de Guerra dos 44 dias. Continuando sua vingan\u00e7a e limpeza \u00e9tnica, o Azerbaij\u00e3o em 12 de dezembro de 2022 cortou a \u00fanica liga\u00e7\u00e3o entre Artsakh e Arm\u00eania. Por nove meses, ningu\u00e9m entrava e sa\u00eda. Por nove meses, arm\u00eanios \u2013 incluindo crian\u00e7as e idosos \u2013 passaram frio e fome. Isso, segundo os especialistas, tinha um nome: genoc\u00eddio; para outros, a cl\u00e1ssica defini\u00e7\u00e3o de limpeza \u00e9tnica, que \u00e9 quando voc\u00ea dificulta a vida de uma popula\u00e7\u00e3o local a ponto de a \u00fanica solu\u00e7\u00e3o que resta a eles \u00e9 sair de suas terras. Mesmo assim, os 120 mil arm\u00eanios que ainda viviam em Artsakh queriam ficar em suas terras ancestrais, onde seus antepassados viveram por mais de tr\u00eas mil anos. Por\u00e9m, mesmo resistindo a anos de ataques do Azerbaij\u00e3o e meses isolados com frio e com fome, n\u00e3o foi poss\u00edvel resistir a uma opera\u00e7\u00e3o militar completa azeri contra arm\u00eanios, que se iniciou no dia 19 de setembro. O ataque b\u00e9lico, com todo o poderio azeri, vitimou 200 arm\u00eanios no primeiro dia. Dias depois, 88 mil arm\u00eanios j\u00e1 tinham fugido. E em pouco tempo, de forma silenciosa, o mundo testemunhouo \u00eaxodo de 120 mil arm\u00eanios que foram expulsos de suas terras ancestrais pelo Azerbaij\u00e3o. Mais do que isso, o mundo testemunhou a morte de um pa\u00eds, a Rep\u00fablica de Artsakh, gra\u00e7as \u00e0 coniv\u00eancia de tantos outros. Assim, tr\u00eas mil anos de hist\u00f3ria arm\u00eania chegam ao fim. Grande parte do mundo parece ter se esquecido destes 120 mil exilados arm\u00eanios, mas a UGAB Brasil n\u00e3o. Por isso, para dar um recome\u00e7o aos arm\u00eanios expulsos de suas casas \u2013 muitos sa\u00edram apenas com a roupa do corpo \u2013 pelo Azerbaij\u00e3o, lan\u00e7amos a nossa campanha. Doe agora mesmo qualquer quantia pelo QR code ou pela chave pix 62.467.675\/0001-00 (CNPJ) e 100% da sua doa\u00e7\u00e3o ser\u00e1 direcionada para fundo mundial da UGAB, o Artsakh Relief Fund. Al\u00e9m disso, clique no link abaixo para saber de outras campanhas para ajudar Artsakh. Juntos, em um momento t\u00e3o delicado, faremos a diferen\u00e7a para os 120 mil exilados \u00e0 for\u00e7a arm\u00eanios, que, mais do que nunca, precisam da nossa ajuda.<\/p>\n","protected":false},"author":1,"featured_media":0,"parent":0,"menu_order":0,"comment_status":"closed","ping_status":"closed","template":"","meta":{"_joinchat":[],"footnotes":""},"class_list":["post-1262","page","type-page","status-publish","hentry"],"_links":{"self":[{"href":"https:\/\/ugab.org.br\/site\/wp-json\/wp\/v2\/pages\/1262","targetHints":{"allow":["GET"]}}],"collection":[{"href":"https:\/\/ugab.org.br\/site\/wp-json\/wp\/v2\/pages"}],"about":[{"href":"https:\/\/ugab.org.br\/site\/wp-json\/wp\/v2\/types\/page"}],"author":[{"embeddable":true,"href":"https:\/\/ugab.org.br\/site\/wp-json\/wp\/v2\/users\/1"}],"replies":[{"embeddable":true,"href":"https:\/\/ugab.org.br\/site\/wp-json\/wp\/v2\/comments?post=1262"}],"version-history":[{"count":31,"href":"https:\/\/ugab.org.br\/site\/wp-json\/wp\/v2\/pages\/1262\/revisions"}],"predecessor-version":[{"id":1298,"href":"https:\/\/ugab.org.br\/site\/wp-json\/wp\/v2\/pages\/1262\/revisions\/1298"}],"wp:attachment":[{"href":"https:\/\/ugab.org.br\/site\/wp-json\/wp\/v2\/media?parent=1262"}],"curies":[{"name":"wp","href":"https:\/\/api.w.org\/{rel}","templated":true}]}}