{"id":1416,"date":"2024-09-25T14:24:57","date_gmt":"2024-09-25T17:24:57","guid":{"rendered":"https:\/\/ugab.org.br\/site\/?page_id=1416"},"modified":"2024-09-25T14:30:08","modified_gmt":"2024-09-25T17:30:08","slug":"debate","status":"publish","type":"page","link":"https:\/\/ugab.org.br\/site\/debate\/","title":{"rendered":"DEBATE"},"content":{"rendered":"\t\t<div data-elementor-type=\"wp-post\" data-elementor-id=\"1416\" class=\"elementor elementor-1416\" data-elementor-post-type=\"page\">\n\t\t\t\t\t\t<section class=\"wpr-jarallax elementor-section elementor-top-section elementor-element elementor-element-21343ee4 wpr-jarallax-yes elementor-section-boxed elementor-section-height-default elementor-section-height-default wpr-particle-no wpr-parallax-no wpr-sticky-section-no\" speed-data=\"1.4\" bg-image=\"https:\/\/ugab.org.br\/site\/wp-content\/plugins\/elementor\/assets\/images\/placeholder.png\" scroll-effect=\"scroll\" data-id=\"21343ee4\" data-element_type=\"section\" data-settings=\"{&quot;background_background&quot;:&quot;classic&quot;}\">\n\t\t\t\t\t\t<div class=\"elementor-container elementor-column-gap-no\">\n\t\t\t\t\t<div class=\"elementor-column elementor-col-100 elementor-top-column elementor-element elementor-element-575e38ca\" data-id=\"575e38ca\" data-element_type=\"column\">\n\t\t\t<div class=\"elementor-widget-wrap elementor-element-populated\">\n\t\t\t\t\t\t<div class=\"elementor-element elementor-element-903faf0 elementor-widget elementor-widget-heading\" data-id=\"903faf0\" data-element_type=\"widget\" data-widget_type=\"heading.default\">\n\t\t\t\t<div class=\"elementor-widget-container\">\n\t\t\t\t\t<h2 class=\"elementor-heading-title elementor-size-default\">AJUDE NOSSA COMUNIDADE, ELA PRECISA DE VOC\u00ca!<\/h2>\t\t\t\t<\/div>\n\t\t\t\t<\/div>\n\t\t\t\t<div class=\"elementor-element elementor-element-569d3cd elementor-widget elementor-widget-heading\" data-id=\"569d3cd\" data-element_type=\"widget\" data-widget_type=\"heading.default\">\n\t\t\t\t<div class=\"elementor-widget-container\">\n\t\t\t\t\t<h2 class=\"elementor-heading-title elementor-size-default\"><a href=\"https:\/\/ugab.org.br\/site\/artsakh\/\">APOIE ARTSAKH<\/a><\/h2>\t\t\t\t<\/div>\n\t\t\t\t<\/div>\n\t\t\t\t\t<\/div>\n\t\t<\/div>\n\t\t\t\t\t<\/div>\n\t\t<\/section>\n\t\t\t\t<section class=\"elementor-section elementor-top-section elementor-element elementor-element-d2c56a9 elementor-section-boxed elementor-section-height-default elementor-section-height-default wpr-particle-no wpr-jarallax-no wpr-parallax-no wpr-sticky-section-no\" data-id=\"d2c56a9\" data-element_type=\"section\">\n\t\t\t\t\t\t<div class=\"elementor-container elementor-column-gap-default\">\n\t\t\t\t\t<div class=\"elementor-column elementor-col-100 elementor-top-column elementor-element elementor-element-6409618\" data-id=\"6409618\" data-element_type=\"column\">\n\t\t\t<div class=\"elementor-widget-wrap elementor-element-populated\">\n\t\t\t\t\t\t<div class=\"elementor-element elementor-element-f68f359 elementor-widget elementor-widget-video\" data-id=\"f68f359\" data-element_type=\"widget\" data-settings=\"{&quot;youtube_url&quot;:&quot;https:\\\/\\\/www.youtube.com\\\/watch?v=bVergGJafkk&quot;,&quot;video_type&quot;:&quot;youtube&quot;,&quot;controls&quot;:&quot;yes&quot;}\" data-widget_type=\"video.default\">\n\t\t\t\t<div class=\"elementor-widget-container\">\n\t\t\t\t\t\t\t<div class=\"elementor-wrapper elementor-open-inline\">\n\t\t\t<div class=\"elementor-video\"><\/div>\t\t<\/div>\n\t\t\t\t\t\t<\/div>\n\t\t\t\t<\/div>\n\t\t\t\t\t<\/div>\n\t\t<\/div>\n\t\t\t\t\t<\/div>\n\t\t<\/section>\n\t\t\t\t<section class=\"elementor-section elementor-top-section elementor-element elementor-element-377c704d elementor-section-boxed elementor-section-height-default elementor-section-height-default wpr-particle-no wpr-jarallax-no wpr-parallax-no wpr-sticky-section-no\" data-id=\"377c704d\" data-element_type=\"section\" data-settings=\"{&quot;background_background&quot;:&quot;classic&quot;}\">\n\t\t\t\t\t\t<div class=\"elementor-container elementor-column-gap-default\">\n\t\t\t\t\t<div class=\"elementor-column elementor-col-100 elementor-top-column elementor-element elementor-element-3b21469a\" data-id=\"3b21469a\" data-element_type=\"column\">\n\t\t\t<div class=\"elementor-widget-wrap elementor-element-populated\">\n\t\t\t\t\t\t<section class=\"elementor-section elementor-inner-section elementor-element elementor-element-801533d elementor-section-boxed elementor-section-height-default elementor-section-height-default wpr-particle-no wpr-jarallax-no wpr-parallax-no wpr-sticky-section-no\" data-id=\"801533d\" data-element_type=\"section\">\n\t\t\t\t\t\t<div class=\"elementor-container elementor-column-gap-default\">\n\t\t\t\t\t<div class=\"elementor-column elementor-col-100 elementor-inner-column elementor-element elementor-element-b4e4bf8\" data-id=\"b4e4bf8\" data-element_type=\"column\">\n\t\t\t<div class=\"elementor-widget-wrap elementor-element-populated\">\n\t\t\t\t\t\t<div class=\"elementor-element elementor-element-6d50f0ac elementor-widget elementor-widget-elementskit-heading\" data-id=\"6d50f0ac\" data-element_type=\"widget\" data-widget_type=\"elementskit-heading.default\">\n\t\t\t\t<div class=\"elementor-widget-container\">\n\t\t\t\t\t<div class=\"ekit-wid-con\" ><div class=\"ekit-heading elementskit-section-title-wraper text_center   ekit_heading_tablet-   ekit_heading_mobile-\"><h3 class=\"elementskit-section-subtitle  elementskit-style-border\">\n\t\t\t\t\t\tDEBATE\n\t\t\t\t\t<\/h3><h2 class=\"ekit-heading--title elementskit-section-title \">Geopol\u00edtica no C\u00e1ucaso: perspectivas e desafios da Arm\u00eania<\/h2><\/div><\/div>\t\t\t\t<\/div>\n\t\t\t\t<\/div>\n\t\t\t\t\t<\/div>\n\t\t<\/div>\n\t\t\t\t\t<\/div>\n\t\t<\/section>\n\t\t\t\t<section class=\"elementor-section elementor-inner-section elementor-element elementor-element-7403947c elementor-section-boxed elementor-section-height-default elementor-section-height-default wpr-particle-no wpr-jarallax-no wpr-parallax-no wpr-sticky-section-no\" data-id=\"7403947c\" data-element_type=\"section\">\n\t\t\t\t\t\t<div class=\"elementor-container elementor-column-gap-default\">\n\t\t\t\t\t<div class=\"elementor-column elementor-col-100 elementor-inner-column elementor-element elementor-element-754758c8\" data-id=\"754758c8\" data-element_type=\"column\">\n\t\t\t<div class=\"elementor-widget-wrap elementor-element-populated\">\n\t\t\t\t\t\t<div class=\"elementor-element elementor-element-963dd2f elementor-widget elementor-widget-text-editor\" data-id=\"963dd2f\" data-element_type=\"widget\" data-widget_type=\"text-editor.default\">\n\t\t\t\t<div class=\"elementor-widget-container\">\n\t\t\t\t\t\t\t\t\t<p>No dia 31 de julho, no ic\u00f4nico MASP, em S\u00e3o Paulo, foi realizado o evento especial &#8220;A Geopol\u00edtica no C\u00e1ucaso: perspectivas e desafios da Arm\u00eania&#8221;, em que os jornalistas Guga Chacra (GloboNews), Betina Anton (Globo), Fernando Andrade (R\u00e1dio CBN), Filipe Figueiredo (Xadrez Verbal) e Rodrigo Craveiro (Correio Braziliense), al\u00e9m do Historiador Heitor Loureiro, conversaram sobre a atual situa\u00e7\u00e3o da Arm\u00eania e o contexto que envolve o pa\u00eds desde d\u00e9cadas passadas at\u00e9 o momento atual, al\u00e9m de terem abordado outros assuntos.<\/p><p>\u00a0<\/p><p>Tamb\u00e9m, no dia, houve uma homenagem ao Guga Chacra.<\/p>\t\t\t\t\t\t\t\t<\/div>\n\t\t\t\t<\/div>\n\t\t\t\t\t<\/div>\n\t\t<\/div>\n\t\t\t\t\t<\/div>\n\t\t<\/section>\n\t\t\t\t\t<\/div>\n\t\t<\/div>\n\t\t\t\t\t<\/div>\n\t\t<\/section>\n\t\t\t\t<\/div>\n\t\t","protected":false},"excerpt":{"rendered":"<p>AJUDE NOSSA COMUNIDADE, ELA PRECISA DE VOC\u00ca! APOIE ARTSAKH DEBATE Geopol\u00edtica no C\u00e1ucaso: perspectivas e desafios da Arm\u00eania No dia 31 de julho, no ic\u00f4nico MASP, em S\u00e3o Paulo, foi realizado o evento especial &#8220;A Geopol\u00edtica no C\u00e1ucaso: perspectivas e desafios da Arm\u00eania&#8221;, em que os jornalistas Guga Chacra (GloboNews), Betina Anton (Globo), Fernando Andrade (R\u00e1dio CBN), Filipe Figueiredo (Xadrez Verbal) e Rodrigo Craveiro (Correio Braziliense), al\u00e9m do Historiador Heitor Loureiro, conversaram sobre a atual situa\u00e7\u00e3o da Arm\u00eania e o contexto que envolve o pa\u00eds desde d\u00e9cadas passadas at\u00e9 o momento atual, al\u00e9m de terem abordado outros assuntos. \u00a0 Tamb\u00e9m, no dia, houve uma homenagem ao Guga Chacra.<\/p>\n","protected":false},"author":1,"featured_media":0,"parent":0,"menu_order":0,"comment_status":"closed","ping_status":"closed","template":"","meta":{"_joinchat":[],"footnotes":""},"class_list":["post-1416","page","type-page","status-publish","hentry"],"_links":{"self":[{"href":"https:\/\/ugab.org.br\/site\/wp-json\/wp\/v2\/pages\/1416","targetHints":{"allow":["GET"]}}],"collection":[{"href":"https:\/\/ugab.org.br\/site\/wp-json\/wp\/v2\/pages"}],"about":[{"href":"https:\/\/ugab.org.br\/site\/wp-json\/wp\/v2\/types\/page"}],"author":[{"embeddable":true,"href":"https:\/\/ugab.org.br\/site\/wp-json\/wp\/v2\/users\/1"}],"replies":[{"embeddable":true,"href":"https:\/\/ugab.org.br\/site\/wp-json\/wp\/v2\/comments?post=1416"}],"version-history":[{"count":4,"href":"https:\/\/ugab.org.br\/site\/wp-json\/wp\/v2\/pages\/1416\/revisions"}],"predecessor-version":[{"id":1420,"href":"https:\/\/ugab.org.br\/site\/wp-json\/wp\/v2\/pages\/1416\/revisions\/1420"}],"wp:attachment":[{"href":"https:\/\/ugab.org.br\/site\/wp-json\/wp\/v2\/media?parent=1416"}],"curies":[{"name":"wp","href":"https:\/\/api.w.org\/{rel}","templated":true}]}}