{"id":1687,"date":"2025-10-17T22:49:57","date_gmt":"2025-10-18T01:49:57","guid":{"rendered":"https:\/\/ugab.org.br\/site\/?page_id=1687"},"modified":"2025-10-17T22:50:24","modified_gmt":"2025-10-18T01:50:24","slug":"terredevie","status":"publish","type":"page","link":"https:\/\/ugab.org.br\/site\/terredevie\/","title":{"rendered":"PROGRAMAS TERRE"},"content":{"rendered":"\t\t<div data-elementor-type=\"wp-post\" data-elementor-id=\"1687\" class=\"elementor elementor-1687\" data-elementor-post-type=\"page\">\n\t\t\t\t\t\t<section class=\"elementor-section elementor-top-section elementor-element elementor-element-377c704d elementor-section-boxed elementor-section-height-default elementor-section-height-default wpr-particle-no wpr-jarallax-no wpr-parallax-no wpr-sticky-section-no\" data-id=\"377c704d\" data-element_type=\"section\" data-settings=\"{&quot;background_background&quot;:&quot;classic&quot;}\">\n\t\t\t\t\t\t<div class=\"elementor-container elementor-column-gap-default\">\n\t\t\t\t\t<div class=\"elementor-column elementor-col-100 elementor-top-column elementor-element elementor-element-3b21469a\" data-id=\"3b21469a\" data-element_type=\"column\">\n\t\t\t<div class=\"elementor-widget-wrap elementor-element-populated\">\n\t\t\t\t\t\t<section class=\"elementor-section elementor-inner-section elementor-element elementor-element-801533d elementor-section-boxed elementor-section-height-default elementor-section-height-default wpr-particle-no wpr-jarallax-no wpr-parallax-no wpr-sticky-section-no\" data-id=\"801533d\" data-element_type=\"section\">\n\t\t\t\t\t\t<div class=\"elementor-container elementor-column-gap-default\">\n\t\t\t\t\t<div class=\"elementor-column elementor-col-100 elementor-inner-column elementor-element elementor-element-b4e4bf8\" data-id=\"b4e4bf8\" data-element_type=\"column\">\n\t\t\t<div class=\"elementor-widget-wrap elementor-element-populated\">\n\t\t\t\t\t\t<div class=\"elementor-element elementor-element-6d50f0ac elementor-widget elementor-widget-elementskit-heading\" data-id=\"6d50f0ac\" data-element_type=\"widget\" data-widget_type=\"elementskit-heading.default\">\n\t\t\t\t<div class=\"elementor-widget-container\">\n\t\t\t\t\t<div class=\"ekit-wid-con\" ><div class=\"ekit-heading elementskit-section-title-wraper text_center   ekit_heading_tablet-   ekit_heading_mobile-\"><h3 class=\"elementskit-section-subtitle  elementskit-style-border\">\n\t\t\t\t\t\tPROGRAMAS\n\t\t\t\t\t<\/h3><h2 class=\"ekit-heading--title elementskit-section-title \">Arm\u00e9nie Terre de Vie<\/h2><\/div><\/div>\t\t\t\t<\/div>\n\t\t\t\t<\/div>\n\t\t\t\t<div class=\"elementor-element elementor-element-97d8aa3 elementor-widget elementor-widget-image\" data-id=\"97d8aa3\" data-element_type=\"widget\" data-widget_type=\"image.default\">\n\t\t\t\t<div class=\"elementor-widget-container\">\n\t\t\t\t\t\t\t\t\t\t\t\t\t\t\t<img fetchpriority=\"high\" decoding=\"async\" width=\"800\" height=\"600\" src=\"https:\/\/ugab.org.br\/site\/wp-content\/uploads\/2025\/10\/1440x1080-culture-terre-de-vie-1024x768.webp\" class=\"attachment-large size-large wp-image-1689\" alt=\"\" srcset=\"https:\/\/ugab.org.br\/site\/wp-content\/uploads\/2025\/10\/1440x1080-culture-terre-de-vie-1024x768.webp 1024w, https:\/\/ugab.org.br\/site\/wp-content\/uploads\/2025\/10\/1440x1080-culture-terre-de-vie-300x225.webp 300w, https:\/\/ugab.org.br\/site\/wp-content\/uploads\/2025\/10\/1440x1080-culture-terre-de-vie-768x576.webp 768w, https:\/\/ugab.org.br\/site\/wp-content\/uploads\/2025\/10\/1440x1080-culture-terre-de-vie-1536x1152.webp 1536w, https:\/\/ugab.org.br\/site\/wp-content\/uploads\/2025\/10\/1440x1080-culture-terre-de-vie.webp 1920w\" sizes=\"(max-width: 800px) 100vw, 800px\" \/>\t\t\t\t\t\t\t\t\t\t\t\t\t\t\t<\/div>\n\t\t\t\t<\/div>\n\t\t\t\t\t<\/div>\n\t\t<\/div>\n\t\t\t\t\t<\/div>\n\t\t<\/section>\n\t\t\t\t<section class=\"elementor-section elementor-inner-section elementor-element elementor-element-e4a6a85 elementor-section-boxed elementor-section-height-default elementor-section-height-default wpr-particle-no wpr-jarallax-no wpr-parallax-no wpr-sticky-section-no\" data-id=\"e4a6a85\" data-element_type=\"section\">\n\t\t\t\t\t\t<div class=\"elementor-container elementor-column-gap-default\">\n\t\t\t\t\t<div class=\"elementor-column elementor-col-50 elementor-inner-column elementor-element elementor-element-ad5a278\" data-id=\"ad5a278\" data-element_type=\"column\">\n\t\t\t<div class=\"elementor-widget-wrap elementor-element-populated\">\n\t\t\t\t\t\t<div class=\"elementor-element elementor-element-5b751c2 elementor-widget elementor-widget-text-editor\" data-id=\"5b751c2\" data-element_type=\"widget\" data-widget_type=\"text-editor.default\">\n\t\t\t\t<div class=\"elementor-widget-container\">\n\t\t\t\t\t\t\t\t\t<p><span style=\"font-weight: 400;\">O <\/span><i><span style=\"font-weight: 400;\">Arm\u00e9nie, Terre de Vie<\/span><\/i><span style=\"font-weight: 400;\"> \u00e9 um programa de voluntariado criado e organizado pela UGAB Paris, que tem como objetivo aproximar jovens da di\u00e1spora de suas ra\u00edzes arm\u00eanias por meio de a\u00e7\u00f5es humanit\u00e1rias e comunit\u00e1rias na Arm\u00eania. Durante o per\u00edodo de voluntariado, que geralmente dura tr\u00eas semanas, os jovens participam de iniciativas voltadas \u00e0 reconstru\u00e7\u00e3o de escolas e jardins de inf\u00e2ncia, \u00e0 distribui\u00e7\u00e3o de mantimentos e produtos essenciais para fam\u00edlias deslocadas de Artsakh (Nagorno-Karabakh) e ao desenvolvimento de atividades educativas e de sa\u00fade junto a crian\u00e7as e comunidades locais.<\/span><\/p><p><span style=\"font-weight: 400;\">O programa re\u00fane jovens de diferentes pa\u00edses que s\u00e3o comprometidos com o importante trabalho humanit\u00e1rio e o desejo de fazer a diferen\u00e7a na vida do pr\u00f3ximo; Al\u00e9m de contribuir diretamente para o bem-estar das comunidades, o Arm\u00e9nie, Terre de Vie oferece aos participantes a oportunidade de vivenciar de perto a cultura, a hist\u00f3ria e os valores da Arm\u00eania, em uma experi\u00eancia transformadora.<\/span><\/p>\t\t\t\t\t\t\t\t<\/div>\n\t\t\t\t<\/div>\n\t\t\t\t\t<\/div>\n\t\t<\/div>\n\t\t\t\t<div class=\"elementor-column elementor-col-50 elementor-inner-column elementor-element elementor-element-7d9a878\" data-id=\"7d9a878\" data-element_type=\"column\">\n\t\t\t<div class=\"elementor-widget-wrap elementor-element-populated\">\n\t\t\t\t\t\t<div class=\"elementor-element elementor-element-3d4feea elementor-widget elementor-widget-text-editor\" data-id=\"3d4feea\" data-element_type=\"widget\" data-widget_type=\"text-editor.default\">\n\t\t\t\t<div class=\"elementor-widget-container\">\n\t\t\t\t\t\t\t\t\t<p><span style=\"font-weight: 400;\">Com o apoio da UGAB Brasil, arm\u00eanios-brasileiros j\u00e1 integraram o programa, representando a comunidade brasileira. E os jovens participantes foram: Enzo Deguirmendjian, Mary Ang\u00e9lica Pamboukdjian, Veronica Dermendjian &#8211; todos da primeira edi\u00e7\u00e3o, em 2023; Anthony Avedissian, Gabriela Avedissian e Vitor Sanazar &#8211; segunda edi\u00e7\u00e3o, em 2024; Andre Gazebayukian e Caroline Tchakerian Hakim, da terceira edi\u00e7\u00e3o, em 2025.<\/span><\/p><p><span style=\"font-weight: 400;\">Para saber mais sobre o programa e como participar nas pr\u00f3ximas edi\u00e7\u00f5es <\/span><a href=\"https:\/\/agbu.org\/armenie-terre-vie\"><span style=\"font-weight: 400;\">clique aqui.<\/span><\/a><\/p>\t\t\t\t\t\t\t\t<\/div>\n\t\t\t\t<\/div>\n\t\t\t\t\t<\/div>\n\t\t<\/div>\n\t\t\t\t\t<\/div>\n\t\t<\/section>\n\t\t\t\t\t<\/div>\n\t\t<\/div>\n\t\t\t\t\t<\/div>\n\t\t<\/section>\n\t\t\t\t<\/div>\n\t\t","protected":false},"excerpt":{"rendered":"<p>PROGRAMAS Arm\u00e9nie Terre de Vie O Arm\u00e9nie, Terre de Vie \u00e9 um programa de voluntariado criado e organizado pela UGAB Paris, que tem como objetivo aproximar jovens da di\u00e1spora de suas ra\u00edzes arm\u00eanias por meio de a\u00e7\u00f5es humanit\u00e1rias e comunit\u00e1rias na Arm\u00eania. Durante o per\u00edodo de voluntariado, que geralmente dura tr\u00eas semanas, os jovens participam de iniciativas voltadas \u00e0 reconstru\u00e7\u00e3o de escolas e jardins de inf\u00e2ncia, \u00e0 distribui\u00e7\u00e3o de mantimentos e produtos essenciais para fam\u00edlias deslocadas de Artsakh (Nagorno-Karabakh) e ao desenvolvimento de atividades educativas e de sa\u00fade junto a crian\u00e7as e comunidades locais. O programa re\u00fane jovens de diferentes pa\u00edses que s\u00e3o comprometidos com o importante trabalho humanit\u00e1rio e o desejo de fazer a diferen\u00e7a na vida do pr\u00f3ximo; Al\u00e9m de contribuir diretamente para o bem-estar das comunidades, o Arm\u00e9nie, Terre de Vie oferece aos participantes a oportunidade de vivenciar de perto a cultura, a hist\u00f3ria e os valores da Arm\u00eania, em uma experi\u00eancia transformadora. Com o apoio da UGAB Brasil, arm\u00eanios-brasileiros j\u00e1 integraram o programa, representando a comunidade brasileira. E os jovens participantes foram: Enzo Deguirmendjian, Mary Ang\u00e9lica Pamboukdjian, Veronica Dermendjian &#8211; todos da primeira edi\u00e7\u00e3o, em 2023; Anthony Avedissian, Gabriela Avedissian e Vitor Sanazar &#8211; segunda edi\u00e7\u00e3o, em 2024; Andre Gazebayukian e Caroline Tchakerian Hakim, da terceira edi\u00e7\u00e3o, em 2025. Para saber mais sobre o programa e como participar nas pr\u00f3ximas edi\u00e7\u00f5es clique aqui.<\/p>\n","protected":false},"author":1,"featured_media":0,"parent":0,"menu_order":0,"comment_status":"closed","ping_status":"closed","template":"","meta":{"_joinchat":[],"footnotes":""},"class_list":["post-1687","page","type-page","status-publish","hentry"],"_links":{"self":[{"href":"https:\/\/ugab.org.br\/site\/wp-json\/wp\/v2\/pages\/1687","targetHints":{"allow":["GET"]}}],"collection":[{"href":"https:\/\/ugab.org.br\/site\/wp-json\/wp\/v2\/pages"}],"about":[{"href":"https:\/\/ugab.org.br\/site\/wp-json\/wp\/v2\/types\/page"}],"author":[{"embeddable":true,"href":"https:\/\/ugab.org.br\/site\/wp-json\/wp\/v2\/users\/1"}],"replies":[{"embeddable":true,"href":"https:\/\/ugab.org.br\/site\/wp-json\/wp\/v2\/comments?post=1687"}],"version-history":[{"count":4,"href":"https:\/\/ugab.org.br\/site\/wp-json\/wp\/v2\/pages\/1687\/revisions"}],"predecessor-version":[{"id":1692,"href":"https:\/\/ugab.org.br\/site\/wp-json\/wp\/v2\/pages\/1687\/revisions\/1692"}],"wp:attachment":[{"href":"https:\/\/ugab.org.br\/site\/wp-json\/wp\/v2\/media?parent=1687"}],"curies":[{"name":"wp","href":"https:\/\/api.w.org\/{rel}","templated":true}]}}