{"id":857,"date":"2023-03-16T21:07:26","date_gmt":"2023-03-17T00:07:26","guid":{"rendered":"https:\/\/ugab.org.br\/site\/?page_id=857"},"modified":"2023-04-14T16:06:06","modified_gmt":"2023-04-14T19:06:06","slug":"musical-armenia","status":"publish","type":"page","link":"https:\/\/ugab.org.br\/site\/musical-armenia\/","title":{"rendered":"PROGRAMAS MUSICAL ARMENIA"},"content":{"rendered":"\t\t<div data-elementor-type=\"wp-post\" data-elementor-id=\"857\" class=\"elementor elementor-857\" data-elementor-post-type=\"page\">\n\t\t\t\t\t\t<section class=\"elementor-section elementor-top-section elementor-element elementor-element-377c704d elementor-section-boxed elementor-section-height-default elementor-section-height-default wpr-particle-no wpr-jarallax-no wpr-parallax-no wpr-sticky-section-no\" data-id=\"377c704d\" data-element_type=\"section\" data-settings=\"{&quot;background_background&quot;:&quot;classic&quot;}\">\n\t\t\t\t\t\t<div class=\"elementor-container elementor-column-gap-default\">\n\t\t\t\t\t<div class=\"elementor-column elementor-col-100 elementor-top-column elementor-element elementor-element-3b21469a\" data-id=\"3b21469a\" data-element_type=\"column\">\n\t\t\t<div class=\"elementor-widget-wrap elementor-element-populated\">\n\t\t\t\t\t\t<div class=\"elementor-element elementor-element-6d50f0ac elementor-widget elementor-widget-elementskit-heading\" data-id=\"6d50f0ac\" data-element_type=\"widget\" data-widget_type=\"elementskit-heading.default\">\n\t\t\t\t<div class=\"elementor-widget-container\">\n\t\t\t\t\t<div class=\"ekit-wid-con\" ><div class=\"ekit-heading elementskit-section-title-wraper text_center   ekit_heading_tablet-   ekit_heading_mobile-\"><h3 class=\"elementskit-section-subtitle  elementskit-style-border\">\n\t\t\t\t\t\tPROGRAMAS\n\t\t\t\t\t<\/h3><h2 class=\"ekit-heading--title elementskit-section-title \">Musical Armenia<\/h2><\/div><\/div>\t\t\t\t<\/div>\n\t\t\t\t<\/div>\n\t\t\t\t<section class=\"elementor-section elementor-inner-section elementor-element elementor-element-801533d elementor-section-boxed elementor-section-height-default elementor-section-height-default wpr-particle-no wpr-jarallax-no wpr-parallax-no wpr-sticky-section-no\" data-id=\"801533d\" data-element_type=\"section\">\n\t\t\t\t\t\t<div class=\"elementor-container elementor-column-gap-default\">\n\t\t\t\t\t<div class=\"elementor-column elementor-col-100 elementor-inner-column elementor-element elementor-element-b4e4bf8\" data-id=\"b4e4bf8\" data-element_type=\"column\">\n\t\t\t<div class=\"elementor-widget-wrap elementor-element-populated\">\n\t\t\t\t\t\t<div class=\"elementor-element elementor-element-97d8aa3 elementor-widget elementor-widget-image\" data-id=\"97d8aa3\" data-element_type=\"widget\" data-widget_type=\"image.default\">\n\t\t\t\t<div class=\"elementor-widget-container\">\n\t\t\t\t\t\t\t\t\t\t\t\t\t\t\t<img fetchpriority=\"high\" decoding=\"async\" width=\"800\" height=\"302\" src=\"https:\/\/ugab.org.br\/site\/wp-content\/uploads\/2023\/03\/Musical-Armenia-1024x386.jpg\" class=\"attachment-large size-large wp-image-675\" alt=\"\" srcset=\"https:\/\/ugab.org.br\/site\/wp-content\/uploads\/2023\/03\/Musical-Armenia-1024x386.jpg 1024w, https:\/\/ugab.org.br\/site\/wp-content\/uploads\/2023\/03\/Musical-Armenia-300x113.jpg 300w, https:\/\/ugab.org.br\/site\/wp-content\/uploads\/2023\/03\/Musical-Armenia-768x290.jpg 768w, https:\/\/ugab.org.br\/site\/wp-content\/uploads\/2023\/03\/Musical-Armenia.jpg 1140w\" sizes=\"(max-width: 800px) 100vw, 800px\" \/>\t\t\t\t\t\t\t\t\t\t\t\t\t\t\t<\/div>\n\t\t\t\t<\/div>\n\t\t\t\t\t<\/div>\n\t\t<\/div>\n\t\t\t\t\t<\/div>\n\t\t<\/section>\n\t\t\t\t<section class=\"elementor-section elementor-inner-section elementor-element elementor-element-e4a6a85 elementor-section-boxed elementor-section-height-default elementor-section-height-default wpr-particle-no wpr-jarallax-no wpr-parallax-no wpr-sticky-section-no\" data-id=\"e4a6a85\" data-element_type=\"section\">\n\t\t\t\t\t\t<div class=\"elementor-container elementor-column-gap-default\">\n\t\t\t\t\t<div class=\"elementor-column elementor-col-50 elementor-inner-column elementor-element elementor-element-ad5a278\" data-id=\"ad5a278\" data-element_type=\"column\">\n\t\t\t<div class=\"elementor-widget-wrap elementor-element-populated\">\n\t\t\t\t\t\t<div class=\"elementor-element elementor-element-5b751c2 elementor-widget elementor-widget-text-editor\" data-id=\"5b751c2\" data-element_type=\"widget\" data-widget_type=\"text-editor.default\">\n\t\t\t\t<div class=\"elementor-widget-container\">\n\t\t\t\t\t\t\t\t\t<p>O Musical Armenia \u00e9 o programa da UGAB que re\u00fane aspirantes e profissionais da m\u00fasica para tr\u00eas semanas de masterclasses, aulas e palestras em Yerevan, com m\u00fasicos e music\u00f3logos arm\u00eanios de destaque em diversas \u00e1reas de atua\u00e7\u00e3o.<\/p><p>Mais do que fazer parte de uma iniciativa de educa\u00e7\u00e3o musical, os participantes do Musical Armenia tamb\u00e9m participam de excurs\u00f5es e atividades culturais, descobrindo a Arm\u00eania em diversos aspectos, como sua natureza, sua culin\u00e1ria e seu povo. Al\u00e9m disso, exploram a t\u00e9cnica e a hist\u00f3ria da m\u00fasica arm\u00eania e os instrumentos arm\u00eanios, compreendendo, assim, o que torna a m\u00fasica arm\u00eania t\u00e3o \u00fanica e especial.<\/p>\t\t\t\t\t\t\t\t<\/div>\n\t\t\t\t<\/div>\n\t\t\t\t\t<\/div>\n\t\t<\/div>\n\t\t\t\t<div class=\"elementor-column elementor-col-50 elementor-inner-column elementor-element elementor-element-7d9a878\" data-id=\"7d9a878\" data-element_type=\"column\">\n\t\t\t<div class=\"elementor-widget-wrap elementor-element-populated\">\n\t\t\t\t\t\t<div class=\"elementor-element elementor-element-3d4feea elementor-widget elementor-widget-text-editor\" data-id=\"3d4feea\" data-element_type=\"widget\" data-widget_type=\"text-editor.default\">\n\t\t\t\t<div class=\"elementor-widget-container\">\n\t\t\t\t\t\t\t\t\t<p>Ap\u00f3s tr\u00eas semanas, o encerramento do programa \u00e9 celebrado com um grand finale: um concerto onde alunos e professores se apresentam lado a lado, apresentando o melhor da m\u00fasica arm\u00eania ao p\u00fablico.<\/p><p>O programa \u00e9 aberto para pessoas de todas as idades e origens. Para saber mais informa\u00e7\u00f5es sobre regras, valores, a possibilidade de ganhar uma bolsa e at\u00e9 a oportunidade de falar com participantes das edi\u00e7\u00f5es passadas, visite o site oficial do programa, clicando\u00a0<a href=\"https:\/\/www.agbuperformingarts.org\/musicalarmenia\/\" target=\"_blank\" rel=\"noopener\">aqui<\/a>.<\/p>\t\t\t\t\t\t\t\t<\/div>\n\t\t\t\t<\/div>\n\t\t\t\t\t<\/div>\n\t\t<\/div>\n\t\t\t\t\t<\/div>\n\t\t<\/section>\n\t\t\t\t\t<\/div>\n\t\t<\/div>\n\t\t\t\t\t<\/div>\n\t\t<\/section>\n\t\t\t\t<\/div>\n\t\t","protected":false},"excerpt":{"rendered":"<p>PROGRAMAS Musical Armenia O Musical Armenia \u00e9 o programa da UGAB que re\u00fane aspirantes e profissionais da m\u00fasica para tr\u00eas semanas de masterclasses, aulas e palestras em Yerevan, com m\u00fasicos e music\u00f3logos arm\u00eanios de destaque em diversas \u00e1reas de atua\u00e7\u00e3o. Mais do que fazer parte de uma iniciativa de educa\u00e7\u00e3o musical, os participantes do Musical Armenia tamb\u00e9m participam de excurs\u00f5es e atividades culturais, descobrindo a Arm\u00eania em diversos aspectos, como sua natureza, sua culin\u00e1ria e seu povo. Al\u00e9m disso, exploram a t\u00e9cnica e a hist\u00f3ria da m\u00fasica arm\u00eania e os instrumentos arm\u00eanios, compreendendo, assim, o que torna a m\u00fasica arm\u00eania t\u00e3o \u00fanica e especial. Ap\u00f3s tr\u00eas semanas, o encerramento do programa \u00e9 celebrado com um grand finale: um concerto onde alunos e professores se apresentam lado a lado, apresentando o melhor da m\u00fasica arm\u00eania ao p\u00fablico. O programa \u00e9 aberto para pessoas de todas as idades e origens. Para saber mais informa\u00e7\u00f5es sobre regras, valores, a possibilidade de ganhar uma bolsa e at\u00e9 a oportunidade de falar com participantes das edi\u00e7\u00f5es passadas, visite o site oficial do programa, clicando\u00a0aqui.<\/p>\n","protected":false},"author":1,"featured_media":0,"parent":0,"menu_order":0,"comment_status":"closed","ping_status":"closed","template":"","meta":{"_joinchat":[],"footnotes":""},"class_list":["post-857","page","type-page","status-publish","hentry"],"_links":{"self":[{"href":"https:\/\/ugab.org.br\/site\/wp-json\/wp\/v2\/pages\/857","targetHints":{"allow":["GET"]}}],"collection":[{"href":"https:\/\/ugab.org.br\/site\/wp-json\/wp\/v2\/pages"}],"about":[{"href":"https:\/\/ugab.org.br\/site\/wp-json\/wp\/v2\/types\/page"}],"author":[{"embeddable":true,"href":"https:\/\/ugab.org.br\/site\/wp-json\/wp\/v2\/users\/1"}],"replies":[{"embeddable":true,"href":"https:\/\/ugab.org.br\/site\/wp-json\/wp\/v2\/comments?post=857"}],"version-history":[{"count":7,"href":"https:\/\/ugab.org.br\/site\/wp-json\/wp\/v2\/pages\/857\/revisions"}],"predecessor-version":[{"id":1106,"href":"https:\/\/ugab.org.br\/site\/wp-json\/wp\/v2\/pages\/857\/revisions\/1106"}],"wp:attachment":[{"href":"https:\/\/ugab.org.br\/site\/wp-json\/wp\/v2\/media?parent=857"}],"curies":[{"name":"wp","href":"https:\/\/api.w.org\/{rel}","templated":true}]}}