{"id":865,"date":"2023-03-16T21:21:40","date_gmt":"2023-03-17T00:21:40","guid":{"rendered":"https:\/\/ugab.org.br\/site\/?page_id=865"},"modified":"2023-04-14T16:03:05","modified_gmt":"2023-04-14T19:03:05","slug":"assistencia-social","status":"publish","type":"page","link":"https:\/\/ugab.org.br\/site\/assistencia-social\/","title":{"rendered":"PROGRAMAS ASSISTENCIA SOCIAL"},"content":{"rendered":"\t\t<div data-elementor-type=\"wp-post\" data-elementor-id=\"865\" class=\"elementor elementor-865\" data-elementor-post-type=\"page\">\n\t\t\t\t\t\t<section class=\"elementor-section elementor-top-section elementor-element elementor-element-377c704d elementor-section-boxed elementor-section-height-default elementor-section-height-default wpr-particle-no wpr-jarallax-no wpr-parallax-no wpr-sticky-section-no\" data-id=\"377c704d\" data-element_type=\"section\" data-settings=\"{&quot;background_background&quot;:&quot;classic&quot;}\">\n\t\t\t\t\t\t<div class=\"elementor-container elementor-column-gap-default\">\n\t\t\t\t\t<div class=\"elementor-column elementor-col-100 elementor-top-column elementor-element elementor-element-3b21469a\" data-id=\"3b21469a\" data-element_type=\"column\">\n\t\t\t<div class=\"elementor-widget-wrap elementor-element-populated\">\n\t\t\t\t\t\t<div class=\"elementor-element elementor-element-6d50f0ac elementor-widget elementor-widget-elementskit-heading\" data-id=\"6d50f0ac\" data-element_type=\"widget\" data-widget_type=\"elementskit-heading.default\">\n\t\t\t\t<div class=\"elementor-widget-container\">\n\t\t\t\t\t<div class=\"ekit-wid-con\" ><div class=\"ekit-heading elementskit-section-title-wraper text_center   ekit_heading_tablet-   ekit_heading_mobile-\"><h3 class=\"elementskit-section-subtitle  elementskit-style-border\">\n\t\t\t\t\t\tPROGRAMAS\n\t\t\t\t\t<\/h3><h2 class=\"ekit-heading--title elementskit-section-title \">Assist\u00eancia Social<\/h2><\/div><\/div>\t\t\t\t<\/div>\n\t\t\t\t<\/div>\n\t\t\t\t<section class=\"elementor-section elementor-inner-section elementor-element elementor-element-801533d elementor-section-boxed elementor-section-height-default elementor-section-height-default wpr-particle-no wpr-jarallax-no wpr-parallax-no wpr-sticky-section-no\" data-id=\"801533d\" data-element_type=\"section\">\n\t\t\t\t\t\t<div class=\"elementor-container elementor-column-gap-default\">\n\t\t\t\t\t<div class=\"elementor-column elementor-col-100 elementor-inner-column elementor-element elementor-element-b4e4bf8\" data-id=\"b4e4bf8\" data-element_type=\"column\">\n\t\t\t<div class=\"elementor-widget-wrap elementor-element-populated\">\n\t\t\t\t\t\t<div class=\"elementor-element elementor-element-97d8aa3 elementor-widget elementor-widget-image\" data-id=\"97d8aa3\" data-element_type=\"widget\" data-widget_type=\"image.default\">\n\t\t\t\t<div class=\"elementor-widget-container\">\n\t\t\t\t\t\t\t\t\t\t\t\t\t\t\t<img fetchpriority=\"high\" decoding=\"async\" width=\"800\" height=\"302\" src=\"https:\/\/ugab.org.br\/site\/wp-content\/uploads\/2023\/03\/AssistenciaSocial-1024x386.png\" class=\"attachment-large size-large wp-image-680\" alt=\"\" srcset=\"https:\/\/ugab.org.br\/site\/wp-content\/uploads\/2023\/03\/AssistenciaSocial-1024x386.png 1024w, https:\/\/ugab.org.br\/site\/wp-content\/uploads\/2023\/03\/AssistenciaSocial-300x113.png 300w, https:\/\/ugab.org.br\/site\/wp-content\/uploads\/2023\/03\/AssistenciaSocial-768x290.png 768w, https:\/\/ugab.org.br\/site\/wp-content\/uploads\/2023\/03\/AssistenciaSocial.png 1140w\" sizes=\"(max-width: 800px) 100vw, 800px\" \/>\t\t\t\t\t\t\t\t\t\t\t\t\t\t\t<\/div>\n\t\t\t\t<\/div>\n\t\t\t\t\t<\/div>\n\t\t<\/div>\n\t\t\t\t\t<\/div>\n\t\t<\/section>\n\t\t\t\t<section class=\"elementor-section elementor-inner-section elementor-element elementor-element-e4a6a85 elementor-section-boxed elementor-section-height-default elementor-section-height-default wpr-particle-no wpr-jarallax-no wpr-parallax-no wpr-sticky-section-no\" data-id=\"e4a6a85\" data-element_type=\"section\">\n\t\t\t\t\t\t<div class=\"elementor-container elementor-column-gap-default\">\n\t\t\t\t\t<div class=\"elementor-column elementor-col-50 elementor-inner-column elementor-element elementor-element-ad5a278\" data-id=\"ad5a278\" data-element_type=\"column\">\n\t\t\t<div class=\"elementor-widget-wrap elementor-element-populated\">\n\t\t\t\t\t\t<div class=\"elementor-element elementor-element-5b751c2 elementor-widget elementor-widget-text-editor\" data-id=\"5b751c2\" data-element_type=\"widget\" data-widget_type=\"text-editor.default\">\n\t\t\t\t<div class=\"elementor-widget-container\">\n\t\t\t\t\t\t\t\t\t<p>Pensando no bem-estar de diversas fam\u00edlias em situa\u00e7\u00e3o de necessidade, a\u00a0 UGAB Brasil, por meio de seu Departamento de Assist\u00eancia Social, auxilia mensalmente xxx fam\u00edlias. As ajudas prestadas s\u00e3o realizadas de diversos modos, como a concess\u00e3o de aux\u00edlio financeiro, medicamentos, moradia, cestas b\u00e1sicas ou tratamento m\u00e9dico.<\/p>\t\t\t\t\t\t\t\t<\/div>\n\t\t\t\t<\/div>\n\t\t\t\t\t<\/div>\n\t\t<\/div>\n\t\t\t\t<div class=\"elementor-column elementor-col-50 elementor-inner-column elementor-element elementor-element-7d9a878\" data-id=\"7d9a878\" data-element_type=\"column\">\n\t\t\t<div class=\"elementor-widget-wrap elementor-element-populated\">\n\t\t\t\t\t\t<div class=\"elementor-element elementor-element-3d4feea elementor-widget elementor-widget-text-editor\" data-id=\"3d4feea\" data-element_type=\"widget\" data-widget_type=\"text-editor.default\">\n\t\t\t\t<div class=\"elementor-widget-container\">\n\t\t\t\t\t\t\t\t\t<p>Caso voc\u00ea tenha interesse em receber algum tipo de aux\u00edlio, novos pedidos para a inclus\u00e3o no nosso programa de assist\u00eancia social devem ser realizados\u00a0atrav\u00e9s de contato telef\u00f4nico, pelo\u00a0<strong><a href=\"tel:+551138149299\" target=\"_blank\" rel=\"noopener\">(11) 3814-9299<\/a><\/strong>.<\/p><p>Ap\u00f3s uma an\u00e1lise documental e de uma visita ao solicitante, nosso departamento escolher\u00e1 a melhor forma de aux\u00edlio.<\/p>\t\t\t\t\t\t\t\t<\/div>\n\t\t\t\t<\/div>\n\t\t\t\t\t<\/div>\n\t\t<\/div>\n\t\t\t\t\t<\/div>\n\t\t<\/section>\n\t\t\t\t\t<\/div>\n\t\t<\/div>\n\t\t\t\t\t<\/div>\n\t\t<\/section>\n\t\t\t\t<\/div>\n\t\t","protected":false},"excerpt":{"rendered":"<p>PROGRAMAS Assist\u00eancia Social Pensando no bem-estar de diversas fam\u00edlias em situa\u00e7\u00e3o de necessidade, a\u00a0 UGAB Brasil, por meio de seu Departamento de Assist\u00eancia Social, auxilia mensalmente xxx fam\u00edlias. As ajudas prestadas s\u00e3o realizadas de diversos modos, como a concess\u00e3o de aux\u00edlio financeiro, medicamentos, moradia, cestas b\u00e1sicas ou tratamento m\u00e9dico. Caso voc\u00ea tenha interesse em receber algum tipo de aux\u00edlio, novos pedidos para a inclus\u00e3o no nosso programa de assist\u00eancia social devem ser realizados\u00a0atrav\u00e9s de contato telef\u00f4nico, pelo\u00a0(11) 3814-9299. Ap\u00f3s uma an\u00e1lise documental e de uma visita ao solicitante, nosso departamento escolher\u00e1 a melhor forma de aux\u00edlio.<\/p>\n","protected":false},"author":1,"featured_media":0,"parent":0,"menu_order":0,"comment_status":"closed","ping_status":"closed","template":"","meta":{"_joinchat":[],"footnotes":""},"class_list":["post-865","page","type-page","status-publish","hentry"],"_links":{"self":[{"href":"https:\/\/ugab.org.br\/site\/wp-json\/wp\/v2\/pages\/865","targetHints":{"allow":["GET"]}}],"collection":[{"href":"https:\/\/ugab.org.br\/site\/wp-json\/wp\/v2\/pages"}],"about":[{"href":"https:\/\/ugab.org.br\/site\/wp-json\/wp\/v2\/types\/page"}],"author":[{"embeddable":true,"href":"https:\/\/ugab.org.br\/site\/wp-json\/wp\/v2\/users\/1"}],"replies":[{"embeddable":true,"href":"https:\/\/ugab.org.br\/site\/wp-json\/wp\/v2\/comments?post=865"}],"version-history":[{"count":7,"href":"https:\/\/ugab.org.br\/site\/wp-json\/wp\/v2\/pages\/865\/revisions"}],"predecessor-version":[{"id":1088,"href":"https:\/\/ugab.org.br\/site\/wp-json\/wp\/v2\/pages\/865\/revisions\/1088"}],"wp:attachment":[{"href":"https:\/\/ugab.org.br\/site\/wp-json\/wp\/v2\/media?parent=865"}],"curies":[{"name":"wp","href":"https:\/\/api.w.org\/{rel}","templated":true}]}}