{"id":870,"date":"2023-03-16T21:23:42","date_gmt":"2023-03-17T00:23:42","guid":{"rendered":"https:\/\/ugab.org.br\/site\/?page_id=870"},"modified":"2023-04-14T16:05:45","modified_gmt":"2023-04-14T19:05:45","slug":"focus","status":"publish","type":"page","link":"https:\/\/ugab.org.br\/site\/focus\/","title":{"rendered":"PROGRAMAS FOCUS"},"content":{"rendered":"\t\t<div data-elementor-type=\"wp-post\" data-elementor-id=\"870\" class=\"elementor elementor-870\" data-elementor-post-type=\"page\">\n\t\t\t\t\t\t<section class=\"elementor-section elementor-top-section elementor-element elementor-element-377c704d elementor-section-boxed elementor-section-height-default elementor-section-height-default wpr-particle-no wpr-jarallax-no wpr-parallax-no wpr-sticky-section-no\" data-id=\"377c704d\" data-element_type=\"section\" data-settings=\"{&quot;background_background&quot;:&quot;classic&quot;}\">\n\t\t\t\t\t\t<div class=\"elementor-container elementor-column-gap-default\">\n\t\t\t\t\t<div class=\"elementor-column elementor-col-100 elementor-top-column elementor-element elementor-element-3b21469a\" data-id=\"3b21469a\" data-element_type=\"column\">\n\t\t\t<div class=\"elementor-widget-wrap elementor-element-populated\">\n\t\t\t\t\t\t<div class=\"elementor-element elementor-element-6d50f0ac elementor-widget elementor-widget-elementskit-heading\" data-id=\"6d50f0ac\" data-element_type=\"widget\" data-widget_type=\"elementskit-heading.default\">\n\t\t\t\t<div class=\"elementor-widget-container\">\n\t\t\t\t\t<div class=\"ekit-wid-con\" ><div class=\"ekit-heading elementskit-section-title-wraper text_center   ekit_heading_tablet-   ekit_heading_mobile-\"><h3 class=\"elementskit-section-subtitle  elementskit-style-border\">\n\t\t\t\t\t\tPROGRAMAS\n\t\t\t\t\t<\/h3><h2 class=\"ekit-heading--title elementskit-section-title \">Focus<\/h2><\/div><\/div>\t\t\t\t<\/div>\n\t\t\t\t<\/div>\n\t\t\t\t<section class=\"elementor-section elementor-inner-section elementor-element elementor-element-801533d elementor-section-boxed elementor-section-height-default elementor-section-height-default wpr-particle-no wpr-jarallax-no wpr-parallax-no wpr-sticky-section-no\" data-id=\"801533d\" data-element_type=\"section\">\n\t\t\t\t\t\t<div class=\"elementor-container elementor-column-gap-default\">\n\t\t\t\t\t<div class=\"elementor-column elementor-col-100 elementor-inner-column elementor-element elementor-element-b4e4bf8\" data-id=\"b4e4bf8\" data-element_type=\"column\">\n\t\t\t<div class=\"elementor-widget-wrap elementor-element-populated\">\n\t\t\t\t\t\t<div class=\"elementor-element elementor-element-97d8aa3 elementor-widget elementor-widget-image\" data-id=\"97d8aa3\" data-element_type=\"widget\" data-widget_type=\"image.default\">\n\t\t\t\t<div class=\"elementor-widget-container\">\n\t\t\t\t\t\t\t\t\t\t\t\t\t\t\t<img fetchpriority=\"high\" decoding=\"async\" width=\"800\" height=\"533\" src=\"https:\/\/ugab.org.br\/site\/wp-content\/uploads\/2023\/03\/FOCUS2.jpg\" class=\"attachment-large size-large wp-image-682\" alt=\"\" srcset=\"https:\/\/ugab.org.br\/site\/wp-content\/uploads\/2023\/03\/FOCUS2.jpg 900w, https:\/\/ugab.org.br\/site\/wp-content\/uploads\/2023\/03\/FOCUS2-300x200.jpg 300w, https:\/\/ugab.org.br\/site\/wp-content\/uploads\/2023\/03\/FOCUS2-768x512.jpg 768w\" sizes=\"(max-width: 800px) 100vw, 800px\" \/>\t\t\t\t\t\t\t\t\t\t\t\t\t\t\t<\/div>\n\t\t\t\t<\/div>\n\t\t\t\t\t<\/div>\n\t\t<\/div>\n\t\t\t\t\t<\/div>\n\t\t<\/section>\n\t\t\t\t<section class=\"elementor-section elementor-inner-section elementor-element elementor-element-e4a6a85 elementor-section-boxed elementor-section-height-default elementor-section-height-default wpr-particle-no wpr-jarallax-no wpr-parallax-no wpr-sticky-section-no\" data-id=\"e4a6a85\" data-element_type=\"section\">\n\t\t\t\t\t\t<div class=\"elementor-container elementor-column-gap-default\">\n\t\t\t\t\t<div class=\"elementor-column elementor-col-50 elementor-inner-column elementor-element elementor-element-ad5a278\" data-id=\"ad5a278\" data-element_type=\"column\">\n\t\t\t<div class=\"elementor-widget-wrap elementor-element-populated\">\n\t\t\t\t\t\t<div class=\"elementor-element elementor-element-5b751c2 elementor-widget elementor-widget-text-editor\" data-id=\"5b751c2\" data-element_type=\"widget\" data-widget_type=\"text-editor.default\">\n\t\t\t\t<div class=\"elementor-widget-container\">\n\t\t\t\t\t\t\t\t\t<div class=\"wpb_text_column\"><div class=\"wpb_wrapper\"><p>O FOCUS \u00e9 um evento \u00fanico que re\u00fane e conecta jovens arm\u00eanios de todo o mundo para que possam compartilhar suas ideias, suas perspectivas de mundo e expandir ainda mais as suas redes profissionais e pessoais.<\/p><p>Realizado a cada dois anos em uma cidade cosmopolita e global, os participantes do FOCUS desfrutam de uma s\u00e9rie de eventos que mostram a cultura da cidade anfitri\u00e3 ao mesmo tempo que exploram suas identidades arm\u00eanias<\/p><\/div><\/div><div class=\"w-image align_none\"><p>Mais do que isso, o evento, al\u00e9m de impactar positivamente gera\u00e7\u00f5es de jovens arm\u00eanios do mundo todo, serve como uma plataforma para arrecadar fundos para os projetos da UGAB.<\/p><\/div>\t\t\t\t\t\t\t\t<\/div>\n\t\t\t\t<\/div>\n\t\t\t\t\t<\/div>\n\t\t<\/div>\n\t\t\t\t<div class=\"elementor-column elementor-col-50 elementor-inner-column elementor-element elementor-element-7d9a878\" data-id=\"7d9a878\" data-element_type=\"column\">\n\t\t\t<div class=\"elementor-widget-wrap elementor-element-populated\">\n\t\t\t\t\t\t<div class=\"elementor-element elementor-element-3d4feea elementor-widget elementor-widget-text-editor\" data-id=\"3d4feea\" data-element_type=\"widget\" data-widget_type=\"text-editor.default\">\n\t\t\t\t<div class=\"elementor-widget-container\">\n\t\t\t\t\t\t\t\t\t<p>O FOCUS, evento iniciado pelo\u00a0<strong><a href=\"http:\/\/ugab.org.br\/programa\/yp-professionals\/\">Grupo de Jovens Profissionais da UGAB<\/a><\/strong>, j\u00e1 reuniu milhares de pessoas em suas 10 edi\u00e7\u00f5es e j\u00e1 arrecadou mais de 500 mil d\u00f3lares para diversos programas da UGAB \u2013 na \u00faltima edi\u00e7\u00e3o, 120 mil d\u00f3lares foram arrecadados para o Programa de Mulheres Empreendedoras da UGAB.<\/p><p>O evento j\u00e1 foi realizado nas seguintes cidades: Nova York (2001 e 2007), Montreal (2003), Miami (2005), Chicago (2009), Paris (2011), S\u00e3o Francisco (2013), Toronto (2015), Beirute (2017) e, pela primeira vez no Hemisf\u00e9rio Sul, S\u00e3o Paulo (2019)<\/p><p>N\u00e3o perca essa oportunidade incr\u00edvel. Conecte-se com outros arm\u00eanios e expanda as suas redes profissionais e pessoais, participando do pr\u00f3ximo FOCUS. Para ler mais sobre o evento, visite o site oficial do FOCUS, clicando\u00a0<a href=\"https:\/\/agbufocus.org\/\" target=\"_blank\" rel=\"noopener\">aqui<\/a>.<\/p><p>Para saber mais sobre a \u00faltima edi\u00e7\u00e3o do FOCUS,<a href=\"http:\/\/ugab.org.br\/focus\/\" target=\"_blank\" rel=\"noopener\"><strong>\u00a0clique aqui<\/strong><\/a>.<\/p>\t\t\t\t\t\t\t\t<\/div>\n\t\t\t\t<\/div>\n\t\t\t\t\t<\/div>\n\t\t<\/div>\n\t\t\t\t\t<\/div>\n\t\t<\/section>\n\t\t\t\t<div class=\"elementor-element elementor-element-e6d2339 elementor-widget elementor-widget-spacer\" data-id=\"e6d2339\" data-element_type=\"widget\" data-widget_type=\"spacer.default\">\n\t\t\t\t<div class=\"elementor-widget-container\">\n\t\t\t\t\t\t\t<div class=\"elementor-spacer\">\n\t\t\t<div class=\"elementor-spacer-inner\"><\/div>\n\t\t<\/div>\n\t\t\t\t\t\t<\/div>\n\t\t\t\t<\/div>\n\t\t\t\t<section class=\"elementor-section elementor-inner-section elementor-element elementor-element-924376e elementor-section-boxed elementor-section-height-default elementor-section-height-default wpr-particle-no wpr-jarallax-no wpr-parallax-no wpr-sticky-section-no\" data-id=\"924376e\" data-element_type=\"section\">\n\t\t\t\t\t\t<div class=\"elementor-container elementor-column-gap-default\">\n\t\t\t\t\t<div class=\"elementor-column elementor-col-50 elementor-inner-column elementor-element elementor-element-eb4c912\" data-id=\"eb4c912\" data-element_type=\"column\">\n\t\t\t<div class=\"elementor-widget-wrap elementor-element-populated\">\n\t\t\t\t\t\t<div class=\"elementor-element elementor-element-01a8e6f elementor-widget elementor-widget-text-editor\" data-id=\"01a8e6f\" data-element_type=\"widget\" data-widget_type=\"text-editor.default\">\n\t\t\t\t<div class=\"elementor-widget-container\">\n\t\t\t\t\t\t\t\t\t<div class=\"wpb_text_column\"><div class=\"wpb_wrapper\"><h2 class=\"w-text\"><span class=\"w-text-h\"><span class=\"w-text-value\">Focus em SP<\/span><\/span><\/h2><div class=\"wpb_text_column\"><div class=\"wpb_wrapper\"><p>A edi\u00e7\u00e3o de S\u00e3o Paulo, a primeira realizada no hemisf\u00e9rio sul, foi a mais diversificada de todas, j\u00e1 que reuniu jovens arm\u00eanios de 26 pa\u00edses. Durante quatro dias, entre os dias 18 e 21 de julho, os participantes participaram de diversos eventos, aplicaram suas redes sociais e profissionais e apoiaram o empreendedorismo feminino por meio do Programa de Mulheres Empreendedoras da UGAB. Um dia antes do in\u00edcio oficial do evento, os participantes tiveram um dia de turismo na cidade de S\u00e3o Paulo, que incluiu uma visita \u00e0 Igreja Apost\u00f3lica Arm\u00eania de S\u00e3o Jorge.<\/p><\/div><\/div><\/div><\/div>\t\t\t\t\t\t\t\t<\/div>\n\t\t\t\t<\/div>\n\t\t\t\t<div class=\"elementor-element elementor-element-64170c0 elementor-widget elementor-widget-image\" data-id=\"64170c0\" data-element_type=\"widget\" data-widget_type=\"image.default\">\n\t\t\t\t<div class=\"elementor-widget-container\">\n\t\t\t\t\t\t\t\t\t\t\t\t\t\t\t<img decoding=\"async\" width=\"800\" height=\"533\" src=\"https:\/\/ugab.org.br\/site\/wp-content\/uploads\/2023\/03\/YPMeeting.jpg\" class=\"attachment-large size-large wp-image-872\" alt=\"\" srcset=\"https:\/\/ugab.org.br\/site\/wp-content\/uploads\/2023\/03\/YPMeeting.jpg 900w, https:\/\/ugab.org.br\/site\/wp-content\/uploads\/2023\/03\/YPMeeting-300x200.jpg 300w, https:\/\/ugab.org.br\/site\/wp-content\/uploads\/2023\/03\/YPMeeting-768x512.jpg 768w\" sizes=\"(max-width: 800px) 100vw, 800px\" \/>\t\t\t\t\t\t\t\t\t\t\t\t\t\t\t<\/div>\n\t\t\t\t<\/div>\n\t\t\t\t\t<\/div>\n\t\t<\/div>\n\t\t\t\t<div class=\"elementor-column elementor-col-50 elementor-inner-column elementor-element elementor-element-8afc58c\" data-id=\"8afc58c\" data-element_type=\"column\">\n\t\t\t<div class=\"elementor-widget-wrap elementor-element-populated\">\n\t\t\t\t\t\t<div class=\"elementor-element elementor-element-1babf92 elementor-widget elementor-widget-text-editor\" data-id=\"1babf92\" data-element_type=\"widget\" data-widget_type=\"text-editor.default\">\n\t\t\t\t<div class=\"elementor-widget-container\">\n\t\t\t\t\t\t\t\t\t<p>Por\u00e9m, o FOCUS come\u00e7ou oficialmente no dia 18 com o YP Meeting, a reuni\u00e3o dos Jovens Profissionais YP que ajudou a estudar quais s\u00e3o as iniciativas feitas em cada pa\u00eds, dos 37 escrit\u00f3rios YPs pelo mundo.<\/p><p>E no mesmo dia, abordando o tema \u201csobre o futuro de ser arm\u00eanio\u201d, aconteceu o Perspectivas, o segundo evento do FOCUS, onde foram discutidos os desafios e impactos de ser arm\u00eanio na vida social e profissional de cada um e o papel da nova gera\u00e7\u00e3o de l\u00edderes arm\u00eanios na comunidade global arm\u00eania.<\/p><p>Depois, as ideias discutidas no Perspectivas foram colocadas em pr\u00e1tica no terceiro evento oficial do FOCUS, a Confer\u00eancia, onde jovens profissionais se reuniram para discutir os programas existentes da UGAB e tiveram a oportunidade de criar um \u201cpitch\u201d para ser apresentado. Al\u00e9m disso, pela primeira vez, os participantes puderam votar nos finalistas do AGBU Noubar Nazarian YP Innovators Fund \u2013 ideias vindas da Fran\u00e7a, Coreia do Sul e Inglaterra estavam em disputa pelo pr\u00eamio e financiamento de US$ 20.000!<\/p><p>O FOCUS tamb\u00e9m explora a cidade anfitri\u00e3 e, como n\u00e3o poderia faltar em qualquer reuni\u00e3o de arm\u00eanios, possui muita arte! Por isso, o quarto evento foi a Night Club, onde os participantes curtiram uma das melhores baladas de S\u00e3o Paulo, uma cidade conhecida mundialmente por sua vida noturna.<\/p><p>No outro dia, o evento que misturou a cultura local com a arm\u00eania foi o Focus on Arts, que, pela primeira vez, escolheu a m\u00fasica como o principal destaque. Al\u00e9m da banda ao vivo, teve live painting, realizado pela artista arm\u00eania-brasileira Juliana Kalaigian, foram exibidos trechos do document\u00e1rio \u201cWe Are Our Mountains\u201d, do cineasta uruguaio Federico lemos, que mostra um pouco da vida, conflitos e quest\u00f5es geopol\u00edticas em Artsakh.<\/p>\t\t\t\t\t\t\t\t<\/div>\n\t\t\t\t<\/div>\n\t\t\t\t\t<\/div>\n\t\t<\/div>\n\t\t\t\t\t<\/div>\n\t\t<\/section>\n\t\t\t\t<section class=\"elementor-section elementor-inner-section elementor-element elementor-element-6ef6e4d elementor-section-boxed elementor-section-height-default elementor-section-height-default wpr-particle-no wpr-jarallax-no wpr-parallax-no wpr-sticky-section-no\" data-id=\"6ef6e4d\" data-element_type=\"section\">\n\t\t\t\t\t\t<div class=\"elementor-container elementor-column-gap-default\">\n\t\t\t\t\t<div class=\"elementor-column elementor-col-50 elementor-inner-column elementor-element elementor-element-aeab8e0\" data-id=\"aeab8e0\" data-element_type=\"column\">\n\t\t\t<div class=\"elementor-widget-wrap elementor-element-populated\">\n\t\t\t\t\t\t<div class=\"elementor-element elementor-element-c88dae1 elementor-widget elementor-widget-text-editor\" data-id=\"c88dae1\" data-element_type=\"widget\" data-widget_type=\"text-editor.default\">\n\t\t\t\t<div class=\"elementor-widget-container\">\n\t\t\t\t\t\t\t\t\t<p>O principal evento do FOCUS S\u00e3o Paulo foi o Gala, realizado no tradicional Jockey Club, que contou com v\u00e1rias atra\u00e7\u00f5es especiais, incluindo o an\u00fancio da doa\u00e7\u00e3o total de US$ 120.000 (o recorde de arrecada\u00e7\u00f5es de todas as edi\u00e7\u00f5es anteriores do Focus) destinados ao Programa de Mulheres Empreendedoras da UGAB, a divulga\u00e7\u00e3o do vencedor do pr\u00eamio de empreendedorismo da AGBU Noubar Nazarian YP Innovators Fund \u2013 o criador do Little Armenias\u2013, al\u00e9m da participa\u00e7\u00e3o da escola de samba Sociedade Rosas de Ouro, que homenageou a Arm\u00eania no Carnaval de 2019 com o tema \u201cViva Haystan\u201d.<\/p><p>O \u00faltimo evento foi o Brunch, onde todos os participantes se reencontraram para um \u201cat\u00e9 logo\u201d e para combinarem um reencontro na pr\u00f3xima edi\u00e7\u00e3o do FOCUS. E ainda deu tempo de mais passeios em S\u00e3o Paulo, para conhecer o Beco do Batman e a sede da UGAB.<\/p><p>Para saber mais sobre as edi\u00e7\u00f5es passadas e conhecer onde ser\u00e1 a pr\u00f3xima, n\u00e3o deixe de visitar o site oficial do FOCUS:\u00a0<a href=\"https:\/\/agbufocus.org\/\" target=\"_blank\" rel=\"noopener\">https:\/\/agbufocus.org\/<\/a><\/p><p>\u00a0<\/p>\t\t\t\t\t\t\t\t<\/div>\n\t\t\t\t<\/div>\n\t\t\t\t\t<\/div>\n\t\t<\/div>\n\t\t\t\t<div class=\"elementor-column elementor-col-50 elementor-inner-column elementor-element elementor-element-8d66174\" data-id=\"8d66174\" data-element_type=\"column\">\n\t\t\t<div class=\"elementor-widget-wrap elementor-element-populated\">\n\t\t\t\t\t\t<div class=\"elementor-element elementor-element-e57b690 elementor-widget elementor-widget-image\" data-id=\"e57b690\" data-element_type=\"widget\" data-widget_type=\"image.default\">\n\t\t\t\t<div class=\"elementor-widget-container\">\n\t\t\t\t\t\t\t\t\t\t\t\t\t\t\t<img decoding=\"async\" width=\"800\" height=\"533\" src=\"https:\/\/ugab.org.br\/site\/wp-content\/uploads\/2023\/03\/GALA-FOCUS.jpg\" class=\"attachment-large size-large wp-image-873\" alt=\"\" srcset=\"https:\/\/ugab.org.br\/site\/wp-content\/uploads\/2023\/03\/GALA-FOCUS.jpg 900w, https:\/\/ugab.org.br\/site\/wp-content\/uploads\/2023\/03\/GALA-FOCUS-300x200.jpg 300w, https:\/\/ugab.org.br\/site\/wp-content\/uploads\/2023\/03\/GALA-FOCUS-768x512.jpg 768w\" sizes=\"(max-width: 800px) 100vw, 800px\" \/>\t\t\t\t\t\t\t\t\t\t\t\t\t\t\t<\/div>\n\t\t\t\t<\/div>\n\t\t\t\t\t<\/div>\n\t\t<\/div>\n\t\t\t\t\t<\/div>\n\t\t<\/section>\n\t\t\t\t\t<\/div>\n\t\t<\/div>\n\t\t\t\t\t<\/div>\n\t\t<\/section>\n\t\t\t\t<\/div>\n\t\t","protected":false},"excerpt":{"rendered":"<p>PROGRAMAS Focus O FOCUS \u00e9 um evento \u00fanico que re\u00fane e conecta jovens arm\u00eanios de todo o mundo para que possam compartilhar suas ideias, suas perspectivas de mundo e expandir ainda mais as suas redes profissionais e pessoais. Realizado a cada dois anos em uma cidade cosmopolita e global, os participantes do FOCUS desfrutam de uma s\u00e9rie de eventos que mostram a cultura da cidade anfitri\u00e3 ao mesmo tempo que exploram suas identidades arm\u00eanias Mais do que isso, o evento, al\u00e9m de impactar positivamente gera\u00e7\u00f5es de jovens arm\u00eanios do mundo todo, serve como uma plataforma para arrecadar fundos para os projetos da UGAB. O FOCUS, evento iniciado pelo\u00a0Grupo de Jovens Profissionais da UGAB, j\u00e1 reuniu milhares de pessoas em suas 10 edi\u00e7\u00f5es e j\u00e1 arrecadou mais de 500 mil d\u00f3lares para diversos programas da UGAB \u2013 na \u00faltima edi\u00e7\u00e3o, 120 mil d\u00f3lares foram arrecadados para o Programa de Mulheres Empreendedoras da UGAB. O evento j\u00e1 foi realizado nas seguintes cidades: Nova York (2001 e 2007), Montreal (2003), Miami (2005), Chicago (2009), Paris (2011), S\u00e3o Francisco (2013), Toronto (2015), Beirute (2017) e, pela primeira vez no Hemisf\u00e9rio Sul, S\u00e3o Paulo (2019) N\u00e3o perca essa oportunidade incr\u00edvel. Conecte-se com outros arm\u00eanios e expanda as suas redes profissionais e pessoais, participando do pr\u00f3ximo FOCUS. Para ler mais sobre o evento, visite o site oficial do FOCUS, clicando\u00a0aqui. Para saber mais sobre a \u00faltima edi\u00e7\u00e3o do FOCUS,\u00a0clique aqui. Focus em SP A edi\u00e7\u00e3o de S\u00e3o Paulo, a primeira realizada no hemisf\u00e9rio sul, foi a mais diversificada de todas, j\u00e1 que reuniu jovens arm\u00eanios de 26 pa\u00edses. Durante quatro dias, entre os dias 18 e 21 de julho, os participantes participaram de diversos eventos, aplicaram suas redes sociais e profissionais e apoiaram o empreendedorismo feminino por meio do Programa de Mulheres Empreendedoras da UGAB. Um dia antes do in\u00edcio oficial do evento, os participantes tiveram um dia de turismo na cidade de S\u00e3o Paulo, que incluiu uma visita \u00e0 Igreja Apost\u00f3lica Arm\u00eania de S\u00e3o Jorge. Por\u00e9m, o FOCUS come\u00e7ou oficialmente no dia 18 com o YP Meeting, a reuni\u00e3o dos Jovens Profissionais YP que ajudou a estudar quais s\u00e3o as iniciativas feitas em cada pa\u00eds, dos 37 escrit\u00f3rios YPs pelo mundo. E no mesmo dia, abordando o tema \u201csobre o futuro de ser arm\u00eanio\u201d, aconteceu o Perspectivas, o segundo evento do FOCUS, onde foram discutidos os desafios e impactos de ser arm\u00eanio na vida social e profissional de cada um e o papel da nova gera\u00e7\u00e3o de l\u00edderes arm\u00eanios na comunidade global arm\u00eania. Depois, as ideias discutidas no Perspectivas foram colocadas em pr\u00e1tica no terceiro evento oficial do FOCUS, a Confer\u00eancia, onde jovens profissionais se reuniram para discutir os programas existentes da UGAB e tiveram a oportunidade de criar um \u201cpitch\u201d para ser apresentado. Al\u00e9m disso, pela primeira vez, os participantes puderam votar nos finalistas do AGBU Noubar Nazarian YP Innovators Fund \u2013 ideias vindas da Fran\u00e7a, Coreia do Sul e Inglaterra estavam em disputa pelo pr\u00eamio e financiamento de US$ 20.000! O FOCUS tamb\u00e9m explora a cidade anfitri\u00e3 e, como n\u00e3o poderia faltar em qualquer reuni\u00e3o de arm\u00eanios, possui muita arte! Por isso, o quarto evento foi a Night Club, onde os participantes curtiram uma das melhores baladas de S\u00e3o Paulo, uma cidade conhecida mundialmente por sua vida noturna. No outro dia, o evento que misturou a cultura local com a arm\u00eania foi o Focus on Arts, que, pela primeira vez, escolheu a m\u00fasica como o principal destaque. Al\u00e9m da banda ao vivo, teve live painting, realizado pela artista arm\u00eania-brasileira Juliana Kalaigian, foram exibidos trechos do document\u00e1rio \u201cWe Are Our Mountains\u201d, do cineasta uruguaio Federico lemos, que mostra um pouco da vida, conflitos e quest\u00f5es geopol\u00edticas em Artsakh. O principal evento do FOCUS S\u00e3o Paulo foi o Gala, realizado no tradicional Jockey Club, que contou com v\u00e1rias atra\u00e7\u00f5es especiais, incluindo o an\u00fancio da doa\u00e7\u00e3o total de US$ 120.000 (o recorde de arrecada\u00e7\u00f5es de todas as edi\u00e7\u00f5es anteriores do Focus) destinados ao Programa de Mulheres Empreendedoras da UGAB, a divulga\u00e7\u00e3o do vencedor do pr\u00eamio de empreendedorismo da AGBU Noubar Nazarian YP Innovators Fund \u2013 o criador do Little Armenias\u2013, al\u00e9m da participa\u00e7\u00e3o da escola de samba Sociedade Rosas de Ouro, que homenageou a Arm\u00eania no Carnaval de 2019 com o tema \u201cViva Haystan\u201d. O \u00faltimo evento foi o Brunch, onde todos os participantes se reencontraram para um \u201cat\u00e9 logo\u201d e para combinarem um reencontro na pr\u00f3xima edi\u00e7\u00e3o do FOCUS. E ainda deu tempo de mais passeios em S\u00e3o Paulo, para conhecer o Beco do Batman e a sede da UGAB. Para saber mais sobre as edi\u00e7\u00f5es passadas e conhecer onde ser\u00e1 a pr\u00f3xima, n\u00e3o deixe de visitar o site oficial do FOCUS:\u00a0https:\/\/agbufocus.org\/ \u00a0<\/p>\n","protected":false},"author":1,"featured_media":0,"parent":0,"menu_order":0,"comment_status":"closed","ping_status":"closed","template":"","meta":{"_joinchat":[],"footnotes":""},"class_list":["post-870","page","type-page","status-publish","hentry"],"_links":{"self":[{"href":"https:\/\/ugab.org.br\/site\/wp-json\/wp\/v2\/pages\/870","targetHints":{"allow":["GET"]}}],"collection":[{"href":"https:\/\/ugab.org.br\/site\/wp-json\/wp\/v2\/pages"}],"about":[{"href":"https:\/\/ugab.org.br\/site\/wp-json\/wp\/v2\/types\/page"}],"author":[{"embeddable":true,"href":"https:\/\/ugab.org.br\/site\/wp-json\/wp\/v2\/users\/1"}],"replies":[{"embeddable":true,"href":"https:\/\/ugab.org.br\/site\/wp-json\/wp\/v2\/comments?post=870"}],"version-history":[{"count":7,"href":"https:\/\/ugab.org.br\/site\/wp-json\/wp\/v2\/pages\/870\/revisions"}],"predecessor-version":[{"id":1103,"href":"https:\/\/ugab.org.br\/site\/wp-json\/wp\/v2\/pages\/870\/revisions\/1103"}],"wp:attachment":[{"href":"https:\/\/ugab.org.br\/site\/wp-json\/wp\/v2\/media?parent=870"}],"curies":[{"name":"wp","href":"https:\/\/api.w.org\/{rel}","templated":true}]}}