{"id":880,"date":"2023-03-16T21:35:16","date_gmt":"2023-03-17T00:35:16","guid":{"rendered":"https:\/\/ugab.org.br\/site\/?page_id=880"},"modified":"2023-04-14T16:10:07","modified_gmt":"2023-04-14T19:10:07","slug":"webtalks","status":"publish","type":"page","link":"https:\/\/ugab.org.br\/site\/webtalks\/","title":{"rendered":"PROGRAMAS WEBTALKS"},"content":{"rendered":"\t\t<div data-elementor-type=\"wp-post\" data-elementor-id=\"880\" class=\"elementor elementor-880\" data-elementor-post-type=\"page\">\n\t\t\t\t\t\t<section class=\"elementor-section elementor-top-section elementor-element elementor-element-377c704d elementor-section-boxed elementor-section-height-default elementor-section-height-default wpr-particle-no wpr-jarallax-no wpr-parallax-no wpr-sticky-section-no\" data-id=\"377c704d\" data-element_type=\"section\" data-settings=\"{&quot;background_background&quot;:&quot;classic&quot;}\">\n\t\t\t\t\t\t<div class=\"elementor-container elementor-column-gap-default\">\n\t\t\t\t\t<div class=\"elementor-column elementor-col-100 elementor-top-column elementor-element elementor-element-3b21469a\" data-id=\"3b21469a\" data-element_type=\"column\">\n\t\t\t<div class=\"elementor-widget-wrap elementor-element-populated\">\n\t\t\t\t\t\t<div class=\"elementor-element elementor-element-6d50f0ac elementor-widget elementor-widget-elementskit-heading\" data-id=\"6d50f0ac\" data-element_type=\"widget\" data-widget_type=\"elementskit-heading.default\">\n\t\t\t\t<div class=\"elementor-widget-container\">\n\t\t\t\t\t<div class=\"ekit-wid-con\" ><div class=\"ekit-heading elementskit-section-title-wraper text_center   ekit_heading_tablet-   ekit_heading_mobile-\"><h3 class=\"elementskit-section-subtitle  elementskit-style-border\">\n\t\t\t\t\t\tPROGRAMAS\n\t\t\t\t\t<\/h3><h2 class=\"ekit-heading--title elementskit-section-title \">WebTalks<\/h2><\/div><\/div>\t\t\t\t<\/div>\n\t\t\t\t<\/div>\n\t\t\t\t<section class=\"elementor-section elementor-inner-section elementor-element elementor-element-801533d elementor-section-boxed elementor-section-height-default elementor-section-height-default wpr-particle-no wpr-jarallax-no wpr-parallax-no wpr-sticky-section-no\" data-id=\"801533d\" data-element_type=\"section\">\n\t\t\t\t\t\t<div class=\"elementor-container elementor-column-gap-default\">\n\t\t\t\t\t<div class=\"elementor-column elementor-col-100 elementor-inner-column elementor-element elementor-element-b4e4bf8\" data-id=\"b4e4bf8\" data-element_type=\"column\">\n\t\t\t<div class=\"elementor-widget-wrap elementor-element-populated\">\n\t\t\t\t\t\t<div class=\"elementor-element elementor-element-97d8aa3 elementor-widget elementor-widget-image\" data-id=\"97d8aa3\" data-element_type=\"widget\" data-widget_type=\"image.default\">\n\t\t\t\t<div class=\"elementor-widget-container\">\n\t\t\t\t\t\t\t\t\t\t\t\t\t\t\t<img fetchpriority=\"high\" decoding=\"async\" width=\"800\" height=\"302\" src=\"https:\/\/ugab.org.br\/site\/wp-content\/uploads\/2023\/03\/Webtalks-1024x386.png\" class=\"attachment-large size-large wp-image-683\" alt=\"\" srcset=\"https:\/\/ugab.org.br\/site\/wp-content\/uploads\/2023\/03\/Webtalks-1024x386.png 1024w, https:\/\/ugab.org.br\/site\/wp-content\/uploads\/2023\/03\/Webtalks-300x113.png 300w, https:\/\/ugab.org.br\/site\/wp-content\/uploads\/2023\/03\/Webtalks-768x290.png 768w, https:\/\/ugab.org.br\/site\/wp-content\/uploads\/2023\/03\/Webtalks.png 1140w\" sizes=\"(max-width: 800px) 100vw, 800px\" \/>\t\t\t\t\t\t\t\t\t\t\t\t\t\t\t<\/div>\n\t\t\t\t<\/div>\n\t\t\t\t\t<\/div>\n\t\t<\/div>\n\t\t\t\t\t<\/div>\n\t\t<\/section>\n\t\t\t\t<section class=\"elementor-section elementor-inner-section elementor-element elementor-element-e4a6a85 elementor-section-boxed elementor-section-height-default elementor-section-height-default wpr-particle-no wpr-jarallax-no wpr-parallax-no wpr-sticky-section-no\" data-id=\"e4a6a85\" data-element_type=\"section\">\n\t\t\t\t\t\t<div class=\"elementor-container elementor-column-gap-default\">\n\t\t\t\t\t<div class=\"elementor-column elementor-col-50 elementor-inner-column elementor-element elementor-element-ad5a278\" data-id=\"ad5a278\" data-element_type=\"column\">\n\t\t\t<div class=\"elementor-widget-wrap elementor-element-populated\">\n\t\t\t\t\t\t<div class=\"elementor-element elementor-element-5b751c2 elementor-widget elementor-widget-text-editor\" data-id=\"5b751c2\" data-element_type=\"widget\" data-widget_type=\"text-editor.default\">\n\t\t\t\t<div class=\"elementor-widget-container\">\n\t\t\t\t\t\t\t\t\t<p>O WebTalks \u00e9 uma s\u00e9rie de v\u00eddeos que tem como objetivo principal preservar e compartilhar o conhecimento de pensadores de todo o mundo, que abordam uma variedade de t\u00f3picos sobre a Arm\u00eania.<\/p><p>Com esses v\u00eddeos, ao trazer mais exposi\u00e7\u00e3o aos acad\u00eamicos, pensadores e artistas, o WebTalks cria um rico e completo repert\u00f3rio de conhecimento dispon\u00edvel para todas as pessoas, independentemente de suas idades e origens.<\/p>\t\t\t\t\t\t\t\t<\/div>\n\t\t\t\t<\/div>\n\t\t\t\t\t<\/div>\n\t\t<\/div>\n\t\t\t\t<div class=\"elementor-column elementor-col-50 elementor-inner-column elementor-element elementor-element-7d9a878\" data-id=\"7d9a878\" data-element_type=\"column\">\n\t\t\t<div class=\"elementor-widget-wrap elementor-element-populated\">\n\t\t\t\t\t\t<div class=\"elementor-element elementor-element-3d4feea elementor-widget elementor-widget-text-editor\" data-id=\"3d4feea\" data-element_type=\"widget\" data-widget_type=\"text-editor.default\">\n\t\t\t\t<div class=\"elementor-widget-container\">\n\t\t\t\t\t\t\t\t\t<p>Al\u00e9m disso, a UGAB se uniu \u00e0 Funda\u00e7\u00e3o Shoah da\u00a0<i>USC \u2013 Instituto para a Educa\u00e7\u00e3o e a Hist\u00f3ria Visual<\/i>\u00a0para integrar todos os v\u00eddeos do WebTalks \u2013 tanto os v\u00eddeos sobre o Genoc\u00eddio Arm\u00eanio quanto os v\u00eddeos sobre a identidade arm\u00eania \u2013 ao premiado site da Funda\u00e7\u00e3o, o IWitness \u2013 a Funda\u00e7\u00e3o Shoah \u00e9 uma organiza\u00e7\u00e3o sem fins lucrativos ligada \u00e0 Universidade do Sul da Calif\u00f3rnia e foi fundada pelo cineasta Steven Spielberg.<\/p><p>Para saber mais sobre o WebTalks da UGAB e assistir todos os v\u00eddeos, acesse o site oficial do programa clicando\u00a0<a href=\"https:\/\/www.agbuwebtalks.org\/\" target=\"_blank\" rel=\"noopener\">aqui<\/a>.<\/p><p>Para explorar a p\u00e1gina arm\u00eania do Iwitness, o site oficial da Funda\u00e7\u00e3o Shoah, clique\u00a0<a href=\"https:\/\/iwitness.usc.edu\/sfi\/sites\/armenia\/Resources.aspx\" target=\"_blank\" rel=\"noopener\">aqui<\/a>.<\/p>\t\t\t\t\t\t\t\t<\/div>\n\t\t\t\t<\/div>\n\t\t\t\t\t<\/div>\n\t\t<\/div>\n\t\t\t\t\t<\/div>\n\t\t<\/section>\n\t\t\t\t\t<\/div>\n\t\t<\/div>\n\t\t\t\t\t<\/div>\n\t\t<\/section>\n\t\t\t\t<\/div>\n\t\t","protected":false},"excerpt":{"rendered":"<p>PROGRAMAS WebTalks O WebTalks \u00e9 uma s\u00e9rie de v\u00eddeos que tem como objetivo principal preservar e compartilhar o conhecimento de pensadores de todo o mundo, que abordam uma variedade de t\u00f3picos sobre a Arm\u00eania. Com esses v\u00eddeos, ao trazer mais exposi\u00e7\u00e3o aos acad\u00eamicos, pensadores e artistas, o WebTalks cria um rico e completo repert\u00f3rio de conhecimento dispon\u00edvel para todas as pessoas, independentemente de suas idades e origens. Al\u00e9m disso, a UGAB se uniu \u00e0 Funda\u00e7\u00e3o Shoah da\u00a0USC \u2013 Instituto para a Educa\u00e7\u00e3o e a Hist\u00f3ria Visual\u00a0para integrar todos os v\u00eddeos do WebTalks \u2013 tanto os v\u00eddeos sobre o Genoc\u00eddio Arm\u00eanio quanto os v\u00eddeos sobre a identidade arm\u00eania \u2013 ao premiado site da Funda\u00e7\u00e3o, o IWitness \u2013 a Funda\u00e7\u00e3o Shoah \u00e9 uma organiza\u00e7\u00e3o sem fins lucrativos ligada \u00e0 Universidade do Sul da Calif\u00f3rnia e foi fundada pelo cineasta Steven Spielberg. Para saber mais sobre o WebTalks da UGAB e assistir todos os v\u00eddeos, acesse o site oficial do programa clicando\u00a0aqui. Para explorar a p\u00e1gina arm\u00eania do Iwitness, o site oficial da Funda\u00e7\u00e3o Shoah, clique\u00a0aqui.<\/p>\n","protected":false},"author":1,"featured_media":0,"parent":0,"menu_order":0,"comment_status":"closed","ping_status":"closed","template":"","meta":{"_joinchat":[],"footnotes":""},"class_list":["post-880","page","type-page","status-publish","hentry"],"_links":{"self":[{"href":"https:\/\/ugab.org.br\/site\/wp-json\/wp\/v2\/pages\/880","targetHints":{"allow":["GET"]}}],"collection":[{"href":"https:\/\/ugab.org.br\/site\/wp-json\/wp\/v2\/pages"}],"about":[{"href":"https:\/\/ugab.org.br\/site\/wp-json\/wp\/v2\/types\/page"}],"author":[{"embeddable":true,"href":"https:\/\/ugab.org.br\/site\/wp-json\/wp\/v2\/users\/1"}],"replies":[{"embeddable":true,"href":"https:\/\/ugab.org.br\/site\/wp-json\/wp\/v2\/comments?post=880"}],"version-history":[{"count":7,"href":"https:\/\/ugab.org.br\/site\/wp-json\/wp\/v2\/pages\/880\/revisions"}],"predecessor-version":[{"id":1116,"href":"https:\/\/ugab.org.br\/site\/wp-json\/wp\/v2\/pages\/880\/revisions\/1116"}],"wp:attachment":[{"href":"https:\/\/ugab.org.br\/site\/wp-json\/wp\/v2\/media?parent=880"}],"curies":[{"name":"wp","href":"https:\/\/api.w.org\/{rel}","templated":true}]}}