{"id":897,"date":"2023-03-16T21:42:43","date_gmt":"2023-03-17T00:42:43","guid":{"rendered":"https:\/\/ugab.org.br\/site\/?page_id=897"},"modified":"2023-04-14T16:03:29","modified_gmt":"2023-04-14T19:03:29","slug":"nubar","status":"publish","type":"page","link":"https:\/\/ugab.org.br\/site\/nubar\/","title":{"rendered":"PROGRAMAS BIBLIOTECA NUBAR"},"content":{"rendered":"\t\t<div data-elementor-type=\"wp-post\" data-elementor-id=\"897\" class=\"elementor elementor-897\" data-elementor-post-type=\"page\">\n\t\t\t\t\t\t<section class=\"elementor-section elementor-top-section elementor-element elementor-element-377c704d elementor-section-boxed elementor-section-height-default elementor-section-height-default wpr-particle-no wpr-jarallax-no wpr-parallax-no wpr-sticky-section-no\" data-id=\"377c704d\" data-element_type=\"section\" data-settings=\"{&quot;background_background&quot;:&quot;classic&quot;}\">\n\t\t\t\t\t\t<div class=\"elementor-container elementor-column-gap-default\">\n\t\t\t\t\t<div class=\"elementor-column elementor-col-100 elementor-top-column elementor-element elementor-element-3b21469a\" data-id=\"3b21469a\" data-element_type=\"column\">\n\t\t\t<div class=\"elementor-widget-wrap elementor-element-populated\">\n\t\t\t\t\t\t<div class=\"elementor-element elementor-element-6d50f0ac elementor-widget elementor-widget-elementskit-heading\" data-id=\"6d50f0ac\" data-element_type=\"widget\" data-widget_type=\"elementskit-heading.default\">\n\t\t\t\t<div class=\"elementor-widget-container\">\n\t\t\t\t\t<div class=\"ekit-wid-con\" ><div class=\"ekit-heading elementskit-section-title-wraper text_center   ekit_heading_tablet-   ekit_heading_mobile-\"><h3 class=\"elementskit-section-subtitle  elementskit-style-border\">\n\t\t\t\t\t\tPROGRAMAS\n\t\t\t\t\t<\/h3><h2 class=\"ekit-heading--title elementskit-section-title \">Biblioteca Nubar<\/h2><\/div><\/div>\t\t\t\t<\/div>\n\t\t\t\t<\/div>\n\t\t\t\t<section class=\"elementor-section elementor-inner-section elementor-element elementor-element-801533d elementor-section-boxed elementor-section-height-default elementor-section-height-default wpr-particle-no wpr-jarallax-no wpr-parallax-no wpr-sticky-section-no\" data-id=\"801533d\" data-element_type=\"section\">\n\t\t\t\t\t\t<div class=\"elementor-container elementor-column-gap-default\">\n\t\t\t\t\t<div class=\"elementor-column elementor-col-100 elementor-inner-column elementor-element elementor-element-b4e4bf8\" data-id=\"b4e4bf8\" data-element_type=\"column\">\n\t\t\t<div class=\"elementor-widget-wrap elementor-element-populated\">\n\t\t\t\t\t\t<div class=\"elementor-element elementor-element-97d8aa3 elementor-widget elementor-widget-image\" data-id=\"97d8aa3\" data-element_type=\"widget\" data-widget_type=\"image.default\">\n\t\t\t\t<div class=\"elementor-widget-container\">\n\t\t\t\t\t\t\t\t\t\t\t\t\t\t\t<img fetchpriority=\"high\" decoding=\"async\" width=\"800\" height=\"302\" src=\"https:\/\/ugab.org.br\/site\/wp-content\/uploads\/2023\/03\/Nubar-1024x386.jpg\" class=\"attachment-large size-large wp-image-899\" alt=\"\" srcset=\"https:\/\/ugab.org.br\/site\/wp-content\/uploads\/2023\/03\/Nubar-1024x386.jpg 1024w, https:\/\/ugab.org.br\/site\/wp-content\/uploads\/2023\/03\/Nubar-300x113.jpg 300w, https:\/\/ugab.org.br\/site\/wp-content\/uploads\/2023\/03\/Nubar-768x290.jpg 768w, https:\/\/ugab.org.br\/site\/wp-content\/uploads\/2023\/03\/Nubar.jpg 1140w\" sizes=\"(max-width: 800px) 100vw, 800px\" \/>\t\t\t\t\t\t\t\t\t\t\t\t\t\t\t<\/div>\n\t\t\t\t<\/div>\n\t\t\t\t\t<\/div>\n\t\t<\/div>\n\t\t\t\t\t<\/div>\n\t\t<\/section>\n\t\t\t\t<section class=\"elementor-section elementor-inner-section elementor-element elementor-element-e4a6a85 elementor-section-boxed elementor-section-height-default elementor-section-height-default wpr-particle-no wpr-jarallax-no wpr-parallax-no wpr-sticky-section-no\" data-id=\"e4a6a85\" data-element_type=\"section\">\n\t\t\t\t\t\t<div class=\"elementor-container elementor-column-gap-default\">\n\t\t\t\t\t<div class=\"elementor-column elementor-col-50 elementor-inner-column elementor-element elementor-element-ad5a278\" data-id=\"ad5a278\" data-element_type=\"column\">\n\t\t\t<div class=\"elementor-widget-wrap elementor-element-populated\">\n\t\t\t\t\t\t<div class=\"elementor-element elementor-element-5b751c2 elementor-widget elementor-widget-text-editor\" data-id=\"5b751c2\" data-element_type=\"widget\" data-widget_type=\"text-editor.default\">\n\t\t\t\t<div class=\"elementor-widget-container\">\n\t\t\t\t\t\t\t\t\t<p>Estabelecida pelo fundador da UGAB, Boghos Nubar, em Paris, em 1928, a Biblioteca Nubar (La Biblioth\u00e8que Nubar) \u00e9 um importante centro de pesquisa sobre a hist\u00f3ria arm\u00eania, abrigando uma impressionante cole\u00e7\u00e3o, que inclui mais de 10 mil fotografias e 1.500 peri\u00f3dicos, que datam do S\u00e9culo XIX, al\u00e9m de 43 mil livros sobre a hist\u00f3ria da Arm\u00eania.<\/p><p>Essa cole\u00e7\u00e3o \u00fanica e importante oferece uma vis\u00e3o cr\u00edtica da hist\u00f3ria do povo arm\u00eanio e documenta o papel vital que a UGAB desempenhou no desenvolvimento da Arm\u00eania e de outras comunidades arm\u00eanias pelo mundo. A Biblioteca Nubar, o mais importante arquivo desse tipo na Europa, contribui para lan\u00e7ar luz sobre a hist\u00f3ria arm\u00eania e serve, tamb\u00e9m, como um importante centro para pesquisadores, acad\u00eamicos e demais interessados.<\/p>\t\t\t\t\t\t\t\t<\/div>\n\t\t\t\t<\/div>\n\t\t\t\t\t<\/div>\n\t\t<\/div>\n\t\t\t\t<div class=\"elementor-column elementor-col-50 elementor-inner-column elementor-element elementor-element-7d9a878\" data-id=\"7d9a878\" data-element_type=\"column\">\n\t\t\t<div class=\"elementor-widget-wrap elementor-element-populated\">\n\t\t\t\t\t\t<div class=\"elementor-element elementor-element-3d4feea elementor-widget elementor-widget-text-editor\" data-id=\"3d4feea\" data-element_type=\"widget\" data-widget_type=\"text-editor.default\">\n\t\t\t\t<div class=\"elementor-widget-container\">\n\t\t\t\t\t\t\t\t\t<p>A Biblioteca, o \u00fanico arquivo importante na Europa desse tipo, contribui para lan\u00e7ar luz sobre a experi\u00eancia arm\u00eania dos S\u00e9culos XIX e XX e serve como um importante centro de acesso irrestrito a pesquisadores, acad\u00eamicos e outros.<\/p><p>Entre as fotos raras da cole\u00e7\u00e3o, est\u00e3o aquelas que documentam os esfor\u00e7os da UGAB antes, durante e depois do Genoc\u00eddio Arm\u00eanio, bem como ap\u00f3s o Sismo de Spitak. Para ver mais fotos e saber mais sobre a Biblioteca, visite o site oficial, clicando\u00a0<a href=\"http:\/\/www.bnulibrary.org\/index.php\/en\/\" target=\"_blank\" rel=\"noopener\">aqui<\/a>.<\/p><p>A Biblioteca Nubar tamb\u00e9m publica uma revista multidisciplinar, sobre diversos t\u00f3picos arm\u00eanios, em franc\u00eas e ingl\u00eas. O acesso \u00e9 livre a todos; para ler a revista, clique\u00a0<a href=\"https:\/\/journals.openedition.org\/eac\/\" target=\"_blank\" rel=\"noopener\">aqui<\/a>.<\/p>\t\t\t\t\t\t\t\t<\/div>\n\t\t\t\t<\/div>\n\t\t\t\t\t<\/div>\n\t\t<\/div>\n\t\t\t\t\t<\/div>\n\t\t<\/section>\n\t\t\t\t\t<\/div>\n\t\t<\/div>\n\t\t\t\t\t<\/div>\n\t\t<\/section>\n\t\t\t\t<\/div>\n\t\t","protected":false},"excerpt":{"rendered":"<p>PROGRAMAS Biblioteca Nubar Estabelecida pelo fundador da UGAB, Boghos Nubar, em Paris, em 1928, a Biblioteca Nubar (La Biblioth\u00e8que Nubar) \u00e9 um importante centro de pesquisa sobre a hist\u00f3ria arm\u00eania, abrigando uma impressionante cole\u00e7\u00e3o, que inclui mais de 10 mil fotografias e 1.500 peri\u00f3dicos, que datam do S\u00e9culo XIX, al\u00e9m de 43 mil livros sobre a hist\u00f3ria da Arm\u00eania. Essa cole\u00e7\u00e3o \u00fanica e importante oferece uma vis\u00e3o cr\u00edtica da hist\u00f3ria do povo arm\u00eanio e documenta o papel vital que a UGAB desempenhou no desenvolvimento da Arm\u00eania e de outras comunidades arm\u00eanias pelo mundo. A Biblioteca Nubar, o mais importante arquivo desse tipo na Europa, contribui para lan\u00e7ar luz sobre a hist\u00f3ria arm\u00eania e serve, tamb\u00e9m, como um importante centro para pesquisadores, acad\u00eamicos e demais interessados. A Biblioteca, o \u00fanico arquivo importante na Europa desse tipo, contribui para lan\u00e7ar luz sobre a experi\u00eancia arm\u00eania dos S\u00e9culos XIX e XX e serve como um importante centro de acesso irrestrito a pesquisadores, acad\u00eamicos e outros. Entre as fotos raras da cole\u00e7\u00e3o, est\u00e3o aquelas que documentam os esfor\u00e7os da UGAB antes, durante e depois do Genoc\u00eddio Arm\u00eanio, bem como ap\u00f3s o Sismo de Spitak. Para ver mais fotos e saber mais sobre a Biblioteca, visite o site oficial, clicando\u00a0aqui. A Biblioteca Nubar tamb\u00e9m publica uma revista multidisciplinar, sobre diversos t\u00f3picos arm\u00eanios, em franc\u00eas e ingl\u00eas. O acesso \u00e9 livre a todos; para ler a revista, clique\u00a0aqui.<\/p>\n","protected":false},"author":1,"featured_media":0,"parent":0,"menu_order":0,"comment_status":"closed","ping_status":"closed","template":"","meta":{"_joinchat":[],"footnotes":""},"class_list":["post-897","page","type-page","status-publish","hentry"],"_links":{"self":[{"href":"https:\/\/ugab.org.br\/site\/wp-json\/wp\/v2\/pages\/897","targetHints":{"allow":["GET"]}}],"collection":[{"href":"https:\/\/ugab.org.br\/site\/wp-json\/wp\/v2\/pages"}],"about":[{"href":"https:\/\/ugab.org.br\/site\/wp-json\/wp\/v2\/types\/page"}],"author":[{"embeddable":true,"href":"https:\/\/ugab.org.br\/site\/wp-json\/wp\/v2\/users\/1"}],"replies":[{"embeddable":true,"href":"https:\/\/ugab.org.br\/site\/wp-json\/wp\/v2\/comments?post=897"}],"version-history":[{"count":7,"href":"https:\/\/ugab.org.br\/site\/wp-json\/wp\/v2\/pages\/897\/revisions"}],"predecessor-version":[{"id":1091,"href":"https:\/\/ugab.org.br\/site\/wp-json\/wp\/v2\/pages\/897\/revisions\/1091"}],"wp:attachment":[{"href":"https:\/\/ugab.org.br\/site\/wp-json\/wp\/v2\/media?parent=897"}],"curies":[{"name":"wp","href":"https:\/\/api.w.org\/{rel}","templated":true}]}}