{"id":906,"date":"2023-03-16T21:46:49","date_gmt":"2023-03-17T00:46:49","guid":{"rendered":"https:\/\/ugab.org.br\/site\/?page_id=906"},"modified":"2023-04-14T16:07:41","modified_gmt":"2023-04-14T19:07:41","slug":"sayat","status":"publish","type":"page","link":"https:\/\/ugab.org.br\/site\/sayat\/","title":{"rendered":"PROGRAMAS SAYAT NOVA"},"content":{"rendered":"\t\t<div data-elementor-type=\"wp-post\" data-elementor-id=\"906\" class=\"elementor elementor-906\" data-elementor-post-type=\"page\">\n\t\t\t\t\t\t<section class=\"elementor-section elementor-top-section elementor-element elementor-element-377c704d elementor-section-boxed elementor-section-height-default elementor-section-height-default wpr-particle-no wpr-jarallax-no wpr-parallax-no wpr-sticky-section-no\" data-id=\"377c704d\" data-element_type=\"section\" data-settings=\"{&quot;background_background&quot;:&quot;classic&quot;}\">\n\t\t\t\t\t\t<div class=\"elementor-container elementor-column-gap-default\">\n\t\t\t\t\t<div class=\"elementor-column elementor-col-100 elementor-top-column elementor-element elementor-element-3b21469a\" data-id=\"3b21469a\" data-element_type=\"column\">\n\t\t\t<div class=\"elementor-widget-wrap elementor-element-populated\">\n\t\t\t\t\t\t<div class=\"elementor-element elementor-element-6d50f0ac elementor-widget elementor-widget-elementskit-heading\" data-id=\"6d50f0ac\" data-element_type=\"widget\" data-widget_type=\"elementskit-heading.default\">\n\t\t\t\t<div class=\"elementor-widget-container\">\n\t\t\t\t\t<div class=\"ekit-wid-con\" ><div class=\"ekit-heading elementskit-section-title-wraper text_center   ekit_heading_tablet-   ekit_heading_mobile-\"><h3 class=\"elementskit-section-subtitle  elementskit-style-border\">\n\t\t\t\t\t\tPROGRAMAS\n\t\t\t\t\t<\/h3><h2 class=\"ekit-heading--title elementskit-section-title \">Sayat Nova International Composition Competition<\/h2><\/div><\/div>\t\t\t\t<\/div>\n\t\t\t\t<\/div>\n\t\t\t\t<section class=\"elementor-section elementor-inner-section elementor-element elementor-element-801533d elementor-section-boxed elementor-section-height-default elementor-section-height-default wpr-particle-no wpr-jarallax-no wpr-parallax-no wpr-sticky-section-no\" data-id=\"801533d\" data-element_type=\"section\">\n\t\t\t\t\t\t<div class=\"elementor-container elementor-column-gap-default\">\n\t\t\t\t\t<div class=\"elementor-column elementor-col-100 elementor-inner-column elementor-element elementor-element-b4e4bf8\" data-id=\"b4e4bf8\" data-element_type=\"column\">\n\t\t\t<div class=\"elementor-widget-wrap elementor-element-populated\">\n\t\t\t\t\t\t<div class=\"elementor-element elementor-element-97d8aa3 elementor-widget elementor-widget-image\" data-id=\"97d8aa3\" data-element_type=\"widget\" data-widget_type=\"image.default\">\n\t\t\t\t<div class=\"elementor-widget-container\">\n\t\t\t\t\t\t\t\t\t\t\t\t\t\t\t<img fetchpriority=\"high\" decoding=\"async\" width=\"800\" height=\"302\" src=\"https:\/\/ugab.org.br\/site\/wp-content\/uploads\/2023\/03\/SayatNovaInternational-1024x386.png\" class=\"attachment-large size-large wp-image-908\" alt=\"\" srcset=\"https:\/\/ugab.org.br\/site\/wp-content\/uploads\/2023\/03\/SayatNovaInternational-1024x386.png 1024w, https:\/\/ugab.org.br\/site\/wp-content\/uploads\/2023\/03\/SayatNovaInternational-300x113.png 300w, https:\/\/ugab.org.br\/site\/wp-content\/uploads\/2023\/03\/SayatNovaInternational-768x290.png 768w, https:\/\/ugab.org.br\/site\/wp-content\/uploads\/2023\/03\/SayatNovaInternational.png 1140w\" sizes=\"(max-width: 800px) 100vw, 800px\" \/>\t\t\t\t\t\t\t\t\t\t\t\t\t\t\t<\/div>\n\t\t\t\t<\/div>\n\t\t\t\t\t<\/div>\n\t\t<\/div>\n\t\t\t\t\t<\/div>\n\t\t<\/section>\n\t\t\t\t<section class=\"elementor-section elementor-inner-section elementor-element elementor-element-e4a6a85 elementor-section-boxed elementor-section-height-default elementor-section-height-default wpr-particle-no wpr-jarallax-no wpr-parallax-no wpr-sticky-section-no\" data-id=\"e4a6a85\" data-element_type=\"section\">\n\t\t\t\t\t\t<div class=\"elementor-container elementor-column-gap-default\">\n\t\t\t\t\t<div class=\"elementor-column elementor-col-50 elementor-inner-column elementor-element elementor-element-ad5a278\" data-id=\"ad5a278\" data-element_type=\"column\">\n\t\t\t<div class=\"elementor-widget-wrap elementor-element-populated\">\n\t\t\t\t\t\t<div class=\"elementor-element elementor-element-5b751c2 elementor-widget elementor-widget-text-editor\" data-id=\"5b751c2\" data-element_type=\"widget\" data-widget_type=\"text-editor.default\">\n\t\t\t\t<div class=\"elementor-widget-container\">\n\t\t\t\t\t\t\t\t\t<p>Lan\u00e7ado em 2006 pela UGAB Fran\u00e7a, o Concurso Internacional de Composi\u00e7\u00e3o Sayat Nova da UGAB \u00e9 um concurso, realizado a cada dois anos, aberto a compositores de todas as origens, desde que tenham mais de 18 anos de idade, cujo objetivo \u00e9 apresentar as tradi\u00e7\u00f5es arm\u00eanias a um p\u00fablico mais amplo, fazendo com que os compositores participantes criem pe\u00e7as para um conjunto de instrumentos cl\u00e1ssicos ocidentais e tradicionais arm\u00eanios. Al\u00e9m disso, em suas composi\u00e7\u00f5es, devem ser incorporados os trabalhos de poetas arm\u00eanios, que em edi\u00e7\u00f5es passadas inclu\u00edram nomes como Sayat Nova, Daniel Varoujan, Grigor Narekatsi e Silva Kaputikyan.<\/p>\t\t\t\t\t\t\t\t<\/div>\n\t\t\t\t<\/div>\n\t\t\t\t\t<\/div>\n\t\t<\/div>\n\t\t\t\t<div class=\"elementor-column elementor-col-50 elementor-inner-column elementor-element elementor-element-7d9a878\" data-id=\"7d9a878\" data-element_type=\"column\">\n\t\t\t<div class=\"elementor-widget-wrap elementor-element-populated\">\n\t\t\t\t\t\t<div class=\"elementor-element elementor-element-3d4feea elementor-widget elementor-widget-text-editor\" data-id=\"3d4feea\" data-element_type=\"widget\" data-widget_type=\"text-editor.default\">\n\t\t\t\t<div class=\"elementor-widget-container\">\n\t\t\t\t\t\t\t\t\t<p>Em cada edi\u00e7\u00e3o, os vencedores recebem pr\u00eamios em dinheiro e, al\u00e9m disso, t\u00eam suas obras executadas nos Concertos de Gala organizados pela UGAB no Symphony Space, em Nova York, e no Le Salle Cortot, em Paris.<\/p><p>Para saber mais detalhes sobre a competi\u00e7\u00e3o e como participar, acesse o site oficial do programa clicando\u00a0<a href=\"https:\/\/www.agbusayatnovacompetition.org\/\" target=\"_blank\" rel=\"noopener\">aqui<\/a>.<\/p>\t\t\t\t\t\t\t\t<\/div>\n\t\t\t\t<\/div>\n\t\t\t\t\t<\/div>\n\t\t<\/div>\n\t\t\t\t\t<\/div>\n\t\t<\/section>\n\t\t\t\t\t<\/div>\n\t\t<\/div>\n\t\t\t\t\t<\/div>\n\t\t<\/section>\n\t\t\t\t<\/div>\n\t\t","protected":false},"excerpt":{"rendered":"<p>PROGRAMAS Sayat Nova International Composition Competition Lan\u00e7ado em 2006 pela UGAB Fran\u00e7a, o Concurso Internacional de Composi\u00e7\u00e3o Sayat Nova da UGAB \u00e9 um concurso, realizado a cada dois anos, aberto a compositores de todas as origens, desde que tenham mais de 18 anos de idade, cujo objetivo \u00e9 apresentar as tradi\u00e7\u00f5es arm\u00eanias a um p\u00fablico mais amplo, fazendo com que os compositores participantes criem pe\u00e7as para um conjunto de instrumentos cl\u00e1ssicos ocidentais e tradicionais arm\u00eanios. Al\u00e9m disso, em suas composi\u00e7\u00f5es, devem ser incorporados os trabalhos de poetas arm\u00eanios, que em edi\u00e7\u00f5es passadas inclu\u00edram nomes como Sayat Nova, Daniel Varoujan, Grigor Narekatsi e Silva Kaputikyan. Em cada edi\u00e7\u00e3o, os vencedores recebem pr\u00eamios em dinheiro e, al\u00e9m disso, t\u00eam suas obras executadas nos Concertos de Gala organizados pela UGAB no Symphony Space, em Nova York, e no Le Salle Cortot, em Paris. Para saber mais detalhes sobre a competi\u00e7\u00e3o e como participar, acesse o site oficial do programa clicando\u00a0aqui.<\/p>\n","protected":false},"author":1,"featured_media":0,"parent":0,"menu_order":0,"comment_status":"closed","ping_status":"closed","template":"","meta":{"_joinchat":[],"footnotes":""},"class_list":["post-906","page","type-page","status-publish","hentry"],"_links":{"self":[{"href":"https:\/\/ugab.org.br\/site\/wp-json\/wp\/v2\/pages\/906","targetHints":{"allow":["GET"]}}],"collection":[{"href":"https:\/\/ugab.org.br\/site\/wp-json\/wp\/v2\/pages"}],"about":[{"href":"https:\/\/ugab.org.br\/site\/wp-json\/wp\/v2\/types\/page"}],"author":[{"embeddable":true,"href":"https:\/\/ugab.org.br\/site\/wp-json\/wp\/v2\/users\/1"}],"replies":[{"embeddable":true,"href":"https:\/\/ugab.org.br\/site\/wp-json\/wp\/v2\/comments?post=906"}],"version-history":[{"count":7,"href":"https:\/\/ugab.org.br\/site\/wp-json\/wp\/v2\/pages\/906\/revisions"}],"predecessor-version":[{"id":1112,"href":"https:\/\/ugab.org.br\/site\/wp-json\/wp\/v2\/pages\/906\/revisions\/1112"}],"wp:attachment":[{"href":"https:\/\/ugab.org.br\/site\/wp-json\/wp\/v2\/media?parent=906"}],"curies":[{"name":"wp","href":"https:\/\/api.w.org\/{rel}","templated":true}]}}