{"id":915,"date":"2023-03-16T21:50:43","date_gmt":"2023-03-17T00:50:43","guid":{"rendered":"https:\/\/ugab.org.br\/site\/?page_id=915"},"modified":"2023-04-14T16:04:06","modified_gmt":"2023-04-14T19:04:06","slug":"creative","status":"publish","type":"page","link":"https:\/\/ugab.org.br\/site\/creative\/","title":{"rendered":"PROGRAMAS CREATIVE ARMENIA"},"content":{"rendered":"\t\t<div data-elementor-type=\"wp-post\" data-elementor-id=\"915\" class=\"elementor elementor-915\" data-elementor-post-type=\"page\">\n\t\t\t\t\t\t<section class=\"elementor-section elementor-top-section elementor-element elementor-element-377c704d elementor-section-boxed elementor-section-height-default elementor-section-height-default wpr-particle-no wpr-jarallax-no wpr-parallax-no wpr-sticky-section-no\" data-id=\"377c704d\" data-element_type=\"section\" data-settings=\"{&quot;background_background&quot;:&quot;classic&quot;}\">\n\t\t\t\t\t\t<div class=\"elementor-container elementor-column-gap-default\">\n\t\t\t\t\t<div class=\"elementor-column elementor-col-100 elementor-top-column elementor-element elementor-element-3b21469a\" data-id=\"3b21469a\" data-element_type=\"column\">\n\t\t\t<div class=\"elementor-widget-wrap elementor-element-populated\">\n\t\t\t\t\t\t<div class=\"elementor-element elementor-element-6d50f0ac elementor-widget elementor-widget-elementskit-heading\" data-id=\"6d50f0ac\" data-element_type=\"widget\" data-widget_type=\"elementskit-heading.default\">\n\t\t\t\t<div class=\"elementor-widget-container\">\n\t\t\t\t\t<div class=\"ekit-wid-con\" ><div class=\"ekit-heading elementskit-section-title-wraper text_center   ekit_heading_tablet-   ekit_heading_mobile-\"><h3 class=\"elementskit-section-subtitle  elementskit-style-border\">\n\t\t\t\t\t\tPROGRAMAS\n\t\t\t\t\t<\/h3><h2 class=\"ekit-heading--title elementskit-section-title \">Creative Armenia<\/h2><\/div><\/div>\t\t\t\t<\/div>\n\t\t\t\t<\/div>\n\t\t\t\t<section class=\"elementor-section elementor-inner-section elementor-element elementor-element-801533d elementor-section-boxed elementor-section-height-default elementor-section-height-default wpr-particle-no wpr-jarallax-no wpr-parallax-no wpr-sticky-section-no\" data-id=\"801533d\" data-element_type=\"section\">\n\t\t\t\t\t\t<div class=\"elementor-container elementor-column-gap-default\">\n\t\t\t\t\t<div class=\"elementor-column elementor-col-100 elementor-inner-column elementor-element elementor-element-b4e4bf8\" data-id=\"b4e4bf8\" data-element_type=\"column\">\n\t\t\t<div class=\"elementor-widget-wrap elementor-element-populated\">\n\t\t\t\t\t\t<div class=\"elementor-element elementor-element-97d8aa3 elementor-widget elementor-widget-image\" data-id=\"97d8aa3\" data-element_type=\"widget\" data-widget_type=\"image.default\">\n\t\t\t\t<div class=\"elementor-widget-container\">\n\t\t\t\t\t\t\t\t\t\t\t\t\t\t\t<img fetchpriority=\"high\" decoding=\"async\" width=\"800\" height=\"533\" src=\"https:\/\/ugab.org.br\/site\/wp-content\/uploads\/2023\/03\/Creative-Armenia2.jpg\" class=\"attachment-large size-large wp-image-917\" alt=\"\" srcset=\"https:\/\/ugab.org.br\/site\/wp-content\/uploads\/2023\/03\/Creative-Armenia2.jpg 900w, https:\/\/ugab.org.br\/site\/wp-content\/uploads\/2023\/03\/Creative-Armenia2-300x200.jpg 300w, https:\/\/ugab.org.br\/site\/wp-content\/uploads\/2023\/03\/Creative-Armenia2-768x512.jpg 768w\" sizes=\"(max-width: 800px) 100vw, 800px\" \/>\t\t\t\t\t\t\t\t\t\t\t\t\t\t\t<\/div>\n\t\t\t\t<\/div>\n\t\t\t\t\t<\/div>\n\t\t<\/div>\n\t\t\t\t\t<\/div>\n\t\t<\/section>\n\t\t\t\t<section class=\"elementor-section elementor-inner-section elementor-element elementor-element-e4a6a85 elementor-section-boxed elementor-section-height-default elementor-section-height-default wpr-particle-no wpr-jarallax-no wpr-parallax-no wpr-sticky-section-no\" data-id=\"e4a6a85\" data-element_type=\"section\">\n\t\t\t\t\t\t<div class=\"elementor-container elementor-column-gap-default\">\n\t\t\t\t\t<div class=\"elementor-column elementor-col-50 elementor-inner-column elementor-element elementor-element-ad5a278\" data-id=\"ad5a278\" data-element_type=\"column\">\n\t\t\t<div class=\"elementor-widget-wrap elementor-element-populated\">\n\t\t\t\t\t\t<div class=\"elementor-element elementor-element-5b751c2 elementor-widget elementor-widget-text-editor\" data-id=\"5b751c2\" data-element_type=\"widget\" data-widget_type=\"text-editor.default\">\n\t\t\t\t<div class=\"elementor-widget-container\">\n\t\t\t\t\t\t\t\t\t<p>A UGAB e o Creative Armenia se uniram e criaram a bolsa para artistas Creative Armenia-AGBU, que visa descobrir, manter e promover talentos criativos nas artes, vindos de diversas partes do mundo.<\/p><p>Durante o per\u00edodo de um ano, os selecionados para a bolsa receber\u00e3o cinco mil d\u00f3lares, al\u00e9m de orienta\u00e7\u00e3o com especialistas da \u00e1rea e estrat\u00e9gias personalizadas para desenvolver, apresentar e promover seus projetos, por meio de workshops e reuni\u00f5es de mentoria individuais.<\/p>\t\t\t\t\t\t\t\t<\/div>\n\t\t\t\t<\/div>\n\t\t\t\t\t<\/div>\n\t\t<\/div>\n\t\t\t\t<div class=\"elementor-column elementor-col-50 elementor-inner-column elementor-element elementor-element-7d9a878\" data-id=\"7d9a878\" data-element_type=\"column\">\n\t\t\t<div class=\"elementor-widget-wrap elementor-element-populated\">\n\t\t\t\t\t\t<div class=\"elementor-element elementor-element-3d4feea elementor-widget elementor-widget-text-editor\" data-id=\"3d4feea\" data-element_type=\"widget\" data-widget_type=\"text-editor.default\">\n\t\t\t\t<div class=\"elementor-widget-container\">\n\t\t\t\t\t\t\t\t\t<p>O programa \u00e9 aberto para artistas de todos os campos criativos \u2013 incluindo cinema, m\u00fasica, literatura, artes visuais, teatro, design e fotografia \u2013 e que sejam de origem arm\u00eania ou que tenham demonstrado interesse na cultura arm\u00eania. O Creative Armenia-AGBU procura, especialmente, artistas que estejam trabalhando em projetos de qualidade, de forma inovadora, e que estejam ansiosos para fazer parte dessa comunidade criativa em constru\u00e7\u00e3o.<\/p><p>Pessoas que residem em qualquer lugar no mundo podem se inscrever, desde que tenham um hist\u00f3rico de trabalho conclu\u00eddo em sua \u00e1rea de atua\u00e7\u00e3o e de n\u00edvel profissional. Para saber mais, acesse o site oficial do programa, clicando\u00a0<a href=\"https:\/\/www.creativearmenia.org\/\" target=\"_blank\" rel=\"noopener\">aqui<\/a>.<\/p>\t\t\t\t\t\t\t\t<\/div>\n\t\t\t\t<\/div>\n\t\t\t\t\t<\/div>\n\t\t<\/div>\n\t\t\t\t\t<\/div>\n\t\t<\/section>\n\t\t\t\t\t<\/div>\n\t\t<\/div>\n\t\t\t\t\t<\/div>\n\t\t<\/section>\n\t\t\t\t<\/div>\n\t\t","protected":false},"excerpt":{"rendered":"<p>PROGRAMAS Creative Armenia A UGAB e o Creative Armenia se uniram e criaram a bolsa para artistas Creative Armenia-AGBU, que visa descobrir, manter e promover talentos criativos nas artes, vindos de diversas partes do mundo. Durante o per\u00edodo de um ano, os selecionados para a bolsa receber\u00e3o cinco mil d\u00f3lares, al\u00e9m de orienta\u00e7\u00e3o com especialistas da \u00e1rea e estrat\u00e9gias personalizadas para desenvolver, apresentar e promover seus projetos, por meio de workshops e reuni\u00f5es de mentoria individuais. O programa \u00e9 aberto para artistas de todos os campos criativos \u2013 incluindo cinema, m\u00fasica, literatura, artes visuais, teatro, design e fotografia \u2013 e que sejam de origem arm\u00eania ou que tenham demonstrado interesse na cultura arm\u00eania. O Creative Armenia-AGBU procura, especialmente, artistas que estejam trabalhando em projetos de qualidade, de forma inovadora, e que estejam ansiosos para fazer parte dessa comunidade criativa em constru\u00e7\u00e3o. Pessoas que residem em qualquer lugar no mundo podem se inscrever, desde que tenham um hist\u00f3rico de trabalho conclu\u00eddo em sua \u00e1rea de atua\u00e7\u00e3o e de n\u00edvel profissional. Para saber mais, acesse o site oficial do programa, clicando\u00a0aqui.<\/p>\n","protected":false},"author":1,"featured_media":0,"parent":0,"menu_order":0,"comment_status":"closed","ping_status":"closed","template":"","meta":{"_joinchat":[],"footnotes":""},"class_list":["post-915","page","type-page","status-publish","hentry"],"_links":{"self":[{"href":"https:\/\/ugab.org.br\/site\/wp-json\/wp\/v2\/pages\/915","targetHints":{"allow":["GET"]}}],"collection":[{"href":"https:\/\/ugab.org.br\/site\/wp-json\/wp\/v2\/pages"}],"about":[{"href":"https:\/\/ugab.org.br\/site\/wp-json\/wp\/v2\/types\/page"}],"author":[{"embeddable":true,"href":"https:\/\/ugab.org.br\/site\/wp-json\/wp\/v2\/users\/1"}],"replies":[{"embeddable":true,"href":"https:\/\/ugab.org.br\/site\/wp-json\/wp\/v2\/comments?post=915"}],"version-history":[{"count":7,"href":"https:\/\/ugab.org.br\/site\/wp-json\/wp\/v2\/pages\/915\/revisions"}],"predecessor-version":[{"id":1094,"href":"https:\/\/ugab.org.br\/site\/wp-json\/wp\/v2\/pages\/915\/revisions\/1094"}],"wp:attachment":[{"href":"https:\/\/ugab.org.br\/site\/wp-json\/wp\/v2\/media?parent=915"}],"curies":[{"name":"wp","href":"https:\/\/api.w.org\/{rel}","templated":true}]}}