{"id":924,"date":"2023-03-16T21:53:09","date_gmt":"2023-03-17T00:53:09","guid":{"rendered":"https:\/\/ugab.org.br\/site\/?page_id=924"},"modified":"2023-04-14T16:02:43","modified_gmt":"2023-04-14T19:02:43","slug":"agbu-global","status":"publish","type":"page","link":"https:\/\/ugab.org.br\/site\/agbu-global\/","title":{"rendered":"PROGRAMAS AGBU GLOBAL"},"content":{"rendered":"\t\t<div data-elementor-type=\"wp-post\" data-elementor-id=\"924\" class=\"elementor elementor-924\" data-elementor-post-type=\"page\">\n\t\t\t\t\t\t<section class=\"elementor-section elementor-top-section elementor-element elementor-element-377c704d elementor-section-boxed elementor-section-height-default elementor-section-height-default wpr-particle-no wpr-jarallax-no wpr-parallax-no wpr-sticky-section-no\" data-id=\"377c704d\" data-element_type=\"section\" data-settings=\"{&quot;background_background&quot;:&quot;classic&quot;}\">\n\t\t\t\t\t\t<div class=\"elementor-container elementor-column-gap-default\">\n\t\t\t\t\t<div class=\"elementor-column elementor-col-100 elementor-top-column elementor-element elementor-element-3b21469a\" data-id=\"3b21469a\" data-element_type=\"column\">\n\t\t\t<div class=\"elementor-widget-wrap elementor-element-populated\">\n\t\t\t\t\t\t<div class=\"elementor-element elementor-element-6d50f0ac elementor-widget elementor-widget-elementskit-heading\" data-id=\"6d50f0ac\" data-element_type=\"widget\" data-widget_type=\"elementskit-heading.default\">\n\t\t\t\t<div class=\"elementor-widget-container\">\n\t\t\t\t\t<div class=\"ekit-wid-con\" ><div class=\"ekit-heading elementskit-section-title-wraper text_center   ekit_heading_tablet-   ekit_heading_mobile-\"><h3 class=\"elementskit-section-subtitle  elementskit-style-border\">\n\t\t\t\t\t\tPROGRAMAS\n\t\t\t\t\t<\/h3><h2 class=\"ekit-heading--title elementskit-section-title \">AGBU Global Leadership<\/h2><\/div><\/div>\t\t\t\t<\/div>\n\t\t\t\t<\/div>\n\t\t\t\t<section class=\"elementor-section elementor-inner-section elementor-element elementor-element-801533d elementor-section-boxed elementor-section-height-default elementor-section-height-default wpr-particle-no wpr-jarallax-no wpr-parallax-no wpr-sticky-section-no\" data-id=\"801533d\" data-element_type=\"section\">\n\t\t\t\t\t\t<div class=\"elementor-container elementor-column-gap-default\">\n\t\t\t\t\t<div class=\"elementor-column elementor-col-100 elementor-inner-column elementor-element elementor-element-b4e4bf8\" data-id=\"b4e4bf8\" data-element_type=\"column\">\n\t\t\t<div class=\"elementor-widget-wrap elementor-element-populated\">\n\t\t\t\t\t\t<div class=\"elementor-element elementor-element-97d8aa3 elementor-widget elementor-widget-image\" data-id=\"97d8aa3\" data-element_type=\"widget\" data-widget_type=\"image.default\">\n\t\t\t\t<div class=\"elementor-widget-container\">\n\t\t\t\t\t\t\t\t\t\t\t\t\t\t\t<img fetchpriority=\"high\" decoding=\"async\" width=\"800\" height=\"302\" src=\"https:\/\/ugab.org.br\/site\/wp-content\/uploads\/2023\/03\/GlobalLeadership-1024x386.png\" class=\"attachment-large size-large wp-image-926\" alt=\"\" srcset=\"https:\/\/ugab.org.br\/site\/wp-content\/uploads\/2023\/03\/GlobalLeadership-1024x386.png 1024w, https:\/\/ugab.org.br\/site\/wp-content\/uploads\/2023\/03\/GlobalLeadership-300x113.png 300w, https:\/\/ugab.org.br\/site\/wp-content\/uploads\/2023\/03\/GlobalLeadership-768x290.png 768w, https:\/\/ugab.org.br\/site\/wp-content\/uploads\/2023\/03\/GlobalLeadership.png 1140w\" sizes=\"(max-width: 800px) 100vw, 800px\" \/>\t\t\t\t\t\t\t\t\t\t\t\t\t\t\t<\/div>\n\t\t\t\t<\/div>\n\t\t\t\t\t<\/div>\n\t\t<\/div>\n\t\t\t\t\t<\/div>\n\t\t<\/section>\n\t\t\t\t<section class=\"elementor-section elementor-inner-section elementor-element elementor-element-e4a6a85 elementor-section-boxed elementor-section-height-default elementor-section-height-default wpr-particle-no wpr-jarallax-no wpr-parallax-no wpr-sticky-section-no\" data-id=\"e4a6a85\" data-element_type=\"section\">\n\t\t\t\t\t\t<div class=\"elementor-container elementor-column-gap-default\">\n\t\t\t\t\t<div class=\"elementor-column elementor-col-50 elementor-inner-column elementor-element elementor-element-ad5a278\" data-id=\"ad5a278\" data-element_type=\"column\">\n\t\t\t<div class=\"elementor-widget-wrap elementor-element-populated\">\n\t\t\t\t\t\t<div class=\"elementor-element elementor-element-5b751c2 elementor-widget elementor-widget-text-editor\" data-id=\"5b751c2\" data-element_type=\"widget\" data-widget_type=\"text-editor.default\">\n\t\t\t\t<div class=\"elementor-widget-container\">\n\t\t\t\t\t\t\t\t\t<p>O prestigioso Programa de Lideran\u00e7a Global \u2013 anteriormente conhecido como Summer Internship Program \u2013 oferece a jovens arm\u00eanios de destaque, de todas as partes do mundo, uma oportunidade \u00fanica de adquirir novas habilidades e novos conhecimentos, ao contar com uma variedade de eventos e atividades que incluem semin\u00e1rios de desenvolvimento profissional e pessoal, workshops e debates culturais. Mais do que isso, o programa desenvolve o esp\u00edrito de lideran\u00e7a de cada um e une os participantes com os melhores mentores e institui\u00e7\u00f5es de cada cidade-sede.<\/p><p>Aliando as atividades do programa com as experi\u00eancias pessoais de cada participante, o Programa de Lideran\u00e7a Global, al\u00e9m de capacitar, proporciona a todos com os recursos e treinamentos necess\u00e1rios para que possam trilhar seus pr\u00f3prios caminhos e competir no mercado global.\u00a0<\/p>\t\t\t\t\t\t\t\t<\/div>\n\t\t\t\t<\/div>\n\t\t\t\t\t<\/div>\n\t\t<\/div>\n\t\t\t\t<div class=\"elementor-column elementor-col-50 elementor-inner-column elementor-element elementor-element-7d9a878\" data-id=\"7d9a878\" data-element_type=\"column\">\n\t\t\t<div class=\"elementor-widget-wrap elementor-element-populated\">\n\t\t\t\t\t\t<div class=\"elementor-element elementor-element-3d4feea elementor-widget elementor-widget-text-editor\" data-id=\"3d4feea\" data-element_type=\"widget\" data-widget_type=\"text-editor.default\">\n\t\t\t\t<div class=\"elementor-widget-container\">\n\t\t\t\t\t\t\t\t\t<p>At\u00e9 o momento, o programa conectou centenas de jovens arm\u00eanios, que tem chegado ao todo de suas comunidades e \u00e1reas de atua\u00e7\u00e3o. Realizados, esses ex-participantes d\u00e3o para suas comunidades uma contrapartida, j\u00e1 que muitos se tornam supervisores e mentores, fazendo doa\u00e7\u00f5es para manter o trabalho da UGAB pelo mundo.<\/p><p>O Programa de Lideran\u00e7a Global foi estabelecido em 1987, em Nova York, por Rita e Vartkess Balian, que queriam garantir que a comunidade arm\u00eania permanecesse forte e relevante em todas as gera\u00e7\u00f5es. Atualmente, \u00e9 poss\u00edvel participar do programa em cinco cidades: Nova York, Yerevan, Londres, Paris e Buenos Aires. Para saber mais sobre o programa e como participer, acesse o site oficial clicando\u00a0<a href=\"https:\/\/agbu-glp.org\/\" target=\"_blank\" rel=\"noopener\">aqui<\/a>.<\/p>\t\t\t\t\t\t\t\t<\/div>\n\t\t\t\t<\/div>\n\t\t\t\t\t<\/div>\n\t\t<\/div>\n\t\t\t\t\t<\/div>\n\t\t<\/section>\n\t\t\t\t\t<\/div>\n\t\t<\/div>\n\t\t\t\t\t<\/div>\n\t\t<\/section>\n\t\t\t\t<\/div>\n\t\t","protected":false},"excerpt":{"rendered":"<p>PROGRAMAS AGBU Global Leadership O prestigioso Programa de Lideran\u00e7a Global \u2013 anteriormente conhecido como Summer Internship Program \u2013 oferece a jovens arm\u00eanios de destaque, de todas as partes do mundo, uma oportunidade \u00fanica de adquirir novas habilidades e novos conhecimentos, ao contar com uma variedade de eventos e atividades que incluem semin\u00e1rios de desenvolvimento profissional e pessoal, workshops e debates culturais. Mais do que isso, o programa desenvolve o esp\u00edrito de lideran\u00e7a de cada um e une os participantes com os melhores mentores e institui\u00e7\u00f5es de cada cidade-sede. Aliando as atividades do programa com as experi\u00eancias pessoais de cada participante, o Programa de Lideran\u00e7a Global, al\u00e9m de capacitar, proporciona a todos com os recursos e treinamentos necess\u00e1rios para que possam trilhar seus pr\u00f3prios caminhos e competir no mercado global.\u00a0 At\u00e9 o momento, o programa conectou centenas de jovens arm\u00eanios, que tem chegado ao todo de suas comunidades e \u00e1reas de atua\u00e7\u00e3o. Realizados, esses ex-participantes d\u00e3o para suas comunidades uma contrapartida, j\u00e1 que muitos se tornam supervisores e mentores, fazendo doa\u00e7\u00f5es para manter o trabalho da UGAB pelo mundo. O Programa de Lideran\u00e7a Global foi estabelecido em 1987, em Nova York, por Rita e Vartkess Balian, que queriam garantir que a comunidade arm\u00eania permanecesse forte e relevante em todas as gera\u00e7\u00f5es. Atualmente, \u00e9 poss\u00edvel participar do programa em cinco cidades: Nova York, Yerevan, Londres, Paris e Buenos Aires. Para saber mais sobre o programa e como participer, acesse o site oficial clicando\u00a0aqui.<\/p>\n","protected":false},"author":1,"featured_media":0,"parent":0,"menu_order":0,"comment_status":"closed","ping_status":"closed","template":"","meta":{"_joinchat":[],"footnotes":""},"class_list":["post-924","page","type-page","status-publish","hentry"],"_links":{"self":[{"href":"https:\/\/ugab.org.br\/site\/wp-json\/wp\/v2\/pages\/924","targetHints":{"allow":["GET"]}}],"collection":[{"href":"https:\/\/ugab.org.br\/site\/wp-json\/wp\/v2\/pages"}],"about":[{"href":"https:\/\/ugab.org.br\/site\/wp-json\/wp\/v2\/types\/page"}],"author":[{"embeddable":true,"href":"https:\/\/ugab.org.br\/site\/wp-json\/wp\/v2\/users\/1"}],"replies":[{"embeddable":true,"href":"https:\/\/ugab.org.br\/site\/wp-json\/wp\/v2\/comments?post=924"}],"version-history":[{"count":7,"href":"https:\/\/ugab.org.br\/site\/wp-json\/wp\/v2\/pages\/924\/revisions"}],"predecessor-version":[{"id":1085,"href":"https:\/\/ugab.org.br\/site\/wp-json\/wp\/v2\/pages\/924\/revisions\/1085"}],"wp:attachment":[{"href":"https:\/\/ugab.org.br\/site\/wp-json\/wp\/v2\/media?parent=924"}],"curies":[{"name":"wp","href":"https:\/\/api.w.org\/{rel}","templated":true}]}}