{"id":933,"date":"2023-03-16T21:56:37","date_gmt":"2023-03-17T00:56:37","guid":{"rendered":"https:\/\/ugab.org.br\/site\/?page_id=933"},"modified":"2023-04-14T16:10:53","modified_gmt":"2023-04-14T19:10:53","slug":"yp","status":"publish","type":"page","link":"https:\/\/ugab.org.br\/site\/yp\/","title":{"rendered":"PROGRAMAS YP"},"content":{"rendered":"\t\t<div data-elementor-type=\"wp-post\" data-elementor-id=\"933\" class=\"elementor elementor-933\" data-elementor-post-type=\"page\">\n\t\t\t\t\t\t<section class=\"elementor-section elementor-top-section elementor-element elementor-element-377c704d elementor-section-boxed elementor-section-height-default elementor-section-height-default wpr-particle-no wpr-jarallax-no wpr-parallax-no wpr-sticky-section-no\" data-id=\"377c704d\" data-element_type=\"section\" data-settings=\"{&quot;background_background&quot;:&quot;classic&quot;}\">\n\t\t\t\t\t\t<div class=\"elementor-container elementor-column-gap-default\">\n\t\t\t\t\t<div class=\"elementor-column elementor-col-100 elementor-top-column elementor-element elementor-element-3b21469a\" data-id=\"3b21469a\" data-element_type=\"column\">\n\t\t\t<div class=\"elementor-widget-wrap elementor-element-populated\">\n\t\t\t\t\t\t<div class=\"elementor-element elementor-element-6d50f0ac elementor-widget elementor-widget-elementskit-heading\" data-id=\"6d50f0ac\" data-element_type=\"widget\" data-widget_type=\"elementskit-heading.default\">\n\t\t\t\t<div class=\"elementor-widget-container\">\n\t\t\t\t\t<div class=\"ekit-wid-con\" ><div class=\"ekit-heading elementskit-section-title-wraper text_center   ekit_heading_tablet-   ekit_heading_mobile-\"><h3 class=\"elementskit-section-subtitle  elementskit-style-border\">\n\t\t\t\t\t\tPROGRAMAS\n\t\t\t\t\t<\/h3><h2 class=\"ekit-heading--title elementskit-section-title \">YP \u2013 Young Professionals<\/h2><\/div><\/div>\t\t\t\t<\/div>\n\t\t\t\t<\/div>\n\t\t\t\t<section class=\"elementor-section elementor-inner-section elementor-element elementor-element-801533d elementor-section-boxed elementor-section-height-default elementor-section-height-default wpr-particle-no wpr-jarallax-no wpr-parallax-no wpr-sticky-section-no\" data-id=\"801533d\" data-element_type=\"section\">\n\t\t\t\t\t\t<div class=\"elementor-container elementor-column-gap-default\">\n\t\t\t\t\t<div class=\"elementor-column elementor-col-100 elementor-inner-column elementor-element elementor-element-b4e4bf8\" data-id=\"b4e4bf8\" data-element_type=\"column\">\n\t\t\t<div class=\"elementor-widget-wrap elementor-element-populated\">\n\t\t\t\t\t\t<div class=\"elementor-element elementor-element-97d8aa3 elementor-widget elementor-widget-image\" data-id=\"97d8aa3\" data-element_type=\"widget\" data-widget_type=\"image.default\">\n\t\t\t\t<div class=\"elementor-widget-container\">\n\t\t\t\t\t\t\t\t\t\t\t\t\t\t\t<img fetchpriority=\"high\" decoding=\"async\" width=\"800\" height=\"533\" src=\"https:\/\/ugab.org.br\/site\/wp-content\/uploads\/2023\/03\/YP-Professionals-1.jpg\" class=\"attachment-large size-large wp-image-935\" alt=\"\" srcset=\"https:\/\/ugab.org.br\/site\/wp-content\/uploads\/2023\/03\/YP-Professionals-1.jpg 900w, https:\/\/ugab.org.br\/site\/wp-content\/uploads\/2023\/03\/YP-Professionals-1-300x200.jpg 300w, https:\/\/ugab.org.br\/site\/wp-content\/uploads\/2023\/03\/YP-Professionals-1-768x512.jpg 768w\" sizes=\"(max-width: 800px) 100vw, 800px\" \/>\t\t\t\t\t\t\t\t\t\t\t\t\t\t\t<\/div>\n\t\t\t\t<\/div>\n\t\t\t\t\t<\/div>\n\t\t<\/div>\n\t\t\t\t\t<\/div>\n\t\t<\/section>\n\t\t\t\t<section class=\"elementor-section elementor-inner-section elementor-element elementor-element-e4a6a85 elementor-section-boxed elementor-section-height-default elementor-section-height-default wpr-particle-no wpr-jarallax-no wpr-parallax-no wpr-sticky-section-no\" data-id=\"e4a6a85\" data-element_type=\"section\">\n\t\t\t\t\t\t<div class=\"elementor-container elementor-column-gap-default\">\n\t\t\t\t\t<div class=\"elementor-column elementor-col-50 elementor-inner-column elementor-element elementor-element-ad5a278\" data-id=\"ad5a278\" data-element_type=\"column\">\n\t\t\t<div class=\"elementor-widget-wrap elementor-element-populated\">\n\t\t\t\t\t\t<div class=\"elementor-element elementor-element-5b751c2 elementor-widget elementor-widget-text-editor\" data-id=\"5b751c2\" data-element_type=\"widget\" data-widget_type=\"text-editor.default\">\n\t\t\t\t<div class=\"elementor-widget-container\">\n\t\t\t\t\t\t\t\t\t<p>O Grupo de Jovens Profissionais da UGAB \u2013 tamb\u00e9m conhecida globalmente como YP Professionals \u2013 \u00e9 uma rede global de contatos de grupos de jovens e apoiadores que est\u00e3o presentes em todo o mundo, promovendo a identidade e heran\u00e7a arm\u00eanias para jovens arm\u00eanios entre 22 e 40 anos. Gra\u00e7as \u00e0 sua pol\u00edtica de portas abertas, o grupo cresceu rapidamente e se transformou na maior rede arm\u00eania de seu tipo, com renome mundial por promover um senso de comunidade, pertencimento e prop\u00f3sito entre os diversos participantes.<\/p><p>O primeiro grupo de Jovens Profissionais foi formado em Los Angeles, em 1995. Desde ent\u00e3o, a rede se expandiu para 33 grupos, incluindo S\u00e3o Paulo, Amsterd\u00e3, Atenas, Buenos Aires, Beirute, Chicago, Montreal, Sofia, Washington, Yerevan, entre diversas outras cidades. Al\u00e9m disso, essa rede global possui parcerias com as organiza\u00e7\u00f5es HAIK em Frankfurt e UTI em Istambul.<\/p><p>Incentivando seus membros a permanecerem envolvidos nessa causa t\u00e3o importante e conectando jovens arm\u00eanios que vivem em diversas localidades pelo mundo, o Grupo de Jovens Profissionais possui, dentre seus objetivos: criar um canal para que diversos talentos colaborem e contribuam com iniciativas de impacto em suas comunidades e no mundo; estimular a pr\u00f3xima gera\u00e7\u00e3o de l\u00edderes arm\u00eanios; incentivar os jovens a investirem em si mesmos, suas comunidades e p\u00e1tria; ajudar a elevar o potencial dos outros arm\u00eanios, ao envolver mentores, angariadores e fundos e apoiadores; investir na Arm\u00eania por meio da arrecada\u00e7\u00e3o de fundos para projetos da UGAB.<\/p>\t\t\t\t\t\t\t\t<\/div>\n\t\t\t\t<\/div>\n\t\t\t\t\t<\/div>\n\t\t<\/div>\n\t\t\t\t<div class=\"elementor-column elementor-col-50 elementor-inner-column elementor-element elementor-element-7d9a878\" data-id=\"7d9a878\" data-element_type=\"column\">\n\t\t\t<div class=\"elementor-widget-wrap elementor-element-populated\">\n\t\t\t\t\t\t<div class=\"elementor-element elementor-element-3d4feea elementor-widget elementor-widget-text-editor\" data-id=\"3d4feea\" data-element_type=\"widget\" data-widget_type=\"text-editor.default\">\n\t\t\t\t<div class=\"elementor-widget-container\">\n\t\t\t\t\t\t\t\t\t<p>Desde o seu in\u00edcio, h\u00e1 25 anos, o grupo arrecadou mais de 600 mil d\u00f3lares para programas, projetos e iniciativas especiais da UGAB, sempre trabalhando em colabora\u00e7\u00e3o com as diversas filiais em iniciativas conjuntas, como a Assembleia Geral da UGAB, os Jogos Mundiais e o FOCUS, iniciativa criada pelos Jovens Profissionais e que j\u00e1 impactou gera\u00e7\u00f5es de jovens arm\u00eanios do mundo todo e que j\u00e1 reuniu milhares de pessoas em seus eventos.<\/p><p>Para saber mais sobre essa rede global \u00fanica, acesse o site oficial, clicando\u00a0<a href=\"http:\/\/agbuyp.org\/\" target=\"_blank\" rel=\"noopener\">aqui<\/a>.<\/p><p>Para ler mais sobre o FOCUS e sua \u00faltima edi\u00e7\u00e3o, realizada em S\u00e3o Paulo,\u00a0<strong><a href=\"http:\/\/ugab.org.br\/focus-sp\/\" target=\"_blank\" rel=\"noopener\">clique aqui<\/a>.<\/strong><\/p><p>Para se juntar \u00e0 Rede de Jovens Profissionais da UGAB, escreva para contato@ugab.org.br<\/p>\t\t\t\t\t\t\t\t<\/div>\n\t\t\t\t<\/div>\n\t\t\t\t\t<\/div>\n\t\t<\/div>\n\t\t\t\t\t<\/div>\n\t\t<\/section>\n\t\t\t\t\t<\/div>\n\t\t<\/div>\n\t\t\t\t\t<\/div>\n\t\t<\/section>\n\t\t\t\t<\/div>\n\t\t","protected":false},"excerpt":{"rendered":"<p>PROGRAMAS YP \u2013 Young Professionals O Grupo de Jovens Profissionais da UGAB \u2013 tamb\u00e9m conhecida globalmente como YP Professionals \u2013 \u00e9 uma rede global de contatos de grupos de jovens e apoiadores que est\u00e3o presentes em todo o mundo, promovendo a identidade e heran\u00e7a arm\u00eanias para jovens arm\u00eanios entre 22 e 40 anos. Gra\u00e7as \u00e0 sua pol\u00edtica de portas abertas, o grupo cresceu rapidamente e se transformou na maior rede arm\u00eania de seu tipo, com renome mundial por promover um senso de comunidade, pertencimento e prop\u00f3sito entre os diversos participantes. O primeiro grupo de Jovens Profissionais foi formado em Los Angeles, em 1995. Desde ent\u00e3o, a rede se expandiu para 33 grupos, incluindo S\u00e3o Paulo, Amsterd\u00e3, Atenas, Buenos Aires, Beirute, Chicago, Montreal, Sofia, Washington, Yerevan, entre diversas outras cidades. Al\u00e9m disso, essa rede global possui parcerias com as organiza\u00e7\u00f5es HAIK em Frankfurt e UTI em Istambul. Incentivando seus membros a permanecerem envolvidos nessa causa t\u00e3o importante e conectando jovens arm\u00eanios que vivem em diversas localidades pelo mundo, o Grupo de Jovens Profissionais possui, dentre seus objetivos: criar um canal para que diversos talentos colaborem e contribuam com iniciativas de impacto em suas comunidades e no mundo; estimular a pr\u00f3xima gera\u00e7\u00e3o de l\u00edderes arm\u00eanios; incentivar os jovens a investirem em si mesmos, suas comunidades e p\u00e1tria; ajudar a elevar o potencial dos outros arm\u00eanios, ao envolver mentores, angariadores e fundos e apoiadores; investir na Arm\u00eania por meio da arrecada\u00e7\u00e3o de fundos para projetos da UGAB. Desde o seu in\u00edcio, h\u00e1 25 anos, o grupo arrecadou mais de 600 mil d\u00f3lares para programas, projetos e iniciativas especiais da UGAB, sempre trabalhando em colabora\u00e7\u00e3o com as diversas filiais em iniciativas conjuntas, como a Assembleia Geral da UGAB, os Jogos Mundiais e o FOCUS, iniciativa criada pelos Jovens Profissionais e que j\u00e1 impactou gera\u00e7\u00f5es de jovens arm\u00eanios do mundo todo e que j\u00e1 reuniu milhares de pessoas em seus eventos. Para saber mais sobre essa rede global \u00fanica, acesse o site oficial, clicando\u00a0aqui. Para ler mais sobre o FOCUS e sua \u00faltima edi\u00e7\u00e3o, realizada em S\u00e3o Paulo,\u00a0clique aqui. Para se juntar \u00e0 Rede de Jovens Profissionais da UGAB, escreva para contato@ugab.org.br<\/p>\n","protected":false},"author":1,"featured_media":0,"parent":0,"menu_order":0,"comment_status":"closed","ping_status":"closed","template":"","meta":{"_joinchat":[],"footnotes":""},"class_list":["post-933","page","type-page","status-publish","hentry"],"_links":{"self":[{"href":"https:\/\/ugab.org.br\/site\/wp-json\/wp\/v2\/pages\/933","targetHints":{"allow":["GET"]}}],"collection":[{"href":"https:\/\/ugab.org.br\/site\/wp-json\/wp\/v2\/pages"}],"about":[{"href":"https:\/\/ugab.org.br\/site\/wp-json\/wp\/v2\/types\/page"}],"author":[{"embeddable":true,"href":"https:\/\/ugab.org.br\/site\/wp-json\/wp\/v2\/users\/1"}],"replies":[{"embeddable":true,"href":"https:\/\/ugab.org.br\/site\/wp-json\/wp\/v2\/comments?post=933"}],"version-history":[{"count":7,"href":"https:\/\/ugab.org.br\/site\/wp-json\/wp\/v2\/pages\/933\/revisions"}],"predecessor-version":[{"id":1119,"href":"https:\/\/ugab.org.br\/site\/wp-json\/wp\/v2\/pages\/933\/revisions\/1119"}],"wp:attachment":[{"href":"https:\/\/ugab.org.br\/site\/wp-json\/wp\/v2\/media?parent=933"}],"curies":[{"name":"wp","href":"https:\/\/api.w.org\/{rel}","templated":true}]}}