{"id":942,"date":"2023-03-16T21:58:56","date_gmt":"2023-03-17T00:58:56","guid":{"rendered":"https:\/\/ugab.org.br\/site\/?page_id=942"},"modified":"2023-04-14T16:04:54","modified_gmt":"2023-04-14T19:04:54","slug":"discover","status":"publish","type":"page","link":"https:\/\/ugab.org.br\/site\/discover\/","title":{"rendered":"PROGRAMAS DISCOVER"},"content":{"rendered":"\t\t<div data-elementor-type=\"wp-post\" data-elementor-id=\"942\" class=\"elementor elementor-942\" data-elementor-post-type=\"page\">\n\t\t\t\t\t\t<section class=\"elementor-section elementor-top-section elementor-element elementor-element-377c704d elementor-section-boxed elementor-section-height-default elementor-section-height-default wpr-particle-no wpr-jarallax-no wpr-parallax-no wpr-sticky-section-no\" data-id=\"377c704d\" data-element_type=\"section\" data-settings=\"{&quot;background_background&quot;:&quot;classic&quot;}\">\n\t\t\t\t\t\t<div class=\"elementor-container elementor-column-gap-default\">\n\t\t\t\t\t<div class=\"elementor-column elementor-col-100 elementor-top-column elementor-element elementor-element-3b21469a\" data-id=\"3b21469a\" data-element_type=\"column\">\n\t\t\t<div class=\"elementor-widget-wrap elementor-element-populated\">\n\t\t\t\t\t\t<div class=\"elementor-element elementor-element-6d50f0ac elementor-widget elementor-widget-elementskit-heading\" data-id=\"6d50f0ac\" data-element_type=\"widget\" data-widget_type=\"elementskit-heading.default\">\n\t\t\t\t<div class=\"elementor-widget-container\">\n\t\t\t\t\t<div class=\"ekit-wid-con\" ><div class=\"ekit-heading elementskit-section-title-wraper text_center   ekit_heading_tablet-   ekit_heading_mobile-\"><h3 class=\"elementskit-section-subtitle  elementskit-style-border\">\n\t\t\t\t\t\tPROGRAMAS\n\t\t\t\t\t<\/h3><h2 class=\"ekit-heading--title elementskit-section-title \">Discover Armenia<\/h2><\/div><\/div>\t\t\t\t<\/div>\n\t\t\t\t<\/div>\n\t\t\t\t<section class=\"elementor-section elementor-inner-section elementor-element elementor-element-801533d elementor-section-boxed elementor-section-height-default elementor-section-height-default wpr-particle-no wpr-jarallax-no wpr-parallax-no wpr-sticky-section-no\" data-id=\"801533d\" data-element_type=\"section\">\n\t\t\t\t\t\t<div class=\"elementor-container elementor-column-gap-default\">\n\t\t\t\t\t<div class=\"elementor-column elementor-col-100 elementor-inner-column elementor-element elementor-element-b4e4bf8\" data-id=\"b4e4bf8\" data-element_type=\"column\">\n\t\t\t<div class=\"elementor-widget-wrap elementor-element-populated\">\n\t\t\t\t\t\t<div class=\"elementor-element elementor-element-97d8aa3 elementor-widget elementor-widget-image\" data-id=\"97d8aa3\" data-element_type=\"widget\" data-widget_type=\"image.default\">\n\t\t\t\t<div class=\"elementor-widget-container\">\n\t\t\t\t\t\t\t\t\t\t\t\t\t\t\t<img fetchpriority=\"high\" decoding=\"async\" width=\"800\" height=\"302\" src=\"https:\/\/ugab.org.br\/site\/wp-content\/uploads\/2023\/03\/DiscoverArmenia-1024x386.png\" class=\"attachment-large size-large wp-image-944\" alt=\"\" srcset=\"https:\/\/ugab.org.br\/site\/wp-content\/uploads\/2023\/03\/DiscoverArmenia-1024x386.png 1024w, https:\/\/ugab.org.br\/site\/wp-content\/uploads\/2023\/03\/DiscoverArmenia-300x113.png 300w, https:\/\/ugab.org.br\/site\/wp-content\/uploads\/2023\/03\/DiscoverArmenia-768x290.png 768w, https:\/\/ugab.org.br\/site\/wp-content\/uploads\/2023\/03\/DiscoverArmenia.png 1140w\" sizes=\"(max-width: 800px) 100vw, 800px\" \/>\t\t\t\t\t\t\t\t\t\t\t\t\t\t\t<\/div>\n\t\t\t\t<\/div>\n\t\t\t\t\t<\/div>\n\t\t<\/div>\n\t\t\t\t\t<\/div>\n\t\t<\/section>\n\t\t\t\t<section class=\"elementor-section elementor-inner-section elementor-element elementor-element-e4a6a85 elementor-section-boxed elementor-section-height-default elementor-section-height-default wpr-particle-no wpr-jarallax-no wpr-parallax-no wpr-sticky-section-no\" data-id=\"e4a6a85\" data-element_type=\"section\">\n\t\t\t\t\t\t<div class=\"elementor-container elementor-column-gap-default\">\n\t\t\t\t\t<div class=\"elementor-column elementor-col-50 elementor-inner-column elementor-element elementor-element-ad5a278\" data-id=\"ad5a278\" data-element_type=\"column\">\n\t\t\t<div class=\"elementor-widget-wrap elementor-element-populated\">\n\t\t\t\t\t\t<div class=\"elementor-element elementor-element-5b751c2 elementor-widget elementor-widget-text-editor\" data-id=\"5b751c2\" data-element_type=\"widget\" data-widget_type=\"text-editor.default\">\n\t\t\t\t<div class=\"elementor-widget-container\">\n\t\t\t\t\t\t\t\t\t<p>Desde 2003, o programa Discover Armenia re\u00fane jovens arm\u00eanios da di\u00e1spora, com idades entre 15 e 18 anos, para uma aventura inesquec\u00edvel durante tr\u00eas semanas na Arm\u00eania e Artsakh, visitando locais hist\u00f3ricos e desfrutando maravilhas naturais.<\/p><p>Al\u00e9m de ser uma oportunidade \u00fanica para os jovens se reconectarem com sua p\u00e1tria e seu povo, o programa oferece aos jovens a oportunidade de se engajarem em v\u00e1rios projetos volunt\u00e1rios que contribuem para o desenvolvimento local. Entre as atribui\u00e7\u00f5es, est\u00e3o construir casas para fam\u00edlias carentes, visitar orfanatos locais e servir refei\u00e7\u00f5es quentes nos Centros de Refei\u00e7\u00f5es para Idosos da UGAB.<\/p>\t\t\t\t\t\t\t\t<\/div>\n\t\t\t\t<\/div>\n\t\t\t\t\t<\/div>\n\t\t<\/div>\n\t\t\t\t<div class=\"elementor-column elementor-col-50 elementor-inner-column elementor-element elementor-element-7d9a878\" data-id=\"7d9a878\" data-element_type=\"column\">\n\t\t\t<div class=\"elementor-widget-wrap elementor-element-populated\">\n\t\t\t\t\t\t<div class=\"elementor-element elementor-element-3d4feea elementor-widget elementor-widget-text-editor\" data-id=\"3d4feea\" data-element_type=\"widget\" data-widget_type=\"text-editor.default\">\n\t\t\t\t<div class=\"elementor-widget-container\">\n\t\t\t\t\t\t\t\t\t<p>A ideia \u00e9 que, ap\u00f3s essas tr\u00eas semanas inesquec\u00edveis, os jovens formem um v\u00ednculo mais forte com a Arm\u00eania, com outros participantes do programa e com suas pr\u00f3prias identidades enquanto arm\u00eanios, refor\u00e7ando a import\u00e2ncia das suas heran\u00e7as culturais.<\/p><p>Para saber mais sobre o Discover Armenia, valores e a possibilidade de receber uma bolsa, acesse o site oficial do programa clicando\u00a0<a href=\"https:\/\/discoverarmenia.org\/\" target=\"_blank\" rel=\"noopener\">aqui<\/a>.<\/p>\t\t\t\t\t\t\t\t<\/div>\n\t\t\t\t<\/div>\n\t\t\t\t\t<\/div>\n\t\t<\/div>\n\t\t\t\t\t<\/div>\n\t\t<\/section>\n\t\t\t\t\t<\/div>\n\t\t<\/div>\n\t\t\t\t\t<\/div>\n\t\t<\/section>\n\t\t\t\t<\/div>\n\t\t","protected":false},"excerpt":{"rendered":"<p>PROGRAMAS Discover Armenia Desde 2003, o programa Discover Armenia re\u00fane jovens arm\u00eanios da di\u00e1spora, com idades entre 15 e 18 anos, para uma aventura inesquec\u00edvel durante tr\u00eas semanas na Arm\u00eania e Artsakh, visitando locais hist\u00f3ricos e desfrutando maravilhas naturais. Al\u00e9m de ser uma oportunidade \u00fanica para os jovens se reconectarem com sua p\u00e1tria e seu povo, o programa oferece aos jovens a oportunidade de se engajarem em v\u00e1rios projetos volunt\u00e1rios que contribuem para o desenvolvimento local. Entre as atribui\u00e7\u00f5es, est\u00e3o construir casas para fam\u00edlias carentes, visitar orfanatos locais e servir refei\u00e7\u00f5es quentes nos Centros de Refei\u00e7\u00f5es para Idosos da UGAB. A ideia \u00e9 que, ap\u00f3s essas tr\u00eas semanas inesquec\u00edveis, os jovens formem um v\u00ednculo mais forte com a Arm\u00eania, com outros participantes do programa e com suas pr\u00f3prias identidades enquanto arm\u00eanios, refor\u00e7ando a import\u00e2ncia das suas heran\u00e7as culturais. Para saber mais sobre o Discover Armenia, valores e a possibilidade de receber uma bolsa, acesse o site oficial do programa clicando\u00a0aqui.<\/p>\n","protected":false},"author":1,"featured_media":0,"parent":0,"menu_order":0,"comment_status":"closed","ping_status":"closed","template":"","meta":{"_joinchat":[],"footnotes":""},"class_list":["post-942","page","type-page","status-publish","hentry"],"_links":{"self":[{"href":"https:\/\/ugab.org.br\/site\/wp-json\/wp\/v2\/pages\/942","targetHints":{"allow":["GET"]}}],"collection":[{"href":"https:\/\/ugab.org.br\/site\/wp-json\/wp\/v2\/pages"}],"about":[{"href":"https:\/\/ugab.org.br\/site\/wp-json\/wp\/v2\/types\/page"}],"author":[{"embeddable":true,"href":"https:\/\/ugab.org.br\/site\/wp-json\/wp\/v2\/users\/1"}],"replies":[{"embeddable":true,"href":"https:\/\/ugab.org.br\/site\/wp-json\/wp\/v2\/comments?post=942"}],"version-history":[{"count":7,"href":"https:\/\/ugab.org.br\/site\/wp-json\/wp\/v2\/pages\/942\/revisions"}],"predecessor-version":[{"id":1097,"href":"https:\/\/ugab.org.br\/site\/wp-json\/wp\/v2\/pages\/942\/revisions\/1097"}],"wp:attachment":[{"href":"https:\/\/ugab.org.br\/site\/wp-json\/wp\/v2\/media?parent=942"}],"curies":[{"name":"wp","href":"https:\/\/api.w.org\/{rel}","templated":true}]}}