{"id":968,"date":"2023-03-17T14:29:57","date_gmt":"2023-03-17T17:29:57","guid":{"rendered":"https:\/\/ugab.org.br\/site\/?page_id=968"},"modified":"2023-04-14T16:21:25","modified_gmt":"2023-04-14T19:21:25","slug":"campanhas","status":"publish","type":"page","link":"https:\/\/ugab.org.br\/site\/campanhas\/","title":{"rendered":"CAMPANHAS E EVENTOS"},"content":{"rendered":"\t\t<div data-elementor-type=\"wp-post\" data-elementor-id=\"968\" class=\"elementor elementor-968\" data-elementor-post-type=\"page\">\n\t\t\t\t\t\t<section class=\"wpr-jarallax elementor-section elementor-top-section elementor-element elementor-element-21343ee4 wpr-jarallax-yes elementor-section-boxed elementor-section-height-default elementor-section-height-default wpr-particle-no wpr-parallax-no wpr-sticky-section-no\" speed-data=\"1.4\" bg-image=\"https:\/\/ugab.org.br\/site\/wp-content\/plugins\/elementor\/assets\/images\/placeholder.png\" scroll-effect=\"scroll\" data-id=\"21343ee4\" data-element_type=\"section\" data-settings=\"{&quot;background_background&quot;:&quot;classic&quot;}\">\n\t\t\t\t\t\t<div class=\"elementor-container elementor-column-gap-no\">\n\t\t\t\t\t<div class=\"elementor-column elementor-col-100 elementor-top-column elementor-element elementor-element-575e38ca\" data-id=\"575e38ca\" data-element_type=\"column\">\n\t\t\t<div class=\"elementor-widget-wrap elementor-element-populated\">\n\t\t\t\t\t\t<div class=\"elementor-element elementor-element-903faf0 elementor-widget elementor-widget-heading\" data-id=\"903faf0\" data-element_type=\"widget\" data-widget_type=\"heading.default\">\n\t\t\t\t<div class=\"elementor-widget-container\">\n\t\t\t\t\t<h2 class=\"elementor-heading-title elementor-size-default\">CONECTE-SE COM A ARMENIDADE<\/h2>\t\t\t\t<\/div>\n\t\t\t\t<\/div>\n\t\t\t\t<div class=\"elementor-element elementor-element-569d3cd elementor-widget elementor-widget-heading\" data-id=\"569d3cd\" data-element_type=\"widget\" data-widget_type=\"heading.default\">\n\t\t\t\t<div class=\"elementor-widget-container\">\n\t\t\t\t\t<h2 class=\"elementor-heading-title elementor-size-default\">APOIO PARA NOSSOS IRM\u00c3OS<\/h2>\t\t\t\t<\/div>\n\t\t\t\t<\/div>\n\t\t\t\t\t<\/div>\n\t\t<\/div>\n\t\t\t\t\t<\/div>\n\t\t<\/section>\n\t\t\t\t<section class=\"elementor-section elementor-top-section elementor-element elementor-element-377c704d elementor-section-boxed elementor-section-height-default elementor-section-height-default wpr-particle-no wpr-jarallax-no wpr-parallax-no wpr-sticky-section-no\" data-id=\"377c704d\" data-element_type=\"section\" data-settings=\"{&quot;background_background&quot;:&quot;classic&quot;}\">\n\t\t\t\t\t\t<div class=\"elementor-container elementor-column-gap-default\">\n\t\t\t\t\t<div class=\"elementor-column elementor-col-100 elementor-top-column elementor-element elementor-element-3b21469a\" data-id=\"3b21469a\" data-element_type=\"column\">\n\t\t\t<div class=\"elementor-widget-wrap elementor-element-populated\">\n\t\t\t\t\t\t<section class=\"elementor-section elementor-inner-section elementor-element elementor-element-801533d elementor-section-boxed elementor-section-height-default elementor-section-height-default wpr-particle-no wpr-jarallax-no wpr-parallax-no wpr-sticky-section-no\" data-id=\"801533d\" data-element_type=\"section\">\n\t\t\t\t\t\t<div class=\"elementor-container elementor-column-gap-default\">\n\t\t\t\t\t<div class=\"elementor-column elementor-col-100 elementor-inner-column elementor-element elementor-element-b4e4bf8\" data-id=\"b4e4bf8\" data-element_type=\"column\">\n\t\t\t<div class=\"elementor-widget-wrap elementor-element-populated\">\n\t\t\t\t\t\t<div class=\"elementor-element elementor-element-6d50f0ac elementor-widget elementor-widget-elementskit-heading\" data-id=\"6d50f0ac\" data-element_type=\"widget\" data-widget_type=\"elementskit-heading.default\">\n\t\t\t\t<div class=\"elementor-widget-container\">\n\t\t\t\t\t<div class=\"ekit-wid-con\" ><div class=\"ekit-heading elementskit-section-title-wraper text_center   ekit_heading_tablet-   ekit_heading_mobile-\"><h3 class=\"elementskit-section-subtitle  elementskit-style-border\">\n\t\t\t\t\t\tCAMPANHAS\n\t\t\t\t\t<\/h3><h2 class=\"ekit-heading--title elementskit-section-title \">Apoio Comunit\u00e1rio<\/h2><\/div><\/div>\t\t\t\t<\/div>\n\t\t\t\t<\/div>\n\t\t\t\t<div class=\"elementor-element elementor-element-7c7f23c elementor-widget elementor-widget-text-editor\" data-id=\"7c7f23c\" data-element_type=\"widget\" data-widget_type=\"text-editor.default\">\n\t\t\t\t<div class=\"elementor-widget-container\">\n\t\t\t\t\t\t\t\t\t<p>A UGAB, por meio de sua rede global presente em 31 pa\u00edses, possui campanhas globais acontecendo de acordo com as urg\u00eancias e necessidades das nossas comunidades arm\u00eanias pelo mundo.<\/p><p>Saiba agora mesmo, navegando nos links abaixo, quais s\u00e3o as campanhas atuais, bem como foram as passadas.<\/p><p>Doe agora e fa\u00e7a a diferen\u00e7a na vida de v\u00e1rias pessoas.<\/p>\t\t\t\t\t\t\t\t<\/div>\n\t\t\t\t<\/div>\n\t\t\t\t<div class=\"elementor-element elementor-element-04d25d1 elementor-widget elementor-widget-spacer\" data-id=\"04d25d1\" data-element_type=\"widget\" data-widget_type=\"spacer.default\">\n\t\t\t\t<div class=\"elementor-widget-container\">\n\t\t\t\t\t\t\t<div class=\"elementor-spacer\">\n\t\t\t<div class=\"elementor-spacer-inner\"><\/div>\n\t\t<\/div>\n\t\t\t\t\t\t<\/div>\n\t\t\t\t<\/div>\n\t\t\t\t<div class=\"elementor-element elementor-element-a4ff3b0 elementor-posts--align-center elementor-grid-3 elementor-grid-tablet-2 elementor-grid-mobile-1 elementor-posts--thumbnail-top elementor-card-shadow-yes elementor-posts__hover-gradient elementor-widget elementor-widget-posts\" data-id=\"a4ff3b0\" data-element_type=\"widget\" data-settings=\"{&quot;pagination_type&quot;:&quot;numbers&quot;,&quot;cards_columns&quot;:&quot;3&quot;,&quot;cards_columns_tablet&quot;:&quot;2&quot;,&quot;cards_columns_mobile&quot;:&quot;1&quot;,&quot;cards_row_gap&quot;:{&quot;unit&quot;:&quot;px&quot;,&quot;size&quot;:35,&quot;sizes&quot;:[]},&quot;cards_row_gap_tablet&quot;:{&quot;unit&quot;:&quot;px&quot;,&quot;size&quot;:&quot;&quot;,&quot;sizes&quot;:[]},&quot;cards_row_gap_mobile&quot;:{&quot;unit&quot;:&quot;px&quot;,&quot;size&quot;:&quot;&quot;,&quot;sizes&quot;:[]}}\" data-widget_type=\"posts.cards\">\n\t\t\t\t<div class=\"elementor-widget-container\">\n\t\t\t\t\t\t\t<div class=\"elementor-posts-container elementor-posts elementor-posts--skin-cards elementor-grid\">\n\t\t\t\t<article class=\"elementor-post elementor-grid-item post-981 post type-post status-publish format-standard has-post-thumbnail hentry category-campanha\">\n\t\t\t<div class=\"elementor-post__card\">\n\t\t\t\t<a class=\"elementor-post__thumbnail__link\" href=\"https:\/\/ugab.org.br\/site\/2021\/03\/15\/campanha-de-natal\/\" ><div class=\"elementor-post__thumbnail\"><img fetchpriority=\"high\" decoding=\"async\" width=\"300\" height=\"200\" src=\"https:\/\/ugab.org.br\/site\/wp-content\/uploads\/2023\/03\/Mapa-300x200.png\" class=\"attachment-medium size-medium wp-image-982\" alt=\"\" srcset=\"https:\/\/ugab.org.br\/site\/wp-content\/uploads\/2023\/03\/Mapa-300x200.png 300w, https:\/\/ugab.org.br\/site\/wp-content\/uploads\/2023\/03\/Mapa-768x512.png 768w, https:\/\/ugab.org.br\/site\/wp-content\/uploads\/2023\/03\/Mapa.png 900w\" sizes=\"(max-width: 300px) 100vw, 300px\" \/><\/div><\/a>\n\t\t\t\t<div class=\"elementor-post__text\">\n\t\t\t\t<h3 class=\"elementor-post__title\">\n\t\t\t<a href=\"https:\/\/ugab.org.br\/site\/2021\/03\/15\/campanha-de-natal\/\" >\n\t\t\t\tCampanha de Natal\t\t\t<\/a>\n\t\t<\/h3>\n\t\t\t\t<div class=\"elementor-post__excerpt\">\n\t\t\t<p>Pensando em dar um presente diferenciado e especial nesse Natal e ao mesmo tempo ajudar arm\u00eanios afetados pelo conflito em Artsakh de 2020? Ent\u00e3o n\u00e3o deixe de adquirir o mapa da Arm\u00eania e Artsakh feito pela Mer Djanabar (@mer_djanabar)! Mais do que um simples presente, esse mapa de 90 cm x 70 cm da Arm\u00eania e Artsakh \u00e9 separado por prov\u00edncias e com informa\u00e7\u00f5es sobre cada uma delas, em que as pessoas aprendem sobre os territ\u00f3rios enquanto o colorem. Al\u00e9m disso, ele serve como uma ferramenta de divulga\u00e7\u00e3o da cultura arm\u00eania no Brasil, feito de uma forma in\u00e9dita e criativa. Custando R$100,00, a cada mapa vendido, a UGAB Brasil transformar\u00e1 esse valor em 100 d\u00f3lares, que ser\u00e3o destinados de forma integral \u00e0 UGAB Yerevan, para a campanha AGBU Relief Fund, ajudando fam\u00edlias de soldados e refugiados da guerra de 2020. Para realizar a sua compra, entre em contato direto conosco pelo WhatsApp da UGAB Brasil, pelo (11) 94559.7268 (atendimento em hor\u00e1rio comercial). Os mapas poder\u00e3o ser retirados na UGAB Brasil a partir de hoje, dia 14, ou ser entregues por um servi\u00e7o de entrega \u2013 mais detalhes sobre o pre\u00e7o do servi\u00e7o na hora da compra. A venda dos mapas ser\u00e1 realizada at\u00e9 o dia 21\/12 ou at\u00e9 o fim do estoque. Ent\u00e3o n\u00e3o perca esta oportunidade incr\u00edvel de ter um material exclusivo da Arm\u00eania e de ajudar o pr\u00f3ximo!<\/p>\n\t\t<\/div>\n\t\t\n\t\t<a class=\"elementor-post__read-more\" href=\"https:\/\/ugab.org.br\/site\/2021\/03\/15\/campanha-de-natal\/\" aria-label=\"Read more about Campanha de Natal\" >\n\t\t\tLeia Mais \u00bb\t\t<\/a>\n\n\t\t\t\t<\/div>\n\t\t\t\t<div class=\"elementor-post__meta-data\">\n\t\t\t\t\t<span class=\"elementor-post-date\">\n\t\t\t15\/03\/2021\t\t<\/span>\n\t\t\t\t<span class=\"elementor-post-time\">\n\t\t\t14:42\t\t<\/span>\n\t\t\t\t<\/div>\n\t\t\t\t\t<\/div>\n\t\t<\/article>\n\t\t\t\t<article class=\"elementor-post elementor-grid-item post-990 post type-post status-publish format-standard has-post-thumbnail hentry category-campanha\">\n\t\t\t<div class=\"elementor-post__card\">\n\t\t\t\t<a class=\"elementor-post__thumbnail__link\" href=\"https:\/\/ugab.org.br\/site\/2021\/01\/15\/venda-de-livros-100-anos-do-genocidio-armenio\/\" ><div class=\"elementor-post__thumbnail\"><img decoding=\"async\" width=\"300\" height=\"200\" src=\"https:\/\/ugab.org.br\/site\/wp-content\/uploads\/2023\/03\/Livro-300x200.png\" class=\"attachment-medium size-medium wp-image-991\" alt=\"\" srcset=\"https:\/\/ugab.org.br\/site\/wp-content\/uploads\/2023\/03\/Livro-300x200.png 300w, https:\/\/ugab.org.br\/site\/wp-content\/uploads\/2023\/03\/Livro-768x512.png 768w, https:\/\/ugab.org.br\/site\/wp-content\/uploads\/2023\/03\/Livro.png 900w\" sizes=\"(max-width: 300px) 100vw, 300px\" \/><\/div><\/a>\n\t\t\t\t<div class=\"elementor-post__text\">\n\t\t\t\t<h3 class=\"elementor-post__title\">\n\t\t\t<a href=\"https:\/\/ugab.org.br\/site\/2021\/01\/15\/venda-de-livros-100-anos-do-genocidio-armenio\/\" >\n\t\t\t\tVenda de livros | &#8220;100 Anos do Genoc\u00eddio Arm\u00eanio&#8221;\t\t\t<\/a>\n\t\t<\/h3>\n\t\t\t\t<div class=\"elementor-post__excerpt\">\n\t\t\t<p>Em 2020, o Azerbaij\u00e3o, contando com forte apoio da Turquia, atacou indiscriminadamente arm\u00eanios em Artsakh e na Arm\u00eania, dando in\u00edcio a um conflito que, em poucos meses, acabou vitimando milhares de arm\u00eanios e deixando outros milhares desabrigados. Agora, voc\u00ea sabia que todos esses ataques contra arm\u00eanios t\u00eam origens hist\u00f3ricas que se iniciaram h\u00e1 mais de 100 anos? Por isso, para compreender historicamente essas agress\u00f5es que ecoam e continuam at\u00e9 os dias de hoje, em pleno S\u00e9culo XXI, a UGAB Brasil disponibilizar\u00e1 a venda de mais exemplares do livro \u201c100 Anos do Genoc\u00eddio Arm\u00eanio \u2013 Negacionismo, Sil\u00eancio e Direitos Humanos 1915-2015&#8243;. A obra re\u00fane artigos de estudiosos que ajudam a compreender um dos epis\u00f3dios mais tr\u00e1gicos da hist\u00f3ria da humanidade \u2013 o Genoc\u00eddio Arm\u00eanio, a matan\u00e7a de 1,5 milh\u00e3o de arm\u00eanios pelo governo turco-otomano entre 1915 e 1917. O livro foi publicado pela Editora Humanitas, organizado pelos professores Maria Luiza Tucci Carneiro, Carlos Eduardo de Abreu Boucault e Heitor de Andrade Carvalho Loureiro, e re\u00fane artigos de diferentes estudiosos, sendo considerada uma das principais obras sobre o assunto na l\u00edngua portuguesa. O valor de cada livro \u00e9 de R$ 60,00 \u2013 frete \u00e0 parte ou retirada a combinar. Para adquirir a sua c\u00f3pia, escreva para o e-mail contato@ugab.org.br ou para o n\u00famero de Whatsapp (11) 94559.7268.<\/p>\n\t\t<\/div>\n\t\t\n\t\t<a class=\"elementor-post__read-more\" href=\"https:\/\/ugab.org.br\/site\/2021\/01\/15\/venda-de-livros-100-anos-do-genocidio-armenio\/\" aria-label=\"Read more about Venda de livros | &#8220;100 Anos do Genoc\u00eddio Arm\u00eanio&#8221;\" >\n\t\t\tLeia Mais \u00bb\t\t<\/a>\n\n\t\t\t\t<\/div>\n\t\t\t\t<div class=\"elementor-post__meta-data\">\n\t\t\t\t\t<span class=\"elementor-post-date\">\n\t\t\t15\/01\/2021\t\t<\/span>\n\t\t\t\t<span class=\"elementor-post-time\">\n\t\t\t14:48\t\t<\/span>\n\t\t\t\t<\/div>\n\t\t\t\t\t<\/div>\n\t\t<\/article>\n\t\t\t\t<article class=\"elementor-post elementor-grid-item post-993 post type-post status-publish format-standard has-post-thumbnail hentry category-campanha\">\n\t\t\t<div class=\"elementor-post__card\">\n\t\t\t\t<a class=\"elementor-post__thumbnail__link\" href=\"https:\/\/ugab.org.br\/site\/2020\/10\/24\/carreata-pela-paz-na-armenia-e-artsakh\/\" ><div class=\"elementor-post__thumbnail\"><img decoding=\"async\" width=\"300\" height=\"200\" src=\"https:\/\/ugab.org.br\/site\/wp-content\/uploads\/2023\/03\/Carreata-300x200.png\" class=\"attachment-medium size-medium wp-image-994\" alt=\"\" srcset=\"https:\/\/ugab.org.br\/site\/wp-content\/uploads\/2023\/03\/Carreata-300x200.png 300w, https:\/\/ugab.org.br\/site\/wp-content\/uploads\/2023\/03\/Carreata-768x512.png 768w, https:\/\/ugab.org.br\/site\/wp-content\/uploads\/2023\/03\/Carreata.png 900w\" sizes=\"(max-width: 300px) 100vw, 300px\" \/><\/div><\/a>\n\t\t\t\t<div class=\"elementor-post__text\">\n\t\t\t\t<h3 class=\"elementor-post__title\">\n\t\t\t<a href=\"https:\/\/ugab.org.br\/site\/2020\/10\/24\/carreata-pela-paz-na-armenia-e-artsakh\/\" >\n\t\t\t\tCarreata pela paz na Arm\u00eania e Artsakh\t\t\t<\/a>\n\t\t<\/h3>\n\t\t\t\t<div class=\"elementor-post__excerpt\">\n\t\t\t<p>\u00c9 amanh\u00e3! Carreata pela paz na Arm\u00eania e Artsakh. Data: Domingo, 25 de outubro de 2020 Ponto de partida e de retorno: Pra\u00e7a Charles Miller (Est\u00e1dio do Pacaemb\u00fa) Sa\u00edda: 16h00 Concentra\u00e7\u00e3o: \u00e0 partir das 14h00 Aqueles que n\u00e3o tiverem bandeiras \/ posters comparecer ao ponto de partida \u00e0 partir das 14h00 para coloca\u00e7\u00e3o N\u00e3o perca!<\/p>\n\t\t<\/div>\n\t\t\n\t\t<a class=\"elementor-post__read-more\" href=\"https:\/\/ugab.org.br\/site\/2020\/10\/24\/carreata-pela-paz-na-armenia-e-artsakh\/\" aria-label=\"Read more about Carreata pela paz na Arm\u00eania e Artsakh\" >\n\t\t\tLeia Mais \u00bb\t\t<\/a>\n\n\t\t\t\t<\/div>\n\t\t\t\t<div class=\"elementor-post__meta-data\">\n\t\t\t\t\t<span class=\"elementor-post-date\">\n\t\t\t24\/10\/2020\t\t<\/span>\n\t\t\t\t<span class=\"elementor-post-time\">\n\t\t\t14:50\t\t<\/span>\n\t\t\t\t<\/div>\n\t\t\t\t\t<\/div>\n\t\t<\/article>\n\t\t\t\t<article class=\"elementor-post elementor-grid-item post-996 post type-post status-publish format-standard has-post-thumbnail hentry category-campanha\">\n\t\t\t<div class=\"elementor-post__card\">\n\t\t\t\t<a class=\"elementor-post__thumbnail__link\" href=\"https:\/\/ugab.org.br\/site\/2020\/10\/14\/doacoes-para-vitimas-em-artsakh\/\" ><div class=\"elementor-post__thumbnail\"><img loading=\"lazy\" decoding=\"async\" width=\"300\" height=\"200\" src=\"https:\/\/ugab.org.br\/site\/wp-content\/uploads\/2023\/03\/Artsakh-Ataque-300x200.png\" class=\"attachment-medium size-medium wp-image-997\" alt=\"\" srcset=\"https:\/\/ugab.org.br\/site\/wp-content\/uploads\/2023\/03\/Artsakh-Ataque-300x200.png 300w, https:\/\/ugab.org.br\/site\/wp-content\/uploads\/2023\/03\/Artsakh-Ataque-768x512.png 768w, https:\/\/ugab.org.br\/site\/wp-content\/uploads\/2023\/03\/Artsakh-Ataque.png 900w\" sizes=\"(max-width: 300px) 100vw, 300px\" \/><\/div><\/a>\n\t\t\t\t<div class=\"elementor-post__text\">\n\t\t\t\t<h3 class=\"elementor-post__title\">\n\t\t\t<a href=\"https:\/\/ugab.org.br\/site\/2020\/10\/14\/doacoes-para-vitimas-em-artsakh\/\" >\n\t\t\t\tDoa\u00e7\u00f5es para v\u00edtimas em Artsakh\t\t\t<\/a>\n\t\t<\/h3>\n\t\t\t\t<div class=\"elementor-post__excerpt\">\n\t\t\t<p>Infelizmente, nessa inesperada guerra, centenas de civis e militares arm\u00eanios j\u00e1 foram vitimados. Agora, mais do que nunca, precisamos agir, juntos, por Artsakh. E nesse momento t\u00e3o cr\u00edtico, a UGAB Brasil lan\u00e7a a sua campanha de arrecada\u00e7\u00e3o que visa levantar at\u00e9 R$ 3 milh\u00f5es e destinar \u00e0 campanha \u201cN\u00f3s Somos Nossas Fronteiras&#8221;(We are our borders), do Fundo Nacional Arm\u00eania, para atender necessidades de assist\u00eancia humanit\u00e1ria e m\u00e9dica em Artsakh e na Arm\u00eania. Para garantir que n\u00e3o falte nada \u00e0queles que est\u00e3o em necessidade durante a guerra e que, infelizmente, tamb\u00e9m estar\u00e3o em dificuldades ap\u00f3s o fim do conflito, a UGAB Brasil potencializar\u00e1 o valor de cada doa\u00e7\u00e3o feita. Funciona assim: para valores arrecadados entre R$ 3.000 e R$ 9.999, doaremos 50% a mais; para valores entre R$ 10.000 e R$ 49.999, doaremos 100% a mais; para valores arrecadados acima de R$ 50.000, doaremos 150% a mais. Juntos, iremos garantir o essencial para salvar a vida de arm\u00eanios em necessidade.<\/p>\n\t\t<\/div>\n\t\t\n\t\t<a class=\"elementor-post__read-more\" href=\"https:\/\/ugab.org.br\/site\/2020\/10\/14\/doacoes-para-vitimas-em-artsakh\/\" aria-label=\"Read more about Doa\u00e7\u00f5es para v\u00edtimas em Artsakh\" >\n\t\t\tLeia Mais \u00bb\t\t<\/a>\n\n\t\t\t\t<\/div>\n\t\t\t\t<div class=\"elementor-post__meta-data\">\n\t\t\t\t\t<span class=\"elementor-post-date\">\n\t\t\t14\/10\/2020\t\t<\/span>\n\t\t\t\t<span class=\"elementor-post-time\">\n\t\t\t14:52\t\t<\/span>\n\t\t\t\t<\/div>\n\t\t\t\t\t<\/div>\n\t\t<\/article>\n\t\t\t\t<article class=\"elementor-post elementor-grid-item post-999 post type-post status-publish format-standard has-post-thumbnail hentry category-campanha\">\n\t\t\t<div class=\"elementor-post__card\">\n\t\t\t\t<a class=\"elementor-post__thumbnail__link\" href=\"https:\/\/ugab.org.br\/site\/2020\/09\/02\/campanha-de-apoio-a-siria\/\" ><div class=\"elementor-post__thumbnail\"><img loading=\"lazy\" decoding=\"async\" width=\"300\" height=\"200\" src=\"https:\/\/ugab.org.br\/site\/wp-content\/uploads\/2023\/03\/Campanha-1-300x200.png\" class=\"attachment-medium size-medium wp-image-1000\" alt=\"\" srcset=\"https:\/\/ugab.org.br\/site\/wp-content\/uploads\/2023\/03\/Campanha-1-300x200.png 300w, https:\/\/ugab.org.br\/site\/wp-content\/uploads\/2023\/03\/Campanha-1-768x512.png 768w, https:\/\/ugab.org.br\/site\/wp-content\/uploads\/2023\/03\/Campanha-1.png 900w\" sizes=\"(max-width: 300px) 100vw, 300px\" \/><\/div><\/a>\n\t\t\t\t<div class=\"elementor-post__text\">\n\t\t\t\t<h3 class=\"elementor-post__title\">\n\t\t\t<a href=\"https:\/\/ugab.org.br\/site\/2020\/09\/02\/campanha-de-apoio-a-siria\/\" >\n\t\t\t\tCampanha de apoio \u00e0 S\u00edria\t\t\t<\/a>\n\t\t<\/h3>\n\t\t\t\t<div class=\"elementor-post__excerpt\">\n\t\t\t<p>A UGAB Brasil tem, desde sua funda\u00e7\u00e3o, a benemer\u00eancia como pilar fundamental. E foi seguindo esse princ\u00edpio inalter\u00e1vel que a entidade lan\u00e7ou a campanha de apoio \u00e0 S\u00edria, pa\u00eds ainda assombrado pela cruel guerra civil, que aconteceu entre 2012 e 2019, e assolado, a partir de 2020, pela pandemia da COVID-19. E mais do que apoiar a S\u00edria pela terr\u00edvel situa\u00e7\u00e3o que enfrenta, a campanha tamb\u00e9m foi uma retribui\u00e7\u00e3o: o pa\u00eds (e tamb\u00e9m o vizinho L\u00edbano) corajosamente acolheu em abrigos e orfanatos milhares de sobreviventes do Genoc\u00eddio Arm\u00eanio (link), que vitimou 1,5 milh\u00e3o de arm\u00eanios, dentre eles 500 mil crian\u00e7as. Caminhando por centenas e centenas de quil\u00f4metros, esses sobreviventes, que inclu\u00edam crian\u00e7as, idosos e fam\u00edlias inteiras despeda\u00e7adas, muitas vezes traziam consigo apenas a roupa do corpo e uma foto de lembran\u00e7a, al\u00e9m da dor e mem\u00f3ria de uma das maiores trag\u00e9dias da humanidade. E ao chegar \u00e0 S\u00edria, a eles n\u00e3o foi dado apenas um acolhimento: a eles, foi dado um porto seguro e uma verdadeira oportunidade de recome\u00e7o, que era possibilitado, muitas vezes, por uma moeda de ouro que era colocada escondida por s\u00edrios no bot\u00e3o da manga da camisa, na barra da cal\u00e7a ou na lapela da roupa \u2013 esse acolhimento e recome\u00e7o fez com que muitos dos sobreviventes constitu\u00edssem fam\u00edlias em diversos lugares do mundo, inclusive no Brasil. Pensando nessa retribui\u00e7\u00e3o hist\u00f3rica que a UGAB Brasil resolveu, por meio de sua campanha de doa\u00e7\u00e3o de cestas b\u00e1sicas, doar um pouco de esperan\u00e7a e amenizar a dor e desespero de 670 fam\u00edlias arm\u00eanias que enfrentam uma das piores crises humanit\u00e1rias de nossos tempos e que vivem abaixo da linha da pobreza na S\u00edria, enfrentando fome, falta de moradia e uma terr\u00edvel situa\u00e7\u00e3o econ\u00f4mica agravada pelas j\u00e1 citadas guerra civil s\u00edria e pandemia. E a campanha funcionou assim: a entidade doou 10 mil d\u00f3lares, que foram revertidos em sua totalidade em cestas b\u00e1sicas \u00e0s fam\u00edlias em necessidade, e pessoas de qualquer lugar do Brasil ou exterior podiam doar cestas b\u00e1sicas, cada uma no valor de 120 reais. \u00a0E al\u00e9m de saber que ajudou o pr\u00f3ximo em necessidade, aqueles que doaram uma \u2013 ou mais de uma \u2013 cesta b\u00e1sica ganharam, tamb\u00e9m, um voucher para receber um prato t\u00edpico arm\u00eanio da Cozinha da UGAB\u00a0e um postal de agradecimento com uma foto da S\u00edria. Infelizmente, a campanha foi interrompida \u00e0 \u00e9poca devido \u00e0s agress\u00f5es do Azerbaij\u00e3o contra Artsakh e a consequente Guerra dos 44 dias. Por\u00e9m, clicando aqui voc\u00ea pode doar para diversas outras iniciativas da UGAB Brasil e UGAB Global, que sempre visam apoiar todos aqueles que necessitam.<\/p>\n\t\t<\/div>\n\t\t\n\t\t<a class=\"elementor-post__read-more\" href=\"https:\/\/ugab.org.br\/site\/2020\/09\/02\/campanha-de-apoio-a-siria\/\" aria-label=\"Read more about Campanha de apoio \u00e0 S\u00edria\" >\n\t\t\tLeia Mais \u00bb\t\t<\/a>\n\n\t\t\t\t<\/div>\n\t\t\t\t<div class=\"elementor-post__meta-data\">\n\t\t\t\t\t<span class=\"elementor-post-date\">\n\t\t\t02\/09\/2020\t\t<\/span>\n\t\t\t\t<span class=\"elementor-post-time\">\n\t\t\t14:53\t\t<\/span>\n\t\t\t\t<\/div>\n\t\t\t\t\t<\/div>\n\t\t<\/article>\n\t\t\t\t<article class=\"elementor-post elementor-grid-item post-1003 post type-post status-publish format-standard has-post-thumbnail hentry category-campanha\">\n\t\t\t<div class=\"elementor-post__card\">\n\t\t\t\t<a class=\"elementor-post__thumbnail__link\" href=\"https:\/\/ugab.org.br\/site\/2020\/05\/17\/campanha-de-doacao-de-cestas-basicas\/\" ><div class=\"elementor-post__thumbnail\"><img loading=\"lazy\" decoding=\"async\" width=\"300\" height=\"200\" src=\"https:\/\/ugab.org.br\/site\/wp-content\/uploads\/2023\/03\/Cestas-300x200.png\" class=\"attachment-medium size-medium wp-image-1004\" alt=\"\" srcset=\"https:\/\/ugab.org.br\/site\/wp-content\/uploads\/2023\/03\/Cestas-300x200.png 300w, https:\/\/ugab.org.br\/site\/wp-content\/uploads\/2023\/03\/Cestas-768x512.png 768w, https:\/\/ugab.org.br\/site\/wp-content\/uploads\/2023\/03\/Cestas.png 900w\" sizes=\"(max-width: 300px) 100vw, 300px\" \/><\/div><\/a>\n\t\t\t\t<div class=\"elementor-post__text\">\n\t\t\t\t<h3 class=\"elementor-post__title\">\n\t\t\t<a href=\"https:\/\/ugab.org.br\/site\/2020\/05\/17\/campanha-de-doacao-de-cestas-basicas\/\" >\n\t\t\t\tCampanha de doa\u00e7\u00e3o de Cestas B\u00e1sicas\t\t\t<\/a>\n\t\t<\/h3>\n\t\t\t\t<div class=\"elementor-post__excerpt\">\n\t\t\t<p>Ap\u00f3s finalizarmos com sucesso a nossa campanha de arrecada\u00e7\u00e3o para cestas b\u00e1sicas para pessoas em situa\u00e7\u00e3o de vulnerabilidade pela COVID-19, no \u00faltimo s\u00e1bado come\u00e7amos a realizar a distribui\u00e7\u00e3o das cestas. Seguindo um dos pilares do povo arm\u00eanio, que \u00e9 a coopera\u00e7\u00e3o, gra\u00e7as ao esfor\u00e7o conjunto de todos n\u00f3s, o b\u00e1sico n\u00e3o faltar\u00e1 para mais de 170 fam\u00edlias! E continuamos unidos na luta contra a COVID-19: al\u00e9m dessa campanha, estamos apoiando a campanha do Fundo Arm\u00eania, por meio da venda do livro \u201c100 Anos do Genoc\u00eddio Arm\u00eanio \u2013 Negacionismo, Sil\u00eancio e Direitos Humanos 1915-2015\u201d, e estamos com o Fundo de Ajuda Humanit\u00e1ria Emergencial da UGAB, uma campanha global para fornecer assist\u00eancia para fam\u00edlias arm\u00eanias ao redor do mundo que enfrentam inseguran\u00e7a alimentar. Na esperan\u00e7a de que tudo possa voltar ao normal em breve, agradecemos a todos voc\u00eas por enfrentar essa batalha com a gente!<\/p>\n\t\t<\/div>\n\t\t\n\t\t<a class=\"elementor-post__read-more\" href=\"https:\/\/ugab.org.br\/site\/2020\/05\/17\/campanha-de-doacao-de-cestas-basicas\/\" aria-label=\"Read more about Campanha de doa\u00e7\u00e3o de Cestas B\u00e1sicas\" >\n\t\t\tLeia Mais \u00bb\t\t<\/a>\n\n\t\t\t\t<\/div>\n\t\t\t\t<div class=\"elementor-post__meta-data\">\n\t\t\t\t\t<span class=\"elementor-post-date\">\n\t\t\t17\/05\/2020\t\t<\/span>\n\t\t\t\t<span class=\"elementor-post-time\">\n\t\t\t14:56\t\t<\/span>\n\t\t\t\t<\/div>\n\t\t\t\t\t<\/div>\n\t\t<\/article>\n\t\t\t\t<\/div>\n\t\t\n\t\t\t\t\t\t<\/div>\n\t\t\t\t<\/div>\n\t\t\t\t\t<\/div>\n\t\t<\/div>\n\t\t\t\t\t<\/div>\n\t\t<\/section>\n\t\t\t\t\t<\/div>\n\t\t<\/div>\n\t\t\t\t\t<\/div>\n\t\t<\/section>\n\t\t\t\t<\/div>\n\t\t","protected":false},"excerpt":{"rendered":"<p>CONECTE-SE COM A ARMENIDADE APOIO PARA NOSSOS IRM\u00c3OS CAMPANHAS Apoio Comunit\u00e1rio A UGAB, por meio de sua rede global presente em 31 pa\u00edses, possui campanhas globais acontecendo de acordo com as urg\u00eancias e necessidades das nossas comunidades arm\u00eanias pelo mundo. Saiba agora mesmo, navegando nos links abaixo, quais s\u00e3o as campanhas atuais, bem como foram as passadas. Doe agora e fa\u00e7a a diferen\u00e7a na vida de v\u00e1rias pessoas.<\/p>\n","protected":false},"author":1,"featured_media":0,"parent":0,"menu_order":0,"comment_status":"closed","ping_status":"closed","template":"","meta":{"_joinchat":[],"footnotes":""},"class_list":["post-968","page","type-page","status-publish","hentry"],"_links":{"self":[{"href":"https:\/\/ugab.org.br\/site\/wp-json\/wp\/v2\/pages\/968","targetHints":{"allow":["GET"]}}],"collection":[{"href":"https:\/\/ugab.org.br\/site\/wp-json\/wp\/v2\/pages"}],"about":[{"href":"https:\/\/ugab.org.br\/site\/wp-json\/wp\/v2\/types\/page"}],"author":[{"embeddable":true,"href":"https:\/\/ugab.org.br\/site\/wp-json\/wp\/v2\/users\/1"}],"replies":[{"embeddable":true,"href":"https:\/\/ugab.org.br\/site\/wp-json\/wp\/v2\/comments?post=968"}],"version-history":[{"count":17,"href":"https:\/\/ugab.org.br\/site\/wp-json\/wp\/v2\/pages\/968\/revisions"}],"predecessor-version":[{"id":1140,"href":"https:\/\/ugab.org.br\/site\/wp-json\/wp\/v2\/pages\/968\/revisions\/1140"}],"wp:attachment":[{"href":"https:\/\/ugab.org.br\/site\/wp-json\/wp\/v2\/media?parent=968"}],"curies":[{"name":"wp","href":"https:\/\/api.w.org\/{rel}","templated":true}]}}